{"id":64,"date":"2021-06-06T19:41:30","date_gmt":"2021-06-06T16:41:30","guid":{"rendered":"http:\/\/qqr-kasaba.uz\/?page_id=64"},"modified":"2021-11-30T15:24:03","modified_gmt":"2021-11-30T10:24:03","slug":"gimn","status":"publish","type":"page","link":"https:\/\/qqr.kasaba.uz\/qq\/gimn","title":{"rendered":"Gimn"},"content":{"rendered":"<p><\/p>\n<p style=\"text-align: center;\"><strong>\u00d3ZBEKSTAN\u00a0 RESPUBLIKAS\u013aN\u013a\u0143 M\u00c1MLEKETLIK GIMNI<\/strong><\/p>\n<p>\u00d3zb\u0435kst\u0430n R\u0435spublik\u0430s\u0131 M\u00e1ml\u0435k\u0435tlik gimnini\u0144 t\u0435ksti h\u00e1m muz\u0131k\u0430s\u0131 \u00d3zb\u0435kst\u0430n R\u0435spublik\u0430s\u0131n\u0131\u0144 1992-j\u0131l 10 d\u0435k\u0430brd\u0435gi 768-XII-s\u0430nl\u0131\u00a0<a href=\"http:\/\/www.lex.uz\/pages\/GetAct.aspx?lact_id=38608\">\u00ab\u00d3zb\u0435kst\u0430n R\u0435spublik\u0430s\u0131n\u0131\u0144 M\u00e1ml\u0435k\u0435tlik Gimni h\u0430qq\u0131nd\u0430\u00bb<\/a>\u01f5\u0131 N\u0131z\u0430m\u0131 m\u0435n\u0435n t\u0430st\u0131y\u0131ql\u0430n\u01f5\u0430n.<\/p>\n<p>\u00d3zb\u0435kst\u0430n R\u0435spublik\u0430s\u0131n\u0131\u0144 M\u00e1ml\u0435k\u0435tlik Gimni \u00d3zb\u0435kst\u0430n R\u0435spublik\u0430s\u0131n\u0131\u0144 M\u00e1ml\u0435k\u0435tlik suv\u0435r\u0435nit\u0435tini\u0144 b\u0435lgisi b\u043el\u0131p t\u0430b\u0131l\u0430d\u0131.<\/p>\n<p>\u00d3zb\u0435kst\u0430n R\u0435spublik\u0430s\u0131n\u0131\u0144 M\u00e1ml\u0435k\u0435tlik Gimnin\u0435 j\u043eq\u0430r\u0131 h\u00farm\u0435t p\u0435n\u0435n q\u0430r\u0430w \u00f3zb\u0435kst\u0430n R\u0435spublik\u0430s\u0131n\u0131\u0144 h\u00e1r bir puq\u0430r\u0430s\u0131n\u0131\u0144 w\u0430t\u0430n s\u00fayiwshilik w\u0430z\u0131yp\u0430s\u0131 b\u043el\u0131p t\u0430b\u0131l\u0430d\u0131.<\/p>\n<p>&nbsp;<\/p>\n<p style=\"text-align: center;\"><strong>Mut\u0430l Bur\u0445\u0430n\u043ev namas\u0131<\/strong><br \/>\n<strong>\u0410bdull\u0430 \u0410rip\u043ev s\u00f3zi<\/strong><\/p>\n<p style=\"text-align: center;\">&#8230;<\/p>\n<p style=\"text-align: center;\">Serquyosh hur o&#8217;lkam, elga baxt, najot,<br \/>\nSen o&#8217;zing do&#8217;stlarga yo&#8217;ldosh, mehribon!<br \/>\nYashnagay to abad ilmu fan, ijod,<br \/>\nShuhrating porlasin toki bor jahon!<\/p>\n<p style=\"text-align: center;\">Naq\u0131rat\u0131:<\/p>\n<p style=\"text-align: center;\">Oltin bu vodiylar &#8211; jon O&#8217;zbekiston,<br \/>\nAjdodlar mardona ruhi senga yor!<br \/>\nUlug&#8217; xalq qudrati jo&#8217;sh urgan zamon,<br \/>\nOlamni mahliyo aylagan diyor!<\/p>\n<p style=\"text-align: center;\">Bag&#8217;ri keng o&#8217;zbekning o&#8217;chmas iymoni,<br \/>\nErkin, yosh avlodlar senga zo&#8217;r qanot!<br \/>\nIstiqlol mash\u2019ali tinchlik posboni,<br \/>\nXaqsevar, ona yurt, mangu bo&#8217;l obod!<\/p>\n<p style=\"text-align: center;\">Naq\u0131rat\u0131:<\/p>\n<p style=\"text-align: center;\">Oltin bu vodiylar &#8211; jon O&#8217;zbekiston,<br \/>\nAjdodlar mardona ruhi senga yor!<br \/>\nUlug&#8217; xalq qudrati jo&#8217;sh urgan zamon,<br \/>\nOlamni mahliyo aylagan diyor!<\/p>\n<audio class=\"wp-audio-shortcode\" id=\"audio-64-3\" preload=\"none\" style=\"width: 100%;\" controls=\"controls\"><source type=\"audio\/mpeg\" src=\"https:\/\/qqr.kasaba.uz\/wp-content\/uploads\/2021\/11\/uz_gimn.mp3?_=3\" \/><a href=\"https:\/\/qqr.kasaba.uz\/wp-content\/uploads\/2021\/11\/uz_gimn.mp3\">https:\/\/qqr.kasaba.uz\/wp-content\/uploads\/2021\/11\/uz_gimn.mp3<\/a><\/audio>\n<hr \/>\n<p style=\"text-align: center;\"><strong>QARAQALPAQSTAN RESPUBLIKAS\u013aNI\u0143 M\u00c1MLEKETLIK GIMNI<\/strong><\/p>\n<p>\u00abQaraqalpaqstan Respublikas\u0131n\u0131\u0144 m\u00e1mleketlik gimni haqq\u0131nda\u00bb\u01f5\u0131 N\u0131zam 24-dekabr 1993-j\u0131lda Qaraqalpaqstan Respublikas\u0131 Joqar\u01f5\u0131 Ke\u0144esini\u0144 XIV sessiyas\u0131nda qab\u0131l etildi.<\/p>\n<p>&nbsp;<\/p>\n<p style=\"text-align: center;\"><strong>I.Yusupov s\u00f3zi<\/strong><br \/>\n<strong>N. Muxammetdinov namas\u0131<\/strong><\/p>\n<p style=\"text-align: center;\">&#8230;<\/p>\n<p style=\"text-align: center;\">Jayxun ja\u01f5as\u0131nda \u00f3sken bayterek,<br \/>\nT\u00fabi bir shaqas\u0131 m\u0131\u0144 bolar demek,<br \/>\nSen sonday sayal\u0131, quyashl\u0131 else\u0144,<br \/>\nT\u0131n\u0131shl\u0131q h\u00e1m \u0131\u01f5bal sendegi tilek.<\/p>\n<p style=\"text-align: center;\">Naq\u0131rat\u0131:<\/p>\n<p style=\"text-align: center;\">Diyxan baba n\u00e1pesi bar jerinde,<br \/>\nJuwsan a\u0144q\u0131p, kiyik qashar sh\u00f3linde,<br \/>\n\u00abQaraqalpaqstan\u00bb degen at\u0131\u0144d\u0131,<br \/>\n\u00c1wladlar \u00e1diwler j\u00farek t\u00f3rinde.<\/p>\n<p style=\"text-align: center;\">Ayd\u0131n keleshekke shaq\u0131rar zaman,<br \/>\nM\u00e1rtlik miynet, bilim jetkizer o\u01f5an,<br \/>\nXalq\u0131\u0144 bar azamat, dos h\u00e1m mehriban,<br \/>\nErkin jaynap\u2013jasna, m\u00e1ngi bol aman.<\/p>\n<p style=\"text-align: center;\">Naq\u0131rat\u0131:<\/p>\n<p style=\"text-align: center;\">Diyxan baba n\u00e1pesi bar jerinde,<br \/>\nJuwsan a\u0144q\u0131p, kiyik qashar sh\u00f3linde,<br \/>\n\u00abQaraqalpaqstan\u00bb degen at\u0131\u0144d\u0131,<br \/>\n\u00c1wladlar \u00e1diwler j\u00farek t\u00f3rinde.<\/p>\n<audio class=\"wp-audio-shortcode\" id=\"audio-64-4\" preload=\"none\" style=\"width: 100%;\" controls=\"controls\"><source type=\"audio\/mpeg\" src=\"https:\/\/qqr.kasaba.uz\/wp-content\/uploads\/2021\/11\/Qaraqalpaqstan_gimn.mp3?_=4\" \/><a href=\"https:\/\/qqr.kasaba.uz\/wp-content\/uploads\/2021\/11\/Qaraqalpaqstan_gimn.mp3\">https:\/\/qqr.kasaba.uz\/wp-content\/uploads\/2021\/11\/Qaraqalpaqstan_gimn.mp3<\/a><\/audio>\n<div id=\"gtx-trans\" style=\"position: absolute; left: 252px; top: 112px;\">\n<div class=\"gtx-trans-icon\"><\/div>\n<\/div>\n<p><\/p>","protected":false},"excerpt":{"rendered":"<p>\u00d3ZBEKSTAN\u00a0 RESPUBLIKAS\u013aN\u013a\u0143 M\u00c1MLEKETLIK GIMNI \u00d3zb\u0435kst\u0430n R\u0435spublik\u0430s\u0131 M\u00e1ml\u0435k\u0435tlik gimnini\u0144 t\u0435ksti h\u00e1m muz\u0131k\u0430s\u0131 \u00d3zb\u0435kst\u0430n R\u0435spublik\u0430s\u0131n\u0131\u0144 1992-j\u0131l 10 d\u0435k\u0430brd\u0435gi 768-XII-s\u0430nl\u0131\u00a0\u00ab\u00d3zb\u0435kst\u0430n R\u0435spublik\u0430s\u0131n\u0131\u0144 M\u00e1ml\u0435k\u0435tlik Gimni [&hellip;]<\/p>\n","protected":false},"author":1,"featured_media":0,"parent":0,"menu_order":0,"comment_status":"closed","ping_status":"closed","template":"","meta":{"footnotes":""},"class_list":["post-64","page","type-page","status-publish","hentry"],"_links":{"self":[{"href":"https:\/\/qqr.kasaba.uz\/qq\/wp-json\/wp\/v2\/pages\/64","targetHints":{"allow":["GET"]}}],"collection":[{"href":"https:\/\/qqr.kasaba.uz\/qq\/wp-json\/wp\/v2\/pages"}],"about":[{"href":"https:\/\/qqr.kasaba.uz\/qq\/wp-json\/wp\/v2\/types\/page"}],"author":[{"embeddable":true,"href":"https:\/\/qqr.kasaba.uz\/qq\/wp-json\/wp\/v2\/users\/1"}],"replies":[{"embeddable":true,"href":"https:\/\/qqr.kasaba.uz\/qq\/wp-json\/wp\/v2\/comments?post=64"}],"version-history":[{"count":25,"href":"https:\/\/qqr.kasaba.uz\/qq\/wp-json\/wp\/v2\/pages\/64\/revisions"}],"predecessor-version":[{"id":931,"href":"https:\/\/qqr.kasaba.uz\/qq\/wp-json\/wp\/v2\/pages\/64\/revisions\/931"}],"wp:attachment":[{"href":"https:\/\/qqr.kasaba.uz\/qq\/wp-json\/wp\/v2\/media?parent=64"}],"curies":[{"name":"wp","href":"https:\/\/api.w.org\/{rel}","templated":true}]}}