{"id":62,"date":"2021-06-06T19:41:09","date_gmt":"2021-06-06T16:41:09","guid":{"rendered":"http:\/\/qqr-kasaba.uz\/?page_id=62"},"modified":"2021-09-08T18:47:03","modified_gmt":"2021-09-08T13:47:03","slug":"gerb","status":"publish","type":"page","link":"https:\/\/qqr.kasaba.uz\/qq\/gerb","title":{"rendered":"Gerb"},"content":{"rendered":"<p><\/p>\n<p style=\"text-align: center;\"><b>\u00d3ZBEKSTAN RESPUBLIKAS\u00cdN\u00cd\u0143 M\u00c1MLEKETLIK GERBI<\/b><\/p>\n<p><img loading=\"lazy\" decoding=\"async\" class=\"aligncenter wp-image-601\" src=\"https:\/\/qqr.kasaba.uz\/wp-content\/uploads\/2021\/09\/gerb_uzbekistana-1.png\" alt=\"\" width=\"250\" height=\"125\" \/><\/p>\n<p>M\u00e1mleketlik gerb \u00d3zbekstan Respublikas\u0131n\u0131\u0144 1992-j\u0131l 2-iyulda\u01f5\u0131 616 -XII-sanl\u0131 <a href=\"http:\/\/www.lex.uz\/pages\/GetAct.aspx?lact_id=17260\">\u00ab\u00d3zbekstan Respublikas\u0131 M\u00e1mleketlik gerbi haqq\u0131nda\u00bb<\/a>\u01f5\u0131 N\u0131zam\u0131 menen tast\u0131y\u0131qlan\u01f5an.<\/p>\n<p>\u00d3zbekstan Respublikas\u0131n\u0131\u0144 M\u00e1mleketlik gerbi t\u00f3mendegi k\u00f3riniske iye: tawlar, d\u00e1ryalar h\u00e1m sol t\u00e1repi biyday masaqlar\u0131nan, o\u0144\u0131 bolsa paxtan\u0131\u0144 \u01f5\u00f3rekleri ash\u0131l\u01f5an \u01f5oza shaqalar\u0131nan ibarat d\u00e1stege oral\u01f5an g\u00fallengen oypatl\u0131q boylap quyash alt\u0131n nurlar\u0131n tarat\u0131p turad\u0131. Gerbti\u0144 joqar\u0131 b\u00f3leginde Respublika k\u00f3rk h\u00e1m sh\u0131ray\u0131n\u0131\u0144 belgisi s\u0131pat\u0131nda segizm\u00fayesh s\u00fawretlengen bol\u0131p, on\u0131\u0144 ishki b\u00f3leginde yar\u0131m ay h\u00e1m juld\u0131z suwretlengen. Gerbti\u0144 oray\u0131nda bax\u0131t h\u00e1m \u01f5\u00e1rezsizlikti\u0144 simvol\u0131 \u2014 qanatlar\u0131n jay\u01f5an Qumay qus\u0131 suwretlengen. Gerbti\u0144 t\u00f3mengi b\u00f3leginde \u00d3zbekstan Respublikas\u0131n\u0131\u0144 M\u00e1mleketlik bayra\u01f5\u0131n a\u0144lat\u0131wsh\u0131 d\u00e1stelengen lenta\u01f5a \u00ab\u00d3zbekstan\u00bb dep jaz\u0131p qoy\u0131l\u01f5an.<\/p>\n<p>\u00d3zbekstan Respublikas\u0131 M\u00e1mleketlik gerbini\u0144 re\u0144li k\u00f3rinisinde: Qumay qus\u0131 h\u00e1m d\u00e1ryalar \u2014 g\u00famis re\u0144inde; quyash, masaqlar, paxta h\u00e1m paxta \u01f5\u00f3rekleri h\u00e1m \u00ab\u00d3zbekstan\u00bb jaz\u0131w\u0131 \u2014 alt\u0131n re\u0144inde; \u01f5oza shaqalar\u0131 h\u00e1m jap\u0131raqlar\u0131, tawlar h\u00e1m oypatl\u0131q \u2014 jas\u0131l re\u0144de; paxta \u01f5\u00f3reklerindegi paxta \u2014 aq re\u0144de; lenta \u2014 \u00d3zbekstan Respublikas\u0131 M\u00e1mleketlik bayra\u01f5\u0131n\u0131\u0144 re\u0144lerin s\u00e1wlelendiriwshi \u00fash q\u0131yl\u0131 re\u0144de; segizm\u00fayesh \u2014 alt\u0131n menen jiyeklengen halda, hawa re\u0144de yar\u0131m ay h\u00e1m juld\u0131zlar \u2014 aq re\u0144inde suwretlengen.<\/p>\n<hr \/>\n<p style=\"text-align: center;\"><b>QARAQALPAQSTAN RESPUBLIKAS\u00cdN\u00cd\u0143 M\u00c1MLEKETLIK GERBI<\/b><\/p>\n<p><img loading=\"lazy\" decoding=\"async\" class=\"aligncenter wp-image-600\" src=\"https:\/\/qqr.kasaba.uz\/wp-content\/uploads\/2021\/09\/gerb_rk.png\" alt=\"\" width=\"250\" height=\"125\" \/><\/p>\n<p>\u00abQaraqalpaqstan Respublikas\u0131n\u0131\u0144 M\u00e1mleketlik gerbi haqq\u0131nda\u00bb\u01f5\u0131 N\u0131zam 1993-j\u0131l 9-aprelde Qaraqalpaqstan Respublikas\u0131 Joqar\u01f5\u0131 Ke\u0144esini\u0144 XII sessiyas\u0131nda qab\u0131lland\u0131.<\/p>\n<p>Qaraqalpaqstan Respublikas\u0131n\u0131\u0144 M\u00e1mleketlik gerbi Qaraqalpaqstan Respublikas\u0131n\u0131\u0144 suverenli m\u00e1mleketlik ekenin a\u0144latad\u0131.<\/p>\n<p>Qaraqalpaqstan Respublikas\u0131n\u0131\u0144 M\u00e1mleketlik gerbi \u2013 \u00f3zinde o\u0144\u0131 sal\u0131 masaqlar\u0131nan, sol t\u00e1repi ash\u0131l\u01f5an paxta, paxtan\u0131\u0144 \u01f5\u00f3rekleri h\u00e1m taw art\u0131nan sh\u0131\u01f5\u0131p kiyat\u0131r\u01f5an quyasht\u0131, \u00c1miwd\u00e1rya\u00a0 h\u00e1m Aral m\u0131sal\u0131 bol\u01f5an d\u00e1rya h\u00e1m te\u0144iz s\u00fawretleri suwretlengen.<\/p>\n<p>Gerbti\u0144 joqar\u01f5\u0131 b\u00f3leginde segiz q\u0131rl\u0131 formada\u01f5\u0131 s\u00fawret bol\u0131p, ol xal\u0131qlar birligini\u0144, on\u0131\u0144 ishindegi yar\u0131m ay h\u00e1m juld\u0131z suwreti musulmanlard\u0131\u0144 muqaddes t\u0131msal\u0131 esaplanad\u0131. Gerbti\u0144 oray\u0131nda saq\u0131yl\u0131q, ull\u0131l\u0131q h\u00e1m belsendilik t\u0131msal\u0131 bol\u01f5an ta\u0144 qalarl\u0131qtay qumay qus\u0131 qanatlar\u0131n jay\u0131p tur. Qumay qus suwretini\u0144 art\u0131nda qaraqalpaq xalq\u0131n\u0131\u0144 tariyx\u0131y-m\u00e1deniy esteligi esaplan\u01f5an \u00abSh\u0131lp\u0131q\u00bb qor\u01f5an\u0131n\u0131\u0144, ya\u01f5n\u0131y xalq\u0131m\u0131zd\u0131\u0144 m\u00e1deniyat\u0131 menen tariyx\u0131 uzaq-uzaqlarga bar\u0131p taqalsa da b\u00e1rqulla nawq\u0131ran h\u00e1m erkinligini a\u0144lat\u0131wsh\u0131 qor\u01f5an s\u00fawretlengen.<\/p>\n<p>Gerbti\u0144 t\u00f3mengi b\u00f3leginde Respublika m\u00e1mleketlik bayra\u01f5\u0131n a\u0144lat\u0131wsh\u0131 d\u00e1stelengen lenta\u01f5a &raquo; Qaraqalpaqstan&raquo; dep jaz\u0131p qoy\u0131l\u01f5an.<\/p>\n<div id=\"gtx-trans\" style=\"position: absolute; left: 955px; top: 357.75px;\">\n<div class=\"gtx-trans-icon\"><\/div>\n<\/div>\n<p><\/p>","protected":false},"excerpt":{"rendered":"<p>\u00d3ZBEKSTAN RESPUBLIKAS\u00cdN\u00cd\u0143 M\u00c1MLEKETLIK GERBI M\u00e1mleketlik gerb \u00d3zbekstan Respublikas\u0131n\u0131\u0144 1992-j\u0131l 2-iyulda\u01f5\u0131 616 -XII-sanl\u0131 \u00ab\u00d3zbekstan Respublikas\u0131 M\u00e1mleketlik gerbi haqq\u0131nda\u00bb\u01f5\u0131 N\u0131zam\u0131 menen tast\u0131y\u0131qlan\u01f5an. [&hellip;]<\/p>\n","protected":false},"author":1,"featured_media":0,"parent":0,"menu_order":0,"comment_status":"closed","ping_status":"closed","template":"","meta":{"footnotes":""},"class_list":["post-62","page","type-page","status-publish","hentry"],"_links":{"self":[{"href":"https:\/\/qqr.kasaba.uz\/qq\/wp-json\/wp\/v2\/pages\/62","targetHints":{"allow":["GET"]}}],"collection":[{"href":"https:\/\/qqr.kasaba.uz\/qq\/wp-json\/wp\/v2\/pages"}],"about":[{"href":"https:\/\/qqr.kasaba.uz\/qq\/wp-json\/wp\/v2\/types\/page"}],"author":[{"embeddable":true,"href":"https:\/\/qqr.kasaba.uz\/qq\/wp-json\/wp\/v2\/users\/1"}],"replies":[{"embeddable":true,"href":"https:\/\/qqr.kasaba.uz\/qq\/wp-json\/wp\/v2\/comments?post=62"}],"version-history":[{"count":19,"href":"https:\/\/qqr.kasaba.uz\/qq\/wp-json\/wp\/v2\/pages\/62\/revisions"}],"predecessor-version":[{"id":649,"href":"https:\/\/qqr.kasaba.uz\/qq\/wp-json\/wp\/v2\/pages\/62\/revisions\/649"}],"wp:attachment":[{"href":"https:\/\/qqr.kasaba.uz\/qq\/wp-json\/wp\/v2\/media?parent=62"}],"curies":[{"name":"wp","href":"https:\/\/api.w.org\/{rel}","templated":true}]}}