{"id":60,"date":"2021-06-06T19:40:33","date_gmt":"2021-06-06T16:40:33","guid":{"rendered":"http:\/\/qqr-kasaba.uz\/?page_id=60"},"modified":"2021-09-08T18:17:40","modified_gmt":"2021-09-08T13:17:40","slug":"flag","status":"publish","type":"page","link":"https:\/\/qqr.kasaba.uz\/qq\/flag","title":{"rendered":"Bayraq"},"content":{"rendered":"<p><\/p>\n<p style=\"text-align: center;\"><strong>\u00d3ZBEKSTAN RESPUBLIKAS\u00cdN\u00cd\u0143 M\u00c1MLEKETLIK BAYRA\u01f4\u00cd<\/strong><\/p>\n<p><img loading=\"lazy\" decoding=\"async\" class=\"aligncenter wp-image-601\" src=\"https:\/\/qqr.kasaba.uz\/wp-content\/uploads\/2021\/09\/bayroq_uz-300x150.gif\" alt=\"\" width=\"400\" height=\"200\" \/><br \/>\nM\u00e1mleketlik bayraq \u00d3zbekstan Respublikas\u0131n\u0131\u0144 1991-j\u0131l 18-noyabrdegi 407-XII-sanl\u0131 \u00ab\u00d3zbekstan Respublikas\u0131n\u0131\u0144 M\u00e1mleketlik bayra\u01f5\u0131 haqq\u0131nda\u00bb\u01f5\u0131 N\u0131zam\u0131 menen tast\u0131y\u0131qlan\u01f5an.<\/p>\n<p>\u00d3zbekstan Respublikas\u0131n\u0131\u0144 M\u00e1mleketlik bayra\u01f5\u0131 \u00d3zbekistan Respublikas\u0131 m\u00e1mleketlik suverenitetini\u0144 belgisi bol\u0131p tab\u0131lad\u0131.<\/p>\n<p>\u00d3zbekstan Respublikas\u0131 M\u00e1mleketlik bayra\u01f5\u0131 xal\u0131q aral\u0131q qatnas\u0131qlarda \u00d3zbekstan Respublikas\u0131n\u0131\u0144 t\u0131msal\u0131 esaplanad\u0131.<\/p>\n<p>\u00d3zbekstan Respublikas\u0131n\u0131\u0144 M\u00e1mleketlik bayra\u01f5\u0131 \u2014 bayraqt\u0131\u0144 p\u00fatin uz\u0131nl\u0131\u01f5\u0131 boylap \u00f3tken taw sar\u01f5\u0131sh re\u0144, aq re\u0144 h\u00e1m toy\u01f5\u0131n jas\u0131l re\u0144li \u00fash enine tart\u0131l\u01f5an tuwr\u0131 t\u00f3rtm\u00fayeshlik formas\u0131nda\u01f5\u0131 gezleme bol\u0131p tab\u0131lad\u0131.<\/p>\n<hr \/>\n<p style=\"text-align: center;\"><strong>QARAQALPAQSTAN RESPUBLIKAS\u00cdN\u00cd\u0143 M\u00c1MLEKETLIK BAYRA\u01f4\u00cd<\/strong><\/p>\n<p><img loading=\"lazy\" decoding=\"async\" class=\"wp-image-600 aligncenter\" src=\"https:\/\/qqr.kasaba.uz\/wp-content\/uploads\/2021\/09\/qq_flag-300x150.jpg\" alt=\"\" width=\"400\" height=\"200\" srcset=\"https:\/\/qqr.kasaba.uz\/wp-content\/uploads\/2021\/09\/qq_flag-300x150.jpg 300w, https:\/\/qqr.kasaba.uz\/wp-content\/uploads\/2021\/09\/qq_flag.jpg 500w\" sizes=\"auto, (max-width: 400px) 100vw, 400px\" \/><\/p>\n<p>Qaraqalpaqstan Respublikas\u0131n\u0131\u0144 m\u00e1mleketlik bayra\u01f5\u0131 Qaraqalpaqstan Respublikas\u0131n\u0131\u0144 m\u00e1mleketlik suverenligini\u0144 simvol\u0131 bol\u0131p tab\u0131lad\u0131.<\/p>\n<p><strong>Qaraqalpaqstan Respublikas\u0131n\u0131\u0144 m\u00e1mleketlik bayra\u01f5\u0131:<\/strong><\/p>\n<p>Qaraqalpaqstan Respublikas\u0131 ayma\u01f5\u0131nda \u00f3tkeriletu\u01f5\u0131n xal\u0131q aral\u0131q konferenciyalarda, k\u00f3rgizbelerde, sport jar\u0131slar\u0131nda Qaraqalpaqstan Respublikas\u0131n tan\u0131tad\u0131. Qaraqalpaqstan Respublikas\u0131n\u0131\u0144 m\u00e1mleketlik bayra\u01f5\u0131 tuwr\u0131 m\u00fayeshli borlat bol\u0131p, ol aspan k\u00f3k, toy\u01f5\u0131n sar\u0131 h\u00e1m jas\u0131l re\u0144lerdi\u0144 \u00fash gorizontal jolaqlar\u0131nan ibarat. Toy\u01f5\u0131n sar\u0131 re\u0144ini\u0144 jola\u01f5\u0131n aq h\u00e1m q\u0131z\u0131l jiyekler menen aj\u0131rat\u0131p turad\u0131.<\/p>\n<p>-\u00d3zbekstan Respublikas\u0131n\u0131\u0144 h\u00e1m Qaraqalpaqstan Respublikas\u0131n\u0131\u0144 n\u0131zamlar\u0131 menen belgilengen bayram k\u00fanlerinde;<\/p>\n<p>-Qaraqalpaqstan Respublikas\u0131 Ministrler Ke\u0144esini\u0144, rayon h\u00e1m qala h\u00e1kimlerini\u0144 qararlar\u0131 menen belgilengen orayl\u0131q k\u00f3shelerde, maydanlarda, basqa da j\u00e1miyetlik or\u0131nlarda h\u00e1m obektlerinde;<\/p>\n<p>-\u00d3zbekstan Respublikas\u0131n\u0131\u0144 Prezidenti saylaw\u0131, \u00d3zbekstan Respublikas\u0131 Oliy Majlisini\u0144 N\u0131zamsh\u0131l\u0131q palatas\u0131 deputatlar\u0131n, Senat a\u01f5zalar\u0131n, Qaraqalpaqstan Respublikas\u0131 Joqar\u01f5\u0131 Ke\u0144esi deputatlar\u0131n\u0131\u0144, xal\u0131q deputatlar\u0131 rayonl\u0131q, qalal\u0131q Ke\u0144eslerini\u0144 deputatlar\u0131n saylaw yamasa referendum k\u00fanleri daw\u0131s beriw imaratlar\u0131 h\u00e1m xanalarda k\u00f3teriledi;<\/p>\n<p>-Qaraqalpaqstan Respublikas\u0131 h\u00fakimetini\u0144 buyr\u0131\u01f5\u0131 boy\u0131nsha;<\/p>\n<p>-Sport maydanlar\u0131nda;<\/p>\n<p>-Qaraqalpaqstan Respublikas\u0131n\u0131\u0144 chempionatlar\u0131 h\u00e1m birinshilikleri, milliy sayland\u0131 komandalard\u0131\u0144 qatnas\u0131w\u0131nda Qaraqalpaqstan Respublikas\u0131 ayma\u01f5\u0131nda xal\u0131q aral\u0131q sport jar\u0131slar\u0131n \u00f3tkeriw waqt\u0131nda h\u00e1m milliy sayland\u0131 komandalar\u0131n\u0131\u0144 w\u00e1killeri bol\u01f5an jar\u0131s je\u0144impazlar\u0131n s\u0131yl\u0131qlaw m\u00e1resimleri waqt\u0131nda \u00d3zbekstan Respublikas\u0131 m\u00e1mleketlik bayra\u01f5\u0131 k\u00f3terilgennen keyin. Qaraqalpaqstan Respublikas\u0131n\u0131\u0144 m\u00e1mleketlik bayra\u01f5\u0131 o\u01f5an bol\u01f5an tiyisli d\u00e1rejedegi h\u00farmet t\u00e1miyinlengen halda ul\u0131wmal\u0131q bayramlar h\u00e1m saltanatl\u0131 m\u00e1resimler waqt\u0131nda k\u00f3teriliwi m\u00famkin. Qaraqalpaqstan Respublikas\u0131n\u0131\u0144 m\u00e1mleketlik bayra\u01f5\u0131 menen bir waq\u0131tta bir neshe m\u00e1mleketler h\u00e1m (yamasa) xal\u0131q aral\u0131q sh\u00f3lkemlerdi\u0144 bayraqlar\u0131 k\u00f3terilgende Qaraqalpaqstan Respublikas\u0131n\u0131\u0144 m\u00e1mleketlik bayra\u01f5\u0131 xal\u0131q aral\u0131q huq\u0131q normalar\u0131na muwap\u0131q k\u00f3teriledi. Qaraqalpaqstan Respublikas\u0131n\u0131\u0144 puqaralar\u0131, sonday-aq, Qaraqalpaqstanda\u01f5\u0131 basqa da adamlar Qaraqalpaqstan Respublikas\u0131n\u0131\u0144 m\u00e1mleketlik bayra\u01f5\u0131n h\u00farmetlewi sh\u00e1rt!<\/p>","protected":false},"excerpt":{"rendered":"<p>\u00d3ZBEKSTAN RESPUBLIKAS\u00cdN\u00cd\u0143 M\u00c1MLEKETLIK BAYRA\u01f4\u00cd M\u00e1mleketlik bayraq \u00d3zbekstan Respublikas\u0131n\u0131\u0144 1991-j\u0131l 18-noyabrdegi 407-XII-sanl\u0131 \u00ab\u00d3zbekstan Respublikas\u0131n\u0131\u0144 M\u00e1mleketlik bayra\u01f5\u0131 haqq\u0131nda\u00bb\u01f5\u0131 N\u0131zam\u0131 menen tast\u0131y\u0131qlan\u01f5an. \u00d3zbekstan [&hellip;]<\/p>\n","protected":false},"author":1,"featured_media":0,"parent":0,"menu_order":0,"comment_status":"closed","ping_status":"closed","template":"","meta":{"footnotes":""},"class_list":["post-60","page","type-page","status-publish","hentry"],"_links":{"self":[{"href":"https:\/\/qqr.kasaba.uz\/qq\/wp-json\/wp\/v2\/pages\/60","targetHints":{"allow":["GET"]}}],"collection":[{"href":"https:\/\/qqr.kasaba.uz\/qq\/wp-json\/wp\/v2\/pages"}],"about":[{"href":"https:\/\/qqr.kasaba.uz\/qq\/wp-json\/wp\/v2\/types\/page"}],"author":[{"embeddable":true,"href":"https:\/\/qqr.kasaba.uz\/qq\/wp-json\/wp\/v2\/users\/1"}],"replies":[{"embeddable":true,"href":"https:\/\/qqr.kasaba.uz\/qq\/wp-json\/wp\/v2\/comments?post=60"}],"version-history":[{"count":28,"href":"https:\/\/qqr.kasaba.uz\/qq\/wp-json\/wp\/v2\/pages\/60\/revisions"}],"predecessor-version":[{"id":628,"href":"https:\/\/qqr.kasaba.uz\/qq\/wp-json\/wp\/v2\/pages\/60\/revisions\/628"}],"wp:attachment":[{"href":"https:\/\/qqr.kasaba.uz\/qq\/wp-json\/wp\/v2\/media?parent=60"}],"curies":[{"name":"wp","href":"https:\/\/api.w.org\/{rel}","templated":true}]}}