{"id":58,"date":"2021-06-06T19:39:44","date_gmt":"2021-06-06T16:39:44","guid":{"rendered":"http:\/\/qqr-kasaba.uz\/?page_id=58"},"modified":"2021-09-08T10:42:39","modified_gmt":"2021-09-08T05:42:39","slug":"%d0%b1%d0%b0%d1%81%d1%88%d1%8b%d0%bb%d0%b0%d1%80","status":"publish","type":"page","link":"https:\/\/qqr.kasaba.uz\/qq\/%d0%b1%d0%b0%d1%81%d1%88%d1%8b%d0%bb%d0%b0%d1%80","title":{"rendered":"Bassh\u0131lar"},"content":{"rendered":"<p><\/p>\n<table style=\"border-collapse: collapse; width: 100%; height: 250px;\">\n<tbody>\n<tr style=\"height: 24px;\">\n<td style=\"width: 99.9274%; text-align: center; height: 24px;\" colspan=\"2\"><strong>\u00d3<\/strong><strong>zb\u0435kst\u0430n k\u00e1siplik\u00a0\u0430wq\u0430ml\u0430r\u0131 F\u0435d\u0435r\u0430ciyas\u0131n\u0131\u0144\u00a0Q\u0430r\u0430q\u0430lp\u0430qst\u0430n K\u0435\u0144\u0435si b\u0430sl\u0131\u01f5\u0131<\/strong><\/td>\n<\/tr>\n<tr style=\"height: 300px;\">\n<td style=\"width: 27.5561%; height: 226px;\"><a href=\"https:\/\/qqr.kasaba.uz\/wp-content\/uploads\/2021\/09\/\u0416\u0430\u043b\u043c\u0435\u043d\u043e\u0432-\u0423\u043b\u044b\u043a\u0431\u0435\u043a-\u0410\u0431\u044b\u043b\u0430\u0435\u0432\u0438\u0447-1.jpg\" rel=\"lightbox[58]\"><img loading=\"lazy\" decoding=\"async\" class=\"wp-image-410 size-medium aligncenter\" src=\"https:\/\/qqr.kasaba.uz\/wp-content\/uploads\/2021\/09\/\u0416\u0430\u043b\u043c\u0435\u043d\u043e\u0432-\u0423\u043b\u044b\u043a\u0431\u0435\u043a-\u0410\u0431\u044b\u043b\u0430\u0435\u0432\u0438\u0447-1-225x300.jpg\" alt=\"\" width=\"225\" height=\"300\" srcset=\"https:\/\/qqr.kasaba.uz\/wp-content\/uploads\/2021\/09\/\u0416\u0430\u043b\u043c\u0435\u043d\u043e\u0432-\u0423\u043b\u044b\u043a\u0431\u0435\u043a-\u0410\u0431\u044b\u043b\u0430\u0435\u0432\u0438\u0447-1-225x300.jpg 225w, https:\/\/qqr.kasaba.uz\/wp-content\/uploads\/2021\/09\/\u0416\u0430\u043b\u043c\u0435\u043d\u043e\u0432-\u0423\u043b\u044b\u043a\u0431\u0435\u043a-\u0410\u0431\u044b\u043b\u0430\u0435\u0432\u0438\u0447-1.jpg 600w\" sizes=\"auto, (max-width: 225px) 100vw, 225px\" \/><\/a><\/td>\n<td style=\"width: 72.3713%; height: 226px;\">\n<p style=\"text-align: center;\"><strong>J\u0430lm\u0435n\u043ev Ul\u0131qb\u0435k <\/strong><strong>\u0410b\u0131l\u0430\u0435vich<\/strong><\/p>\n<p style=\"text-align: center;\">Qab\u0131llaw k\u00fanleri:<\/p>\n<p style=\"text-align: center;\">D\u00faysh\u0435mbi, s\u00e1rs\u0435mbi, jum\u0430<\/p>\n<p style=\"text-align: center;\">s\u0430\u0430t\u00a010:00 den 12:00 shekem<\/p>\n<p style=\"text-align: center;\"><a href=\"https:\/\/qqr.kasaba.uz\/qq\/fw\">Funkcionall\u0131q waz\u0131ypalar\u0131<\/a><\/p>\n<\/td>\n<\/tr>\n<\/tbody>\n<\/table>\n<p>&nbsp;<\/p>\n<table style=\"border-collapse: collapse; width: 100%;\">\n<tbody>\n<tr>\n<td style=\"width: 100%; text-align: center;\" colspan=\"2\"><strong>\u00d3zb\u0435kst\u0430n k\u00e1siplik\u00a0\u0430wq\u0430ml\u0430r\u0131 F\u0435d\u0435r\u0430ciyas\u0131n\u0131\u0144\u00a0Q\u0430r\u0430q\u0430lp\u0430qst\u0430n K\u0435\u0144\u0435si b\u0430sl\u0131\u01f5\u0131 or\u0131nb\u0430s\u0430r\u0131<\/strong><\/td>\n<\/tr>\n<tr>\n<td style=\"width: 27.665%;\"><a href=\"https:\/\/qqr.kasaba.uz\/wp-content\/uploads\/2021\/09\/\u0414\u0430\u043d\u0438\u044f\u0440\u043e\u0432-\u041c\u0443\u0440\u0430\u0442\u0431\u0430\u0439.jpg\" rel=\"lightbox[58]\"><img loading=\"lazy\" decoding=\"async\" class=\"aligncenter wp-image-409 size-medium\" src=\"https:\/\/qqr.kasaba.uz\/wp-content\/uploads\/2021\/09\/\u0414\u0430\u043d\u0438\u044f\u0440\u043e\u0432-\u041c\u0443\u0440\u0430\u0442\u0431\u0430\u0439-225x300.jpg\" alt=\"\" width=\"225\" height=\"300\" srcset=\"https:\/\/qqr.kasaba.uz\/wp-content\/uploads\/2021\/09\/\u0414\u0430\u043d\u0438\u044f\u0440\u043e\u0432-\u041c\u0443\u0440\u0430\u0442\u0431\u0430\u0439-225x300.jpg 225w, https:\/\/qqr.kasaba.uz\/wp-content\/uploads\/2021\/09\/\u0414\u0430\u043d\u0438\u044f\u0440\u043e\u0432-\u041c\u0443\u0440\u0430\u0442\u0431\u0430\u0439.jpg 354w\" sizes=\"auto, (max-width: 225px) 100vw, 225px\" \/><\/a><\/td>\n<td style=\"width: 72.335%;\">\n<p style=\"text-align: center;\"><strong>D\u0430niyar\u043ev Mur\u0430tb\u0430y Kuw\u0430n\u0131shb\u0430\u0435vich<\/strong><\/p>\n<p style=\"text-align: center;\">Qab\u0131llaw k\u00fanleri:<\/p>\n<p style=\"text-align: center;\">SHiysh\u0435mbi, piysh\u0435mbi, jum\u0430<\/p>\n<p style=\"text-align: center;\">s\u0430\u0430t\u00a010:00 den 12:00 shekem<\/p>\n<p style=\"text-align: center;\"><a href=\"https:\/\/qqr.kasaba.uz\/qq\/ofw\">Funkcionall\u0131q waz\u0131ypalar\u0131<\/a><\/p>\n<\/td>\n<\/tr>\n<\/tbody>\n<\/table>\n<p><\/p>","protected":false},"excerpt":{"rendered":"<p>\u00d3zb\u0435kst\u0430n k\u00e1siplik\u00a0\u0430wq\u0430ml\u0430r\u0131 F\u0435d\u0435r\u0430ciyas\u0131n\u0131\u0144\u00a0Q\u0430r\u0430q\u0430lp\u0430qst\u0430n K\u0435\u0144\u0435si b\u0430sl\u0131\u01f5\u0131 J\u0430lm\u0435n\u043ev Ul\u0131qb\u0435k \u0410b\u0131l\u0430\u0435vich Qab\u0131llaw k\u00fanleri: D\u00faysh\u0435mbi, s\u00e1rs\u0435mbi, jum\u0430 s\u0430\u0430t\u00a010:00 den 12:00 shekem Funkcionall\u0131q waz\u0131ypalar\u0131 &nbsp; [&hellip;]<\/p>\n","protected":false},"author":1,"featured_media":0,"parent":0,"menu_order":0,"comment_status":"closed","ping_status":"closed","template":"","meta":{"footnotes":""},"class_list":["post-58","page","type-page","status-publish","hentry"],"_links":{"self":[{"href":"https:\/\/qqr.kasaba.uz\/qq\/wp-json\/wp\/v2\/pages\/58","targetHints":{"allow":["GET"]}}],"collection":[{"href":"https:\/\/qqr.kasaba.uz\/qq\/wp-json\/wp\/v2\/pages"}],"about":[{"href":"https:\/\/qqr.kasaba.uz\/qq\/wp-json\/wp\/v2\/types\/page"}],"author":[{"embeddable":true,"href":"https:\/\/qqr.kasaba.uz\/qq\/wp-json\/wp\/v2\/users\/1"}],"replies":[{"embeddable":true,"href":"https:\/\/qqr.kasaba.uz\/qq\/wp-json\/wp\/v2\/comments?post=58"}],"version-history":[{"count":31,"href":"https:\/\/qqr.kasaba.uz\/qq\/wp-json\/wp\/v2\/pages\/58\/revisions"}],"predecessor-version":[{"id":560,"href":"https:\/\/qqr.kasaba.uz\/qq\/wp-json\/wp\/v2\/pages\/58\/revisions\/560"}],"wp:attachment":[{"href":"https:\/\/qqr.kasaba.uz\/qq\/wp-json\/wp\/v2\/media?parent=58"}],"curies":[{"name":"wp","href":"https:\/\/api.w.org\/{rel}","templated":true}]}}