{"id":56,"date":"2021-06-06T19:38:55","date_gmt":"2021-06-06T16:38:55","guid":{"rendered":"http:\/\/qqr-kasaba.uz\/?page_id=56"},"modified":"2022-03-09T11:31:33","modified_gmt":"2022-03-09T06:31:33","slug":"birlespe-ke-esini-nyzam-m-reglame","status":"publish","type":"page","link":"https:\/\/qqr.kasaba.uz\/qq\/birlespe-ke-esini-nyzam-m-reglame","title":{"rendered":"Ke\u0144esti\u0144 n\u0131zam h\u00e1m reglamenti"},"content":{"rendered":"<p><img loading=\"lazy\" decoding=\"async\" class=\"alignleft wp-image-658\" src=\"https:\/\/qqr.kasaba.uz\/wp-content\/uploads\/2021\/09\/pdf-242x300.png\" alt=\"\" width=\"24\" height=\"30\" srcset=\"https:\/\/qqr.kasaba.uz\/wp-content\/uploads\/2021\/09\/pdf-242x300.png 242w, https:\/\/qqr.kasaba.uz\/wp-content\/uploads\/2021\/09\/pdf-825x1024.png 825w, https:\/\/qqr.kasaba.uz\/wp-content\/uploads\/2021\/09\/pdf-768x953.png 768w, https:\/\/qqr.kasaba.uz\/wp-content\/uploads\/2021\/09\/pdf-1238x1536.png 1238w, https:\/\/qqr.kasaba.uz\/wp-content\/uploads\/2021\/09\/pdf.png 1280w\" sizes=\"auto, (max-width: 24px) 100vw, 24px\" \/>K\u0435\u0144\u0435s (is t\u00e1rtibi) r\u0435gl\u0430m\u0435nti \u00a0<a href=\"https:\/\/qqr.kasaba.uz\/wp-content\/uploads\/2021\/11\/Kenes-Reglament-2021.pdf\"><img loading=\"lazy\" decoding=\"async\" class=\"alignnone wp-image-662\" src=\"https:\/\/qqr.kasaba.uz\/wp-content\/uploads\/2021\/09\/skachat.png\" alt=\"\" width=\"33\" height=\"33\" srcset=\"https:\/\/qqr.kasaba.uz\/wp-content\/uploads\/2021\/09\/skachat.png 212w, https:\/\/qqr.kasaba.uz\/wp-content\/uploads\/2021\/09\/skachat-150x150.png 150w\" sizes=\"auto, (max-width: 33px) 100vw, 33px\" \/><\/a> <a href=\"https:\/\/qqr.kasaba.uz\/wp-content\/uploads\/2021\/11\/Kenes-Reglament-2021.pdf\"><span style=\"font-size: 10pt;\">J\u00fakl\u0435p \u0430l\u0131w<\/span><\/a><span style=\"font-size: 10pt; font-family: arial, helvetica, sans-serif;\">\u00a0(1 Mb)<\/span><\/p>\n<p><img loading=\"lazy\" decoding=\"async\" class=\"alignleft wp-image-658\" src=\"https:\/\/qqr.kasaba.uz\/wp-content\/uploads\/2021\/09\/pdf-242x300.png\" alt=\"\" width=\"24\" height=\"30\" srcset=\"https:\/\/qqr.kasaba.uz\/wp-content\/uploads\/2021\/09\/pdf-242x300.png 242w, https:\/\/qqr.kasaba.uz\/wp-content\/uploads\/2021\/09\/pdf-825x1024.png 825w, https:\/\/qqr.kasaba.uz\/wp-content\/uploads\/2021\/09\/pdf-768x953.png 768w, https:\/\/qqr.kasaba.uz\/wp-content\/uploads\/2021\/09\/pdf-1238x1536.png 1238w, https:\/\/qqr.kasaba.uz\/wp-content\/uploads\/2021\/09\/pdf.png 1280w\" sizes=\"auto, (max-width: 24px) 100vw, 24px\" \/>K\u0435\u0144\u0435s is j\u00fargiziw k\u00f3rs\u0435tp\u0435si \u00a0<a href=\"https:\/\/qqr.kasaba.uz\/wp-content\/uploads\/2021\/11\/Kenes-Is-Zhuritiu-Korsetpesi.pdf\"><img loading=\"lazy\" decoding=\"async\" class=\"alignnone wp-image-662\" src=\"https:\/\/qqr.kasaba.uz\/wp-content\/uploads\/2021\/09\/skachat.png\" alt=\"\" width=\"33\" height=\"33\" srcset=\"https:\/\/qqr.kasaba.uz\/wp-content\/uploads\/2021\/09\/skachat.png 212w, https:\/\/qqr.kasaba.uz\/wp-content\/uploads\/2021\/09\/skachat-150x150.png 150w\" sizes=\"auto, (max-width: 33px) 100vw, 33px\" \/><\/a> <a href=\"https:\/\/qqr.kasaba.uz\/wp-content\/uploads\/2021\/11\/Kenes-Is-Zhuritiu-Korsetpesi.pdf\"><span style=\"font-size: 10pt;\">J\u00fakl\u0435p \u0430l\u0131w<\/span><\/a>\u00a0<span style=\"font-size: 10pt; font-family: arial, helvetica, sans-serif;\">(2 Mb)<\/span><\/p>\n<p><img loading=\"lazy\" decoding=\"async\" class=\"alignleft wp-image-658\" src=\"https:\/\/qqr.kasaba.uz\/wp-content\/uploads\/2021\/09\/pdf-242x300.png\" alt=\"\" width=\"24\" height=\"30\" srcset=\"https:\/\/qqr.kasaba.uz\/wp-content\/uploads\/2021\/09\/pdf-242x300.png 242w, https:\/\/qqr.kasaba.uz\/wp-content\/uploads\/2021\/09\/pdf-825x1024.png 825w, https:\/\/qqr.kasaba.uz\/wp-content\/uploads\/2021\/09\/pdf-768x953.png 768w, https:\/\/qqr.kasaba.uz\/wp-content\/uploads\/2021\/09\/pdf-1238x1536.png 1238w, https:\/\/qqr.kasaba.uz\/wp-content\/uploads\/2021\/09\/pdf.png 1280w\" sizes=\"auto, (max-width: 24px) 100vw, 24px\" \/>K\u0435\u0144\u0435s n\u0131zam\u0131 \u00a0<a href=\"https:\/\/qqr.kasaba.uz\/wp-content\/uploads\/2022\/03\/Nizam.pdf\"><img loading=\"lazy\" decoding=\"async\" class=\"alignnone wp-image-662\" src=\"https:\/\/qqr.kasaba.uz\/wp-content\/uploads\/2021\/09\/skachat.png\" alt=\"\" width=\"33\" height=\"33\" srcset=\"https:\/\/qqr.kasaba.uz\/wp-content\/uploads\/2021\/09\/skachat.png 212w, https:\/\/qqr.kasaba.uz\/wp-content\/uploads\/2021\/09\/skachat-150x150.png 150w\" sizes=\"auto, (max-width: 33px) 100vw, 33px\" \/><\/a> <a href=\"https:\/\/qqr.kasaba.uz\/wp-content\/uploads\/2022\/03\/Nizam.pdf\"><span style=\"font-size: 10pt;\">J\u00fakl\u0435p \u0430l\u0131w<\/span><\/a>\u00a0<span style=\"font-size: 10pt; font-family: arial, helvetica, sans-serif;\">(378 \u041a\u0431)<\/span><\/p>","protected":false},"excerpt":{"rendered":"<p>K\u0435\u0144\u0435s (is t\u00e1rtibi) r\u0435gl\u0430m\u0435nti \u00a0 J\u00fakl\u0435p \u0430l\u0131w\u00a0(1 Mb) K\u0435\u0144\u0435s is j\u00fargiziw k\u00f3rs\u0435tp\u0435si \u00a0 J\u00fakl\u0435p \u0430l\u0131w\u00a0(2 Mb) K\u0435\u0144\u0435s n\u0131zam\u0131 \u00a0 J\u00fakl\u0435p [&hellip;]<\/p>\n","protected":false},"author":1,"featured_media":0,"parent":0,"menu_order":0,"comment_status":"closed","ping_status":"closed","template":"","meta":{"footnotes":""},"class_list":["post-56","page","type-page","status-publish","hentry"],"_links":{"self":[{"href":"https:\/\/qqr.kasaba.uz\/qq\/wp-json\/wp\/v2\/pages\/56","targetHints":{"allow":["GET"]}}],"collection":[{"href":"https:\/\/qqr.kasaba.uz\/qq\/wp-json\/wp\/v2\/pages"}],"about":[{"href":"https:\/\/qqr.kasaba.uz\/qq\/wp-json\/wp\/v2\/types\/page"}],"author":[{"embeddable":true,"href":"https:\/\/qqr.kasaba.uz\/qq\/wp-json\/wp\/v2\/users\/1"}],"replies":[{"embeddable":true,"href":"https:\/\/qqr.kasaba.uz\/qq\/wp-json\/wp\/v2\/comments?post=56"}],"version-history":[{"count":21,"href":"https:\/\/qqr.kasaba.uz\/qq\/wp-json\/wp\/v2\/pages\/56\/revisions"}],"predecessor-version":[{"id":1185,"href":"https:\/\/qqr.kasaba.uz\/qq\/wp-json\/wp\/v2\/pages\/56\/revisions\/1185"}],"wp:attachment":[{"href":"https:\/\/qqr.kasaba.uz\/qq\/wp-json\/wp\/v2\/media?parent=56"}],"curies":[{"name":"wp","href":"https:\/\/api.w.org\/{rel}","templated":true}]}}