{"id":52,"date":"2021-06-06T19:38:05","date_gmt":"2021-06-06T16:38:05","guid":{"rendered":"http:\/\/qqr-kasaba.uz\/?page_id=52"},"modified":"2021-09-07T14:07:06","modified_gmt":"2021-09-07T09:07:06","slug":"%d0%b1%d0%b8%d1%80%d0%bb%d0%b5%d1%81%d0%bf%d0%b5%d0%b3%d0%b5-%d2%9b%d0%b0%d1%80%d0%b0%d1%81%d0%bb%d0%b8-%d1%88%d3%a9%d0%bb%d0%ba%d0%b5%d0%bc%d0%bb%d0%b5%d1%80","status":"publish","type":"page","link":"https:\/\/qqr.kasaba.uz\/qq\/%d0%b1%d0%b8%d1%80%d0%bb%d0%b5%d1%81%d0%bf%d0%b5%d0%b3%d0%b5-%d2%9b%d0%b0%d1%80%d0%b0%d1%81%d0%bb%d0%b8-%d1%88%d3%a9%d0%bb%d0%ba%d0%b5%d0%bc%d0%bb%d0%b5%d1%80","title":{"rendered":"K\u0435\u0144\u0435sk\u0435 qarasli sh\u00f3lkemler"},"content":{"rendered":"<p><iframe loading=\"lazy\" style=\"border: 0;\" src=\"https:\/\/www.google.com\/maps\/embed?pb=!1m18!1m12!1m3!1d1056.3752893598135!2d61.056938139358046!3d41.5068638797541!2m3!1f0!2f0!3f0!3m2!1i1024!2i768!4f13.1!3m3!1m2!1s0x41e075ccb9b6de05%3A0x3dc82b086eea5616!2sLOCHIN%20bolalar%20oromgohi!5e0!3m2!1sru!2s!4v1630998320743!5m2!1sru!2s\" width=\"600\" height=\"450\" allowfullscreen=\"allowfullscreen\"><\/iframe><\/p>\n<p><span style=\"font-size: 18pt; color: #2163c4;\"><strong>\u00abLochin\u00bb balalar dem al\u0131w oray\u0131<\/strong><\/span><\/p>\n<p><span style=\"color: #2163c4;\">M\u00e1nzil:<\/span>\u00a0T\u00f3rtk\u00f3l rayon\u0131, Shoraxan APJ 2-b\u00f3lim<\/p>\n<p><span style=\"color: #2163c4;\">Telefon:<\/span> +99890 651-05-11<\/p>\n<p><span style=\"color: #2163c4;\">\u00abLochin\u00bb balalar dem al\u0131w oray\u0131 basl\u0131\u01f5\u0131:<\/span>\u00a0\u00a0Saburov Rashid Karimovich<\/p>\n<p><span style=\"color: #2163c4;\">e-mail:\u00a0<\/span>\u00a0<a href=\"mailto:nukus@kasaba.uz\">lochin_orom@mail.ru<\/a><\/p>","protected":false},"excerpt":{"rendered":"<p>\u00abLochin\u00bb balalar dem al\u0131w oray\u0131 M\u00e1nzil:\u00a0T\u00f3rtk\u00f3l rayon\u0131, Shoraxan APJ 2-b\u00f3lim Telefon: +99890 651-05-11 \u00abLochin\u00bb balalar dem al\u0131w oray\u0131 basl\u0131\u01f5\u0131:\u00a0\u00a0Saburov Rashid [&hellip;]<\/p>\n","protected":false},"author":1,"featured_media":0,"parent":0,"menu_order":0,"comment_status":"closed","ping_status":"closed","template":"","meta":{"footnotes":""},"class_list":["post-52","page","type-page","status-publish","hentry"],"_links":{"self":[{"href":"https:\/\/qqr.kasaba.uz\/qq\/wp-json\/wp\/v2\/pages\/52","targetHints":{"allow":["GET"]}}],"collection":[{"href":"https:\/\/qqr.kasaba.uz\/qq\/wp-json\/wp\/v2\/pages"}],"about":[{"href":"https:\/\/qqr.kasaba.uz\/qq\/wp-json\/wp\/v2\/types\/page"}],"author":[{"embeddable":true,"href":"https:\/\/qqr.kasaba.uz\/qq\/wp-json\/wp\/v2\/users\/1"}],"replies":[{"embeddable":true,"href":"https:\/\/qqr.kasaba.uz\/qq\/wp-json\/wp\/v2\/comments?post=52"}],"version-history":[{"count":13,"href":"https:\/\/qqr.kasaba.uz\/qq\/wp-json\/wp\/v2\/pages\/52\/revisions"}],"predecessor-version":[{"id":486,"href":"https:\/\/qqr.kasaba.uz\/qq\/wp-json\/wp\/v2\/pages\/52\/revisions\/486"}],"wp:attachment":[{"href":"https:\/\/qqr.kasaba.uz\/qq\/wp-json\/wp\/v2\/media?parent=52"}],"curies":[{"name":"wp","href":"https:\/\/api.w.org\/{rel}","templated":true}]}}