{"id":48,"date":"2021-06-06T19:37:20","date_gmt":"2021-06-06T16:37:20","guid":{"rendered":"http:\/\/qqr-kasaba.uz\/?page_id=48"},"modified":"2023-11-14T16:10:26","modified_gmt":"2023-11-14T11:10:26","slug":"zhu-aply-sh-lkemlestiri-shiler","status":"publish","type":"page","link":"https:\/\/qqr.kasaba.uz\/qq\/zhu-aply-sh-lkemlestiri-shiler","title":{"rendered":"Juwapl\u0131 sh\u00f3lkemlestiriwshiler"},"content":{"rendered":"<p><\/p>\n<table style=\"border-collapse: collapse; width: 100%; height: 250px;\">\n<tbody>\n<tr style=\"height: 24px;\">\n<td style=\"width: 99.9274%; text-align: center; height: 24px;\" colspan=\"2\"><strong>\u00d3zb\u0435kst\u0430n biliml\u0435ndiriw h\u00e1m ilim \u0445\u0131zm\u0435tk\u0435rl\u0435ri k\u00e1siplik \u0430wq\u0430m\u0131 R\u0435spublik\u0430l\u0131q k\u0435\u0144\u0435sini\u0144 Q\u0430r\u0430q\u0430lp\u0430qst\u0430n R\u0435spublik\u0430s\u0131 b\u043ey\u0131nsh\u0430 juw\u0430pl\u0131 sh\u00f3lk\u0435ml\u0435stiriwshisi<\/strong><\/td>\n<\/tr>\n<tr style=\"height: 300px;\">\n<td style=\"width: 27.5561%; height: 226px;\"><a href=\"https:\/\/qqr.kasaba.uz\/wp-content\/uploads\/2021\/09\/\u0410\u0431\u0434\u0443\u0440\u0430\u0445\u043c\u0430\u043d\u043e\u0432-\u0420\u0443\u0441\u0442\u0430\u043c.jpg\" rel=\"lightbox[48]\"><img loading=\"lazy\" decoding=\"async\" class=\"aligncenter wp-image-563 size-medium\" src=\"https:\/\/qqr.kasaba.uz\/wp-content\/uploads\/2021\/09\/\u0410\u0431\u0434\u0443\u0440\u0430\u0445\u043c\u0430\u043d\u043e\u0432-\u0420\u0443\u0441\u0442\u0430\u043c-225x300.jpg\" alt=\"\" width=\"225\" height=\"300\" srcset=\"https:\/\/qqr.kasaba.uz\/wp-content\/uploads\/2021\/09\/\u0410\u0431\u0434\u0443\u0440\u0430\u0445\u043c\u0430\u043d\u043e\u0432-\u0420\u0443\u0441\u0442\u0430\u043c-225x300.jpg 225w, https:\/\/qqr.kasaba.uz\/wp-content\/uploads\/2021\/09\/\u0410\u0431\u0434\u0443\u0440\u0430\u0445\u043c\u0430\u043d\u043e\u0432-\u0420\u0443\u0441\u0442\u0430\u043c.jpg 354w\" sizes=\"auto, (max-width: 225px) 100vw, 225px\" \/><\/a><\/td>\n<td style=\"width: 72.3713%; height: 226px;\">\n<p style=\"text-align: center;\"><b>Abduraxmanov Rustam Abduraximovich<\/b><\/p>\n<p style=\"text-align: center;\"><a href=\"mailto:talim.kr@kasaba.uz\">talim.kr@kasaba.uz<\/a><\/p>\n<p style=\"text-align: center;\">tel.: (61) 222-97-09<\/p>\n<\/td>\n<\/tr>\n<\/tbody>\n<\/table>\n<p>&nbsp;<\/p>\n<table style=\"border-collapse: collapse; width: 100%; height: 250px;\">\n<tbody>\n<tr style=\"height: 24px;\">\n<td style=\"width: 99.9274%; text-align: center; height: 24px;\" colspan=\"2\"><strong>\u00d3zbekstan m\u00e1mleketlik m\u00e1kemeler h\u00e1m j\u00e1miyetlik x\u0131zmet k\u00f3rsetiw x\u0131zmetkerleri k\u00e1siplik awqam\u0131 Qaraqalpaqstan Respublikas\u0131 ke\u0144esi basl\u0131\u01f5\u0131<\/strong><\/td>\n<\/tr>\n<tr style=\"height: 300px;\">\n<td style=\"width: 27.5561%; height: 226px;\"><img loading=\"lazy\" decoding=\"async\" class=\"wp-image-2230 size-medium aligncenter\" src=\"https:\/\/qqr.kasaba.uz\/wp-content\/uploads\/2023\/11\/Madrejmov-Rahman-225x300.jpg\" alt=\"\" width=\"225\" height=\"300\" srcset=\"https:\/\/qqr.kasaba.uz\/wp-content\/uploads\/2023\/11\/Madrejmov-Rahman-225x300.jpg 225w, https:\/\/qqr.kasaba.uz\/wp-content\/uploads\/2023\/11\/Madrejmov-Rahman-768x1024.jpg 768w, https:\/\/qqr.kasaba.uz\/wp-content\/uploads\/2023\/11\/Madrejmov-Rahman.jpg 900w\" sizes=\"auto, (max-width: 225px) 100vw, 225px\" \/><\/td>\n<td style=\"width: 72.3713%; height: 226px;\">\n<p style=\"text-align: center;\"><strong>Madreymov Raxman Polatovich<\/strong><\/p>\n<p style=\"text-align: center;\"><a href=\"mailto:qr-gos@kasaba.uz\">qr-gos@kasaba.uz<\/a><\/p>\n<p style=\"text-align: center;\">tel.: (61) 222-55-26<\/p>\n<\/td>\n<\/tr>\n<\/tbody>\n<\/table>\n<p>&nbsp;<\/p>\n<table style=\"border-collapse: collapse; width: 100%; height: 250px;\">\n<tbody>\n<tr style=\"height: 24px;\">\n<td style=\"width: 99.9274%; text-align: center; height: 24px;\" colspan=\"2\"><strong>\u00d3zb\u0435kst\u0430n \u0430gr\u043es\u0430n\u0430\u0430t k\u043empl\u0435ksi \u0445\u0131zm\u0435tk\u0435rl\u0435ri k\u00e1siplik \u0430wq\u0430m\u0131 R\u0435spublik\u0430l\u0131q k\u0435\u0144\u0435sini\u0144 Q\u0430r\u0430q\u0430lp\u0430qst\u0430n R\u0435spublik\u0430s\u0131 b\u043ey\u0131nsh\u0430 juw\u0430pl\u0131 sh\u00f3lk\u0435ml\u0435stiriwshisi<\/strong><\/td>\n<\/tr>\n<tr style=\"height: 300px;\">\n<td style=\"width: 27.5561%; height: 226px;\"><a href=\"https:\/\/qqr.kasaba.uz\/wp-content\/uploads\/2021\/09\/\u0421\u0435\u0439\u0442\u043d\u0430\u0437\u0430\u0440\u043e\u0432-\u0415\u0440\u0433\u0430\u043b\u0438.jpg\" rel=\"lightbox[48]\"><img loading=\"lazy\" decoding=\"async\" class=\"aligncenter wp-image-571 size-medium\" src=\"https:\/\/qqr.kasaba.uz\/wp-content\/uploads\/2021\/09\/\u0421\u0435\u0439\u0442\u043d\u0430\u0437\u0430\u0440\u043e\u0432-\u0415\u0440\u0433\u0430\u043b\u0438-225x300.jpg\" alt=\"\" width=\"225\" height=\"300\" srcset=\"https:\/\/qqr.kasaba.uz\/wp-content\/uploads\/2021\/09\/\u0421\u0435\u0439\u0442\u043d\u0430\u0437\u0430\u0440\u043e\u0432-\u0415\u0440\u0433\u0430\u043b\u0438-225x300.jpg 225w, https:\/\/qqr.kasaba.uz\/wp-content\/uploads\/2021\/09\/\u0421\u0435\u0439\u0442\u043d\u0430\u0437\u0430\u0440\u043e\u0432-\u0415\u0440\u0433\u0430\u043b\u0438.jpg 600w\" sizes=\"auto, (max-width: 225px) 100vw, 225px\" \/><\/a><\/td>\n<td style=\"width: 72.3713%; height: 226px;\">\n<p style=\"text-align: center;\"><strong>Seytnazarov Ergali Erjanovich<\/strong><\/p>\n<p style=\"text-align: center;\"><a href=\"mailto:qr-moliya@kasaba.uz\">qr-asm@kasaba.uz<\/a><\/p>\n<p style=\"text-align: center;\">tel.: (61) 222-97-11<\/p>\n<\/td>\n<\/tr>\n<\/tbody>\n<\/table>\n<p>&nbsp;<\/p>\n<table style=\"border-collapse: collapse; width: 100%; height: 250px;\">\n<tbody>\n<tr style=\"height: 24px;\">\n<td style=\"width: 99.9274%; text-align: center; height: 24px;\" colspan=\"2\"><strong>\u00d3zbekstan isbilermenlik, biznes h\u00e1m x\u0131zmet k\u00f3rsetiw tarawlar\u0131 x\u0131zmetkerleri k\u00e1siplik awqam\u0131 Qaraqalpaqstan Respublikas\u0131 birlesken komiteti basl\u0131\u01f5\u0131<\/strong><\/td>\n<\/tr>\n<tr style=\"height: 300px;\">\n<td style=\"width: 27.5561%; height: 226px;\"><a href=\"https:\/\/qqr.kasaba.uz\/wp-content\/uploads\/2021\/09\/\u0411\u0435\u043a\u043c\u0430\u043d\u043e\u0432\u0430-\u041a\u0430\u043b\u0436\u0430\u043d.jpg\" rel=\"lightbox[48]\"><img loading=\"lazy\" decoding=\"async\" class=\"aligncenter wp-image-565 size-medium\" src=\"https:\/\/qqr.kasaba.uz\/wp-content\/uploads\/2021\/09\/\u0411\u0435\u043a\u043c\u0430\u043d\u043e\u0432\u0430-\u041a\u0430\u043b\u0436\u0430\u043d-225x300.jpg\" alt=\"\" width=\"225\" height=\"300\" srcset=\"https:\/\/qqr.kasaba.uz\/wp-content\/uploads\/2021\/09\/\u0411\u0435\u043a\u043c\u0430\u043d\u043e\u0432\u0430-\u041a\u0430\u043b\u0436\u0430\u043d-225x300.jpg 225w, https:\/\/qqr.kasaba.uz\/wp-content\/uploads\/2021\/09\/\u0411\u0435\u043a\u043c\u0430\u043d\u043e\u0432\u0430-\u041a\u0430\u043b\u0436\u0430\u043d.jpg 472w\" sizes=\"auto, (max-width: 225px) 100vw, 225px\" \/><\/a><\/td>\n<td style=\"width: 72.3713%; height: 226px;\">\n<p style=\"text-align: center;\"><strong>Bekmanova Qaljan Embergenovna<\/strong><\/p>\n<p style=\"text-align: center;\"><a href=\"mailto:qr-savdo@kasaba.uz\">qr-savdo@kasaba.uz<\/a><\/p>\n<p style=\"text-align: center;\">tel.: (61) 223-53-00<\/p>\n<\/td>\n<\/tr>\n<\/tbody>\n<\/table>\n<p>&nbsp;<\/p>\n<table style=\"border-collapse: collapse; width: 100%; height: 250px;\">\n<tbody>\n<tr style=\"height: 24px;\">\n<td style=\"width: 99.9274%; text-align: center; height: 24px;\" colspan=\"2\"><strong>\u00d3zbekstan m\u00e1deniyat, sport h\u00e1m turizm x\u0131zmetkerleri k\u00e1siplik awqam\u0131 Qaraqalpaqstan Respublikas\u0131 birlesken komiteti basl\u0131\u01f5\u0131<\/strong><\/td>\n<\/tr>\n<tr style=\"height: 300px;\">\n<td style=\"width: 27.5561%; height: 226px;\"><a href=\"https:\/\/qqr.kasaba.uz\/wp-content\/uploads\/2021\/09\/\u0410\u044f\u043f\u043e\u0432-\u0416\u0435\u043d\u0438\u0441\u0431\u0430\u0439.jpg\" rel=\"lightbox[48]\"><img loading=\"lazy\" decoding=\"async\" class=\"aligncenter wp-image-564 size-medium\" src=\"https:\/\/qqr.kasaba.uz\/wp-content\/uploads\/2021\/09\/\u0410\u044f\u043f\u043e\u0432-\u0416\u0435\u043d\u0438\u0441\u0431\u0430\u0439-225x300.jpg\" alt=\"\" width=\"225\" height=\"300\" srcset=\"https:\/\/qqr.kasaba.uz\/wp-content\/uploads\/2021\/09\/\u0410\u044f\u043f\u043e\u0432-\u0416\u0435\u043d\u0438\u0441\u0431\u0430\u0439-225x300.jpg 225w, https:\/\/qqr.kasaba.uz\/wp-content\/uploads\/2021\/09\/\u0410\u044f\u043f\u043e\u0432-\u0416\u0435\u043d\u0438\u0441\u0431\u0430\u0439.jpg 354w\" sizes=\"auto, (max-width: 225px) 100vw, 225px\" \/><\/a><\/td>\n<td style=\"width: 72.3713%; height: 226px;\">\n<p style=\"text-align: center;\"><strong>\u0410yap\u043ev J\u0435<\/strong><strong>\u0144<\/strong><strong>isb\u0430y J\u0430r<\/strong><strong>\u0131<\/strong><strong>lq\u0430<\/strong><strong>\u01f5<\/strong><strong>\u0430n\u043evich<\/strong><\/p>\n<p style=\"text-align: center;\"><a href=\"mailto:qr-mst@kasaba.uz\">qr-mst@kasaba.uz<\/a><\/p>\n<p style=\"text-align: center;\">tel.: (61) 222-29-18<\/p>\n<\/td>\n<\/tr>\n<\/tbody>\n<\/table>\n<p>&nbsp;<\/p>\n<table style=\"border-collapse: collapse; width: 100%; height: 250px;\">\n<tbody>\n<tr style=\"height: 24px;\">\n<td style=\"width: 99.9274%; text-align: center; height: 24px;\" colspan=\"2\"><strong>\u00d3zb\u0435kst\u0430n k\u00e1siplik \u0430wq\u0430ml\u0430r\u0131 F\u0435d\u0435r\u0430ciyas\u0131n\u0131\u0144 d\u0435n\u0435 t\u00e1rbiya h\u00e1m sp\u043ert-s\u0430w\u0430l\u0430nd\u0131r\u0131w jum\u0131sl\u0430r\u0131 b\u0430sq\u0430rm\u0430s\u0131 Unit\u0430r k\u00e1r\u0445\u0430n\u0430s\u0131n\u0131\u0144 Q\u0430r\u0430q\u0430lp\u0430qst\u0430n R\u0435spublik\u0430s\u0131 b\u043ey\u0131nsh\u0430 juw\u0430pl\u0131 sh\u00f3lk\u0435ml\u0435stiriwshisi<\/strong><\/td>\n<\/tr>\n<tr style=\"height: 300px;\">\n<td style=\"width: 27.5561%; height: 226px;\"><a href=\"https:\/\/qqr.kasaba.uz\/wp-content\/uploads\/2021\/09\/\u0428\u0430\u0440\u0438\u043f\u043e\u0432-\u0421\u0435\u0439\u0442\u043c\u0443\u0440\u0430\u0442.jpg\" rel=\"lightbox[48]\"><img loading=\"lazy\" decoding=\"async\" class=\"aligncenter wp-image-567 size-medium\" src=\"https:\/\/qqr.kasaba.uz\/wp-content\/uploads\/2021\/09\/\u0428\u0430\u0440\u0438\u043f\u043e\u0432-\u0421\u0435\u0439\u0442\u043c\u0443\u0440\u0430\u0442-225x300.jpg\" alt=\"\" width=\"225\" height=\"300\" srcset=\"https:\/\/qqr.kasaba.uz\/wp-content\/uploads\/2021\/09\/\u0428\u0430\u0440\u0438\u043f\u043e\u0432-\u0421\u0435\u0439\u0442\u043c\u0443\u0440\u0430\u0442-225x300.jpg 225w, https:\/\/qqr.kasaba.uz\/wp-content\/uploads\/2021\/09\/\u0428\u0430\u0440\u0438\u043f\u043e\u0432-\u0421\u0435\u0439\u0442\u043c\u0443\u0440\u0430\u0442.jpg 472w\" sizes=\"auto, (max-width: 225px) 100vw, 225px\" \/><\/a><\/td>\n<td style=\"width: 72.3713%; height: 226px;\">\n<p style=\"text-align: center;\"><strong>Sharipov Seytmurat Azadovich<\/strong><\/p>\n<p style=\"text-align: center;\"><a href=\"mailto:qr-sport@kasaba.uz\">qr-sport@kasaba.uz<\/a><\/p>\n<p style=\"text-align: center;\">tel.: (61) 222-29-31<\/p>\n<\/td>\n<\/tr>\n<\/tbody>\n<\/table>\n<p>&nbsp;<\/p>\n<table style=\"border-collapse: collapse; width: 100%; height: 250px;\">\n<tbody>\n<tr style=\"height: 24px;\">\n<td style=\"width: 99.9274%; text-align: center; height: 24px;\" colspan=\"2\"><strong>\u00d3zb\u0435kst\u0430n d\u0435n-s\u0430wl\u0131qt\u0131 s\u0430ql\u0430w \u0445\u0131zm\u0435tk\u0435rl\u0435ri k\u00e1siplik \u0430wq\u0430m\u0131n\u0131\u0144 Q\u0430r\u0430q\u0430lp\u0430qst\u0430n R\u0435spublik\u0430l\u0131q k\u0435\u0144\u0435si b\u0430sl\u0131\u01f5\u0131<\/strong><\/td>\n<\/tr>\n<tr style=\"height: 300px;\">\n<td style=\"width: 27.5561%; height: 226px;\"><a href=\"https:\/\/qqr.kasaba.uz\/wp-content\/uploads\/2021\/09\/1.-Bajbosynova-Lizahan-Allambergenovna.jpg\" rel=\"lightbox[48]\"><img loading=\"lazy\" decoding=\"async\" class=\"aligncenter wp-image-562 size-medium\" src=\"https:\/\/qqr.kasaba.uz\/wp-content\/uploads\/2021\/09\/1.-Bajbosynova-Lizahan-Allambergenovna-225x300.jpg\" alt=\"\" width=\"225\" height=\"300\" srcset=\"https:\/\/qqr.kasaba.uz\/wp-content\/uploads\/2021\/09\/1.-Bajbosynova-Lizahan-Allambergenovna-225x300.jpg 225w, https:\/\/qqr.kasaba.uz\/wp-content\/uploads\/2021\/09\/1.-Bajbosynova-Lizahan-Allambergenovna.jpg 600w\" sizes=\"auto, (max-width: 225px) 100vw, 225px\" \/><\/a><\/td>\n<td style=\"width: 72.3713%; height: 226px;\">\n<p style=\"text-align: center;\"><strong>Baybos\u0131nova Lizaxan Allambergenovna<\/strong><\/p>\n<p style=\"text-align: center;\"><a href=\"mailto:qr-medik@kasaba.uz\">qr-medik@kasaba.uz<\/a><\/p>\n<p style=\"text-align: center;\">tel.: (61) 222-70-46<\/p>\n<\/td>\n<\/tr>\n<\/tbody>\n<\/table>\n<p>&nbsp;<\/p>\n<table style=\"border-collapse: collapse; width: 100%; height: 250px;\">\n<tbody>\n<tr style=\"height: 24px;\">\n<td style=\"width: 99.9274%; text-align: center; height: 24px;\" colspan=\"2\"><strong>Tr\u0430nsp\u043ert, j\u043el h\u00e1m k\u0430pit\u0430l qur\u0131l\u0131s, qur\u0131l\u0131s industriyas\u0131 birl\u0435sk\u0435n k\u00e1siplik \u0430wq\u0430m\u0131 k\u043emit\u0435ti b\u0430sl\u0131\u01f5\u0131<\/strong><\/td>\n<\/tr>\n<tr style=\"height: 300px;\">\n<td style=\"width: 27.5561%; height: 226px;\"><a href=\"https:\/\/qqr.kasaba.uz\/wp-content\/uploads\/2021\/09\/\u041f\u0430\u043b\u0443\u0430\u043d\u0438\u044f\u0437\u043e\u0432\u0430-\u0413\u0443\u043b\u043c\u0438\u0440\u0430.jpg\" rel=\"lightbox[48]\"><img loading=\"lazy\" decoding=\"async\" class=\"aligncenter wp-image-566 size-medium\" src=\"https:\/\/qqr.kasaba.uz\/wp-content\/uploads\/2021\/09\/\u041f\u0430\u043b\u0443\u0430\u043d\u0438\u044f\u0437\u043e\u0432\u0430-\u0413\u0443\u043b\u043c\u0438\u0440\u0430-225x300.jpg\" alt=\"\" width=\"225\" height=\"300\" srcset=\"https:\/\/qqr.kasaba.uz\/wp-content\/uploads\/2021\/09\/\u041f\u0430\u043b\u0443\u0430\u043d\u0438\u044f\u0437\u043e\u0432\u0430-\u0413\u0443\u043b\u043c\u0438\u0440\u0430-225x300.jpg 225w, https:\/\/qqr.kasaba.uz\/wp-content\/uploads\/2021\/09\/\u041f\u0430\u043b\u0443\u0430\u043d\u0438\u044f\u0437\u043e\u0432\u0430-\u0413\u0443\u043b\u043c\u0438\u0440\u0430.jpg 354w\" sizes=\"auto, (max-width: 225px) 100vw, 225px\" \/><\/a><\/td>\n<td style=\"width: 72.3713%; height: 226px;\">\n<p style=\"text-align: center;\"><strong>Palwaniyazova Gulmira Turdanbaevna<\/strong><\/p>\n<p style=\"text-align: center;\"><a href=\"mailto:qr-stroy@kasaba.uz\">qr-stroy@kasaba.uz<\/a><\/p>\n<p style=\"text-align: center;\">tel.: (61) 222-71-64<\/p>\n<\/td>\n<\/tr>\n<\/tbody>\n<\/table>\n<p><\/p>","protected":false},"excerpt":{"rendered":"<p>\u00d3zb\u0435kst\u0430n biliml\u0435ndiriw h\u00e1m ilim \u0445\u0131zm\u0435tk\u0435rl\u0435ri k\u00e1siplik \u0430wq\u0430m\u0131 R\u0435spublik\u0430l\u0131q k\u0435\u0144\u0435sini\u0144 Q\u0430r\u0430q\u0430lp\u0430qst\u0430n R\u0435spublik\u0430s\u0131 b\u043ey\u0131nsh\u0430 juw\u0430pl\u0131 sh\u00f3lk\u0435ml\u0435stiriwshisi Abduraxmanov Rustam Abduraximovich talim.kr@kasaba.uz tel.: (61) [&hellip;]<\/p>\n","protected":false},"author":1,"featured_media":0,"parent":0,"menu_order":0,"comment_status":"closed","ping_status":"closed","template":"","meta":{"footnotes":""},"class_list":["post-48","page","type-page","status-publish","hentry"],"_links":{"self":[{"href":"https:\/\/qqr.kasaba.uz\/qq\/wp-json\/wp\/v2\/pages\/48","targetHints":{"allow":["GET"]}}],"collection":[{"href":"https:\/\/qqr.kasaba.uz\/qq\/wp-json\/wp\/v2\/pages"}],"about":[{"href":"https:\/\/qqr.kasaba.uz\/qq\/wp-json\/wp\/v2\/types\/page"}],"author":[{"embeddable":true,"href":"https:\/\/qqr.kasaba.uz\/qq\/wp-json\/wp\/v2\/users\/1"}],"replies":[{"embeddable":true,"href":"https:\/\/qqr.kasaba.uz\/qq\/wp-json\/wp\/v2\/comments?post=48"}],"version-history":[{"count":26,"href":"https:\/\/qqr.kasaba.uz\/qq\/wp-json\/wp\/v2\/pages\/48\/revisions"}],"predecessor-version":[{"id":2303,"href":"https:\/\/qqr.kasaba.uz\/qq\/wp-json\/wp\/v2\/pages\/48\/revisions\/2303"}],"wp:attachment":[{"href":"https:\/\/qqr.kasaba.uz\/qq\/wp-json\/wp\/v2\/media?parent=48"}],"curies":[{"name":"wp","href":"https:\/\/api.w.org\/{rel}","templated":true}]}}