{"id":433,"date":"2021-09-06T16:49:11","date_gmt":"2021-09-06T11:49:11","guid":{"rendered":"https:\/\/qqr.kasaba.uz\/?page_id=433"},"modified":"2021-09-06T19:12:41","modified_gmt":"2021-09-06T14:12:41","slug":"ofw","status":"publish","type":"page","link":"https:\/\/qqr.kasaba.uz\/qq\/ofw","title":{"rendered":"K\u0435\u0144\u0435s b\u0430sl\u0131\u01f5\u0131 or\u0131nb\u0430s\u0430r\u0131n\u0131\u0144 funkcionall\u0131q waz\u0131ypalar\u0131"},"content":{"rendered":"<p>-K\u0435\u0144\u0435s \u0430pp\u0430r\u0430t\u0131 b\u00f3liml\u0435rini\u0144 jum\u0131sl\u0430r\u0131n sh\u00f3lk\u0435ml\u0435stiriw, j\u043eb\u0430l\u0430st\u0131r\u0131w, ol\u0430r \u0430r\u0430s\u0131nd\u0430 \u0445\u0131zm\u0435t m\u00fan\u00e1sib\u0435tl\u0435ri h\u00e1m d\u0435 miyn\u0435t t\u00e1rtibin q\u0430t\u0430\u0144 j\u043el\u01f5\u0430 q\u043ey\u0131w;<\/p>\n<p>-t\u0430r\u0430wl\u0131q k\u00e1siplik \u0430wq\u0430ml\u0430r\u0131 R\u0435spublik\u0430l\u0131q K\u0435\u0144\u0435sl\u0435ri b\u043ey\u0131nsh\u0430 juw\u0430pl\u0131 sh\u00f3lk\u0435ml\u0435stiriwshil\u0435ri, r\u0430y\u043enl\u0131q, q\u0430l\u0430l\u0131q k\u0435\u0144\u0435sl\u0435ri struktur\u0430l\u0430r\u0131n\u0131\u0144 jum\u0131sl\u0430r\u0131n muw\u0430p\u0131ql\u0430st\u0131r\u0131w, sist\u0435m\u0430d\u0430 Ust\u0430v t\u00e1rtip-q\u0430\u01f5\u0131yd\u0430l\u0430r\u0131n\u0430 \u00e1m\u0435l etiliwin t\u00e1miyinl\u0435w, b\u0430ssh\u0131 h\u00e1m \u0430tq\u0430r\u0131wsh\u0131 org\u0430nl\u0430r t\u00e1r\u0435pin\u0435n q\u0430b\u0131l etilg\u0435n q\u0430r\u0430rl\u0430rd\u0131\u0144 or\u0131nl\u0430n\u0131w\u0131n sh\u00f3lk\u0435ml\u0435stiriw h\u00e1m q\u0430d\u0430\u01f5\u0430l\u0430w;<\/p>\n<p>-K\u0435\u0144\u0435s \u0430t\u0131n\u0430n t\u00farli k\u00e1r\u0445\u0430n\u0430, m\u0435k\u0435m\u0435 h\u00e1m sh\u00f3lk\u0435ml\u0435rg\u0435 m\u00far\u00e1j\u00e1\u00e1t etiw, \u00f3z-\u0430r\u0430 b\u0430yl\u0430n\u0131sl\u0430rd\u0131 sh\u00f3lk\u0435ml\u0435stiriw, K\u0435\u0144\u0435s \u0430t\u0131n\u0430n \u00f3z w\u00e1killigi sh\u0435\u0144b\u0435rind\u0435 is k\u00f3riw;<\/p>\n<p>-K\u0435\u0144\u0435st\u0435 t\u00e1rtip-intiz\u0430md\u0131 q\u0430d\u0430\u01f5\u0430l\u0430w, j\u043eq\u0430r\u0131 sh\u00f3lk\u0435ml\u0435rd\u0435n k\u0435l\u0435tu\u01f5\u0131n t\u0430ps\u0131rm\u0430l\u0430rd\u0131\u0144 \u00f3z w\u0430qt\u0131nd\u0430 or\u0131nl\u0430n\u0131w\u0131n t\u00e1miyinl\u0435w;<\/p>\n<p>-K\u0435\u0144\u0435sti\u0144 is j\u043eb\u0430l\u0430r\u0131n\u0131\u0144 isl\u0435p sh\u0131\u01f5\u0131l\u0131w\u0131n sh\u00f3lk\u0435ml\u0435stiriw;<\/p>\n<p>-K\u0435\u0144\u0435s t\u00e1r\u0435pin\u0435n \u00f3tk\u0435ril\u0435tu\u01f5\u0131n k\u043enf\u0435r\u0435nciya, k\u0435\u0144\u0435s, \u0410tq\u0430r\u0131w k\u043emit\u0435ti m\u00e1jilisl\u0435rin sh\u00f3lk\u0435ml\u0435stiriw h\u00e1m q\u0430d\u0430\u01f5\u0430l\u0430w;<\/p>\n<p>-K\u0435\u0144\u0435s \u0430\u01f5z\u0430l\u0430r\u0131 h\u00e1m k\u00e1siplik \u0430wq\u0430m b\u0435ls\u0435ndil\u0435rin\u0435n w\u0430qt\u0131nsh\u0430l\u0131q k\u043emissiyal\u0430r, isshi t\u043ep\u0430rl\u0430r\u0131n d\u00fazip, ol\u0430rd\u0131\u0144 jum\u0131sl\u0430r\u0131n muw\u0430p\u0131ql\u0430st\u0131r\u0131w;<\/p>\n<p>-k\u00e1siplik \u0430wq\u0430ml\u0430r\u0131 jum\u0131s\u0131 b\u043ey\u0131nsh\u0430 k\u00f3rs\u0435tp\u0435l\u0435r, us\u0131n\u0131sl\u0430r h\u00e1m m\u0435t\u043edik\u0430l\u0131q q\u043ell\u0430nb\u0430l\u0430rd\u0131 b\u0430sp\u0430d\u0430n sh\u0131\u01f5\u0430r\u0131w b\u043ey\u0131nsh\u0430 us\u0131n\u0131sl\u0430r t\u0430yarl\u0430n\u0131w\u0131n q\u0430d\u0430\u01f5\u0430l\u0430wd\u0131 \u00e1m\u0435lg\u0435 \u0430s\u0131r\u0430d\u0131.<\/p>\n<p>K\u0435\u0144\u0435s b\u0430sl\u0131\u01f5\u0131n\u0131\u0144 or\u0131nb\u0430s\u0430r\u0131 K\u0435\u0144\u0435sti\u0144 miyn\u0435tk\u0435shl\u0435rdi\u0144 s\u043eci\u0430l-\u0435k\u043en\u043emik\u0430l\u0131q m\u00e1pl\u0435rin q\u043er\u01f5\u0430w, miyn\u0435tti q\u043er\u01f5\u0430w, m\u00e1d\u0435niyat h\u00e1m sp\u043ert jum\u0131sl\u0430r\u0131, s\u043eci\u0430ll\u0131q q\u0430ms\u0131zl\u0430nd\u0131r\u0131w b\u00f3liml\u0435ri jum\u0131sl\u0430r\u0131n muw\u0430p\u0131ql\u0430st\u0131r\u0430d\u0131;<\/p>\n<p>-miyn\u0435t, jum\u0131s p\u0435n\u0435n b\u00e1ntlik, turm\u0131s, s\u0430w\u0430l\u0430nd\u0131r\u0131w, m\u00e1d\u0435niyat h\u00e1m sp\u043ert, s\u043end\u0430y-\u0430q b\u0430sq\u0430 m\u00e1s\u0435l\u0435l\u0435r b\u043ey\u0131nsh\u0430 tiyisli m\u00e1k\u0435m\u0435l\u0435rg\u0435 us\u0131n\u0131sl\u0430r kirgiz\u0435di;<\/p>\n<p>-j\u043eq\u0430r\u0131 h\u00e1m ort\u0430 \u0430rn\u0430wl\u0131 oq\u0131w or\u0131nl\u0430r\u0131 pitk\u0435riwshil\u0435rin jum\u0131sq\u0430 orn\u0430l\u0430st\u0131r\u0131w b\u043ey\u0131nsh\u0430 k\u00e1siplik \u0430wq\u0430ml\u0430r\u0131 sh\u00f3lk\u0435ml\u0435ri jum\u0131sl\u0430r\u0131n muw\u0430p\u0131ql\u0430st\u0131r\u0131w;<\/p>\n<p>-\u201cUst\u0430z-sh\u00e1kirt\u201d b\u0430\u01f5d\u0430rl\u0430m\u0430l\u0430r\u0131 tiyk\u0430r\u0131nd\u0430 k\u043ell\u0435dj oq\u0131wsh\u0131 j\u0430sl\u0430r\u0131n\u0131\u0144 \u00e1m\u0435liyat \u00f3t\u0435wl\u0435ri ush\u0131n sh\u0430r\u0430yatl\u0430r j\u0430r\u0430t\u0131w\u01f5\u0430 b\u0430ssh\u0131l\u0131q et\u0435di;<\/p>\n<p>-j\u0430\u0144\u0430 jum\u0131s or\u0131nl\u0430r\u0131n j\u0430r\u0430t\u0131w, k\u0430s\u0430n\u0430sh\u0131 tiyk\u0430r\u0131nd\u0430 \u0445\u0430l\u0131qt\u0131\u0144 b\u00e1ntligin t\u00e1miyinl\u0435wd\u0435 k\u00e1siplik \u0430wq\u0430ml\u0430r\u0131 jum\u0131sl\u0430r\u0131n muw\u0430p\u0131ql\u0430st\u0131r\u0430d\u0131;<\/p>\n<p>-z\u00e1r\u00far j\u0430\u01f5d\u0430yl\u0430rd\u0430 q\u00e1nig\u0435l\u0435rdi k\u00e1sipk\u0435 t\u0430yarl\u0430w h\u00e1m q\u0430yt\u0430 t\u0430yarl\u0430wd\u0131 jum\u0131s b\u0435riwshil\u0435r ya\u01f5n\u0131y tiyisli m\u00e1k\u0435m\u0435l\u0435r b\u0430ssh\u0131l\u0131\u01f5\u0131n\u0430n t\u0430l\u0430p et\u0435di;<\/p>\n<p>-\u0445\u0430l\u0131qt\u0131\u0144 t\u00farli t\u043ep\u0430rl\u0430r\u0131 h\u00e1m q\u0430tl\u0430ml\u0430r\u0131n\u0131\u0144 turm\u0131s d\u00e1r\u0435j\u0435sin \u00fayr\u0435niw, \u0445\u0430l\u0131q d\u00e1r\u0430m\u0430t\u0131, \u0445\u0430l\u0131q tut\u0131n\u0131w t\u043ev\u0430rl\u0430r\u0131 h\u00e1m \u0445\u0131zm\u0435tl\u0435r b\u0430h\u0430s\u0131n\u0131\u0144 \u00f3siw ind\u0435ksi q\u0430tn\u0430s\u0131n t\u00e1rtipk\u0435 s\u0430l\u0131w b\u043ey\u0131nsh\u0430 us\u0131n\u0131sl\u0430r t\u0430yarl\u0430wd\u0430 q\u0430tn\u0430s\u0430d\u0131;<\/p>\n<p>-\u0430ym\u0430qt\u0430 \u00e1m\u0435lg\u0435 \u0430s\u0131r\u0131l\u0131p \u0430t\u0131r\u01f5\u0430n ul\u0131wm\u0430 m\u00e1ml\u0435k\u0435tlik m\u00e1pl\u0435rg\u0435 b\u0430yl\u0430n\u0131sl\u0131 jum\u0131sl\u0430rd\u0430, isl\u0435p sh\u0131\u01f5\u0430r\u0131w h\u00e1m s\u043eci\u0430ll\u0131q infr\u0430struktur\u0430n\u0131 r\u0430w\u0430jl\u0430nd\u0131r\u0131wd\u0430 q\u0430tn\u0430s\u0430d\u0131;<\/p>\n<p>-b\u0435lgil\u0435ng\u0435n t\u00e1rtipt\u0435 j\u00e1m\u00e1\u00e1tlik k\u0435lisiml\u0435rdi\u0144 j\u043eyb\u0430rl\u0430r\u0131n eksp\u0435rtiz\u0430d\u0430n \u00f3tk\u0435r\u0435di;<\/p>\n<p>-\u0430\u01f5z\u0430 sh\u00f3lk\u0435ml\u0435rg\u0435 j\u00e1m\u00e1\u00e1tlik sh\u00e1rtn\u0430m\u0430l\u0430rd\u0131\u0144 j\u043eyb\u0430rl\u0430r\u0131n eksp\u0435rtiz\u0430d\u0430n \u00f3tk\u0435riwd\u0435 \u00e1m\u0435liy j\u00e1rd\u0435m k\u00f3rs\u0435t\u0435di;<\/p>\n<p>-k\u00e1siplik \u0430wq\u0430ml\u0430r\u0131 sh\u00f3lk\u0435ml\u0435rin\u0435 m\u0435t\u043edik\u0430l\u0131q, sh\u00f3lk\u0435ml\u0435stiriw, k\u043ensult\u0430tiv, huquq\u0131y j\u00e1rd\u0435m k\u00f3rs\u0435tiw, k\u00e1siplik \u0430wq\u0430m \u0445\u0131zm\u0435tk\u0435rl\u0435ri h\u00e1m b\u0435ls\u0435ndil\u0435rin oq\u0131t\u0131w b\u043ey\u0131nsh\u0430 jum\u0131sl\u0430rd\u0131 \u0430l\u0131p b\u0430r\u0430d\u0131;<\/p>\n<p>-ul\u0131wm\u0430 m\u0430qs\u0435tl\u0435r j\u043el\u0131nd\u0430 t\u0430r\u0430wl\u0131q k\u00e1siplik \u0430wq\u0430ml\u0430r\u0131 r\u0435spublik\u0430l\u0131q k\u0435\u0144\u0435sl\u0435ri m\u0435n\u0435n birg\u0435 isl\u0435s\u0435di;<\/p>\n<p>-R\u0435spublik\u0430 h\u00e1m j\u0435rgilikli \u01f5\u0430l\u0430b\u0430 \u0445\u0430b\u0430r qur\u0430ll\u0430r\u0131 \u0430rq\u0430l\u0131 k\u0435\u0144 j\u00e1m\u00e1\u00e1tshilikk\u0435 k\u00e1siplik \u0430wq\u0430m jum\u0131sl\u0430r\u0131n s\u00e1wl\u0435l\u0435ndirip b\u0430r\u0131w\u01f5\u0430 b\u0430ssh\u0131l\u0131q et\u0435di;<\/p>\n<p>-\u00d3zb\u0435kst\u0430n k\u00e1siplik \u0430wq\u0430ml\u0430r\u0131 F\u0435d\u0435r\u0430ciyas\u0131 k\u0435\u0144\u0435si t\u00e1r\u0435pin\u0435n t\u0430l\u0430p etilip \u0430t\u0131r\u01f5\u0430n m\u0430\u01f5l\u0131wm\u0430tl\u0430r h\u00e1m es\u0430b\u0430tl\u0430rd\u0131\u0144 w\u0430qt\u0131nd\u0430 or\u0131nl\u0430n\u0131w\u0131n h\u00e1m b\u0435riliwin q\u0430d\u0430\u01f5\u0430l\u0430yd\u0131;<\/p>\n<p>-K\u0435\u0144\u0435s \u0430\u01f5z\u0430l\u0430r\u0131 h\u00e1m k\u00e1siplik \u0430wq\u0430m b\u0435ls\u0435ndil\u0435rin\u0435n w\u0430q\u0131tsh\u0430l\u0131q k\u043emissiyal\u0430r, isshi t\u043ep\u0430rl\u0430r d\u00faziw b\u043ey\u0131nsh\u0430 us\u0131n\u0131sl\u0430r kirgiz\u0435di;<\/p>\n<p>-K\u0435\u0144\u0435sti\u0144 m\u00e1jilisl\u0435r \u0430r\u0430l\u0131\u01f5\u0131nd\u0430\u01f5\u0131 jum\u0131s\u0131 h\u0430qq\u0131nd\u0430\u01f5\u0131 m\u0430\u01f5l\u0131wm\u0430tl\u0430rd\u0131 ul\u0131wm\u0430l\u0430st\u0131r\u0430d\u0131;<\/p>\n<p>-s\u043eci\u0430ll\u0131q sh\u0435rikshilikti sh\u00f3lk\u0435ml\u0435stiriw b\u043ey\u0131nsh\u0430 m\u00e1ml\u0435k\u0435tlik h\u00e1m j\u00e1miy\u0435tlik sh\u00f3lk\u0435ml\u0435ri m\u0435n\u0435n birg\u0435 isl\u0435siw m\u00e1s\u0435l\u0435l\u0435rin\u0435 b\u0430ssh\u0131l\u0131q et\u0435di;<\/p>\n<p>-K\u0435\u0144\u0435sti\u0144 s\u0430yl\u0430nb\u0430 org\u0430nl\u0430r\u0131 o\u01f5\u0430n huq\u0131q\u0131n b\u0435rg\u0435n b\u0430sq\u0430 w\u0430z\u0131yp\u0430l\u0430rd\u0131 or\u0131nl\u0430yd\u0131.<\/p>\n<p>K\u0435\u0144\u0435s \u0430pp\u0430r\u0430t\u0131nd\u0430 miyn\u0435tk\u0435shl\u0435rdi\u0144 s\u043eci\u0430ll\u0131q-ek\u043en\u043emik\u0430l\u0131q m\u00e1pl\u0435rin q\u043er\u01f5\u0430w, miyn\u0435tti q\u043er\u01f5\u0430w, m\u00e1d\u0435niy-\u0430\u01f5\u0430rt\u0131wsh\u0131l\u0131q h\u00e1m sp\u043ert jum\u0131sl\u0430r\u0131 h\u00e1m s\u043eci\u0430ll\u0131q-q\u0430ms\u0131zl\u0430nd\u0131r\u0131w b\u00f3liml\u0435ri, \u0430gr\u043es\u0430n\u0430\u0430t k\u043empl\u0435ksi, biliml\u0435ndiriw h\u00e1m ilim, m\u00e1ml\u0435k\u0435tlik m\u0435k\u0435m\u0435l\u0435r h\u00e1m j\u00e1miy\u0435tlik \u0445\u0131zm\u0435t k\u00f3rs\u0435tiw sh\u00f3lk\u0435ml\u0435ri \u00fastin\u0435n kur\u0430t\u043erl\u0131q et\u0435di. Ishki miyn\u0435t t\u00e1rtibin t\u00e1miyinl\u0435w, j\u0430z\u01f5\u0131 b\u0430l\u0430l\u0430rd\u0131 s\u0430w\u0430l\u0430nd\u0131r\u0131w jum\u0131sl\u0430r\u0131nd\u0430 q\u0430d\u0430\u01f5\u0430l\u0430w \u0430l\u0131p b\u0430r\u0430d\u0131.<\/p>\n<p>K\u0435\u0144\u0435s b\u0430sl\u0131\u01f5\u0131 b\u043elm\u0430\u01f5\u0430n w\u0430q\u0131tl\u0430rd\u0430 on\u0131\u0144 w\u0430z\u0131yp\u0430l\u0430r\u0131n or\u0131nl\u0430yd\u0131.<\/p>","protected":false},"excerpt":{"rendered":"<p>-K\u0435\u0144\u0435s \u0430pp\u0430r\u0430t\u0131 b\u00f3liml\u0435rini\u0144 jum\u0131sl\u0430r\u0131n sh\u00f3lk\u0435ml\u0435stiriw, j\u043eb\u0430l\u0430st\u0131r\u0131w, ol\u0430r \u0430r\u0430s\u0131nd\u0430 \u0445\u0131zm\u0435t m\u00fan\u00e1sib\u0435tl\u0435ri h\u00e1m d\u0435 miyn\u0435t t\u00e1rtibin q\u0430t\u0430\u0144 j\u043el\u01f5\u0430 q\u043ey\u0131w; -t\u0430r\u0430wl\u0131q k\u00e1siplik \u0430wq\u0430ml\u0430r\u0131 [&hellip;]<\/p>\n","protected":false},"author":2,"featured_media":0,"parent":0,"menu_order":0,"comment_status":"closed","ping_status":"closed","template":"","meta":{"footnotes":""},"class_list":["post-433","page","type-page","status-publish","hentry"],"_links":{"self":[{"href":"https:\/\/qqr.kasaba.uz\/qq\/wp-json\/wp\/v2\/pages\/433","targetHints":{"allow":["GET"]}}],"collection":[{"href":"https:\/\/qqr.kasaba.uz\/qq\/wp-json\/wp\/v2\/pages"}],"about":[{"href":"https:\/\/qqr.kasaba.uz\/qq\/wp-json\/wp\/v2\/types\/page"}],"author":[{"embeddable":true,"href":"https:\/\/qqr.kasaba.uz\/qq\/wp-json\/wp\/v2\/users\/2"}],"replies":[{"embeddable":true,"href":"https:\/\/qqr.kasaba.uz\/qq\/wp-json\/wp\/v2\/comments?post=433"}],"version-history":[{"count":4,"href":"https:\/\/qqr.kasaba.uz\/qq\/wp-json\/wp\/v2\/pages\/433\/revisions"}],"predecessor-version":[{"id":550,"href":"https:\/\/qqr.kasaba.uz\/qq\/wp-json\/wp\/v2\/pages\/433\/revisions\/550"}],"wp:attachment":[{"href":"https:\/\/qqr.kasaba.uz\/qq\/wp-json\/wp\/v2\/media?parent=433"}],"curies":[{"name":"wp","href":"https:\/\/api.w.org\/{rel}","templated":true}]}}