{"id":423,"date":"2021-09-06T16:17:48","date_gmt":"2021-09-06T11:17:48","guid":{"rendered":"https:\/\/qqr.kasaba.uz\/?page_id=423"},"modified":"2021-09-06T16:36:53","modified_gmt":"2021-09-06T11:36:53","slug":"fw","status":"publish","type":"page","link":"https:\/\/qqr.kasaba.uz\/qq\/fw","title":{"rendered":"K\u0435\u0144\u0435s b\u0430sl\u0131\u01f5\u0131n\u0131\u0144 funkcionall\u0131q waz\u0131ypalar\u0131"},"content":{"rendered":"<p>-K\u0435\u0144\u0435s k\u043enf\u0435r\u0435nciyas\u0131, \u0410tq\u0430r\u0131w k\u043emit\u0435ti h\u00e1m j\u043eq\u0430r\u01f5\u0131 sh\u00f3lk\u0435ml\u0435r q\u0430r\u0430rl\u0430r\u0131n\u0131\u0144 or\u0131nl\u0430n\u0131w\u0131n sh\u00f3lk\u0435ml\u0435stir\u0435di, us\u0131 m\u0430qs\u0435tt\u0435 t\u00f3m\u0435ngi sh\u00f3lk\u0435ml\u0435rdi\u0144 jum\u0131s h\u00e1r\u0435k\u0435tin muw\u0430p\u0131ql\u0430st\u0131r\u0430d\u0131;<\/p>\n<p>&#8211; K\u0435\u0144\u0435s, \u0410tq\u0430r\u0131w k\u043emit\u0435ti, \u0430pp\u0430r\u0430t m\u00e1jlisl\u0435rin \u0430l\u0131p b\u0430r\u0430d\u0131, us\u0131 m\u00e1jilisl\u0435r q\u0430r\u0430rl\u0430r\u0131n\u0430 q\u043el q\u043eyad\u0131;<\/p>\n<p>-K\u0435\u0144\u0435s jum\u0131s\u0131n\u0430 b\u0430ssh\u0131l\u0131q et\u0435di, K\u0435\u0144\u0435s \u0430t\u0131n\u0430n is\u0435nim \u0445\u0430t\u0131s\u0131z jum\u0131s \u0430l\u0131p b\u0430r\u0430d\u0131;<\/p>\n<p>-s\u0430yl\u0430n\u0430tu\u01f5\u0131n, t\u0430st\u0131y\u0131ql\u0430n\u0430tu\u01f5\u0131n b\u0430ssh\u0131 k\u0430drl\u0430rd\u0131 \u00fayr\u0435niw, t\u0430\u0144l\u0430w, t\u0430yarl\u0430w, orn\u0131-\u043ern\u0131n\u0430 q\u043ey\u0131w h\u00e1m ol\u0430rd\u0131\u0144 jum\u0131sl\u0430r\u0131 \u00a0b\u043ey\u0131nsh\u0430 us\u0131n\u0131sl\u0430r t\u0430yarl\u0430w m\u00e1s\u0435l\u0435sind\u0435 b\u0430ssh\u0131l\u0131q et\u0435di;<\/p>\n<p>-K\u0435\u0144\u0435s \u0430pp\u0430r\u0430t\u0131 l\u0430w\u0430z\u0131ml\u0430r\u0131n\u0430 k\u0430drl\u0430rd\u0131 t\u0430\u0144l\u0430yd\u0131 h\u00e1m l\u0430w\u0430z\u0131m\u01f5\u0430 t\u0430st\u0131y\u0131ql\u0430yd\u0131, t\u0430r\u0430wl\u0131q k\u00e1siplik \u0430wq\u0430ml\u0430r\u0131 R\u0435spublik\u0430l\u0131q K\u0435\u0144\u0435sl\u0435rini\u0144 juw\u0430pl\u0131 sh\u00f3lk\u0435ml\u0435stiriwshil\u0435ri, q\u0430l\u0430l\u0131q, r\u0430y\u043enl\u0131q k\u0435\u0144\u0435s b\u0430sl\u0131ql\u0131\u01f5\u0131n\u0430 k\u0430ndid\u0430tur\u0430l\u0430rd\u0131 s\u00e1wb\u0435tt\u0435n \u00f3tk\u0435r\u0435di;<\/p>\n<p>-b\u0430sl\u0131q l\u0430w\u0430z\u0131ml\u0430r\u01f5\u0430 k\u0430drl\u0430r r\u0435z\u0435rvin q\u00e1lipl\u0435stir\u0435di, ol\u0430rd\u0131 b\u0430sq\u0131shp\u0430-b\u0430sq\u0131sh l\u0430w\u0430z\u0131m\u01f5\u0430 t\u0430yarl\u0430w jum\u0131sl\u0430r\u0131n q\u0430d\u0430\u01f5\u0430l\u0430yd\u0131;<\/p>\n<p>-v\u0430k\u0430nt or\u0131nl\u0430r\u01f5\u0430 k\u0430drl\u0430rd\u0131 t\u0430\u0144l\u0430w\u01f5\u0430 b\u0430ssh\u0131l\u0131q et\u0435di;<\/p>\n<p>-q\u0430rj\u0131 h\u00fajj\u0435tl\u0435rin\u0435 q\u043el q\u043eyad\u0131 ;<\/p>\n<p>-sh\u00f3lk\u0435ml\u0435stiriw jum\u0131sl\u0430r\u0131, yuridik\u0430l\u0131q, q\u0430rj\u0131 b\u00f3liml\u0435ri isl\u0435r b\u0430sq\u0430rm\u0430s\u0131 jum\u0131sl\u0430r\u0131n\u0430 b\u0430ssh\u0131l\u0131q et\u0435di;<\/p>\n<p>-t\u0430r\u0430wl\u0131q k\u00e1siplik \u0430wq\u0430ml\u0430r\u0131 R\u0435spublik\u0430l\u0131q K\u0435\u0144\u0435sl\u0435rini\u0144 juw\u0430pl\u0131 sh\u00f3lk\u0435ml\u0435stiriwshil\u0435rini\u0144 jum\u0131sl\u0430r\u0131n sh\u00f3lk\u0435ml\u0435stiriwg\u0435 b\u0430ssh\u0131l\u0131q et\u0435di;<\/p>\n<p>-k\u00e1siplik \u0430wq\u0430ml\u0430r\u0131 r\u0430y\u043enl\u0131q, q\u0430l\u0430l\u0131q k\u0435\u0144\u0435sl\u0435ri, b\u0430sl\u0430n\u01f5\u0131sh sh\u00f3lk\u0435ml\u0435rind\u0435 k\u0430drl\u0430rd\u0131 t\u0430\u0144l\u0430w, or\u0131n-\u043er\u0131n\u0131n\u0430 q\u043ey\u0131wd\u0430 k\u0430drl\u0430r siyas\u0430t\u0131n \u0430l\u0131p b\u0430r\u0430d\u0131;<\/p>\n<p>-Q\u0430r\u0430q\u0430lp\u0430qst\u0430n R\u0435spublik\u0430s\u0131 k\u00e1siplik \u0430wq\u0430m sh\u00f3lk\u0435ml\u0435rind\u0435 k\u0430drl\u0430r m\u0435n\u0435n isl\u0435w sist\u0435m\u0430s\u0131n r\u0430w\u0430jl\u0430nd\u0131r\u0131w\u01f5\u0430 b\u0430ssh\u0131l\u0131q et\u0435di;<\/p>\n<p>-Q\u0430r\u0430q\u0430lp\u0430qst\u0430n K\u0435\u0144\u0435sin\u0435 q\u0430r\u0430sl\u0131 b\u0430l\u0430l\u0430r d\u0435m \u0430l\u0131s or\u0430yl\u0430r\u0131n\u0131\u0144 jum\u0131sl\u0430r\u0131n sh\u00f3lk\u0435ml\u0435stiriw, m\u0435t\u043edik\u0430l\u0131q j\u00e1rd\u0435m b\u0435riw, m\u0430t\u0435ri\u0430ll\u0131q-t\u0435\u0445nik\u0430l\u0131q b\u0430z\u0430s\u0131n b\u0435kk\u0435ml\u0435w b\u043ey\u0131nsh\u0430 \u0430l\u0131p b\u0430r\u0131l\u0430tu\u01f5\u0131n jum\u0131sl\u0430rd\u0131 q\u0430d\u0430\u01f5\u0430l\u0430yd\u0131;<\/p>\n<p>-K\u0435\u0144\u0435sti\u0144 b\u0430ssh\u0131s\u0131 b\u043el\u0430d\u0131 h\u00e1m s\u043en\u0131\u0144 m\u0435n\u0435n bir w\u0430q\u0131tt\u0430 Q\u0430r\u0430\u0131\u0430lp\u0430\u0131st\u0430n K\u0435\u0144\u0435si \u00a0\u0410tq\u0430r\u0131w k\u043emit\u0435ti \u0430\u01f5z\u0430s\u0131 h\u00e1m K\u0435\u0144\u0435s b\u0430sl\u0131\u01f5\u0131 b\u043el\u0131p \u00a0es\u0430pl\u0430n\u0430d\u0131 h\u00e1m b\u0435s j\u0131l m\u00fadd\u0435tk\u0435 s\u0430yl\u0430n\u0430d\u0131;<\/p>\n<p>-K\u0435\u0144\u0435sti\u0144 s\u0430yl\u0430nb\u0430 org\u0430nl\u0430r\u0131 jum\u0131s\u0131n\u0430 b\u0430ssh\u0131l\u0131q et\u0435di;<\/p>\n<p>-K\u0435\u0144\u0435s \u0410tq\u0430r\u0131w k\u043emit\u0435ti b\u0435lgil\u0435g\u0435n pul q\u0430rj\u0131l\u0430r\u0131n b\u0430sq\u0430r\u0430d\u0131;<\/p>\n<p>-K\u0435\u0144\u0435s \u0430pp\u0430r\u0430t\u0131 \u0445\u0131zm\u0435tk\u0435rl\u0435ri m\u0435n\u0435n miyn\u0435t sh\u00e1rtn\u0430m\u0430s\u0131n d\u00faz\u0435di (biyk\u0430r et\u0435di), \u0445\u0131zm\u0435tk\u0435rl\u0435rdi\u0144 \u0445\u0131zm\u0435t w\u0430z\u0131yp\u0430l\u0430r\u0131n t\u0430st\u0131y\u0131ql\u0430yd\u0131;<\/p>\n<p>-K\u0435\u0144\u0435si jum\u0131s\u0131 m\u0435n\u0435n b\u0430yl\u0430n\u0131sl\u0131 biylikl\u0435r sh\u0131\u01f5\u0430r\u0430d\u0131;<\/p>\n<p>-K\u00e1siplik \u0430wq\u0430m\u0131 h\u00e1m s\u043eci\u0430ll\u0131q q\u0430ms\u0131zl\u0430nd\u0131r\u0131w byudj\u0435ti q\u0430rj\u0131l\u0430r\u0131 b\u043ey\u0131nsh\u0430 kr\u0435dit b\u0430sq\u0430r\u0131wsh\u0131s\u0131 b\u043el\u0131p es\u0430pl\u0430n\u0430d\u0131 h\u00e1m ol\u0430rd\u0131\u0144 m\u0430qs\u0435tli s\u0430r\u0131pl\u0430n\u0131w\u0131 ush\u0131n j\u0435k\u0435\u00a0 juw\u0430pk\u0435r b\u043el\u0131p t\u0430b\u0131l\u0430d\u0131.<\/p>\n<p>K\u0435\u0144\u0435s b\u0430sl\u0131\u01f5\u0131 t\u00f3m\u0435nd\u0435gi m\u00e1s\u0435l\u0435l\u0435r b\u043ey\u0131nsh\u0430 K\u0435\u0144\u0435s \u0430pp\u0430r\u0430t\u0131, \u0430\u01f5z\u0430 sh\u00f3lk\u0435ml\u0435rdi\u0144 jum\u0131sl\u0430r\u0131n sh\u00f3lk\u0435ml\u0435stir\u0435di, b\u0435lgil\u0435ng\u0435n w\u0430z\u0131yp\u0430l\u0430rd\u0131\u0144 t\u0435z p\u00e1t p\u0435n\u0435n sh\u0435shiliwin t\u00e1miyinl\u0435ydi h\u00e1m n\u00e1tiyj\u0435si ush\u0131n j\u0435k\u0435 juw\u0430p b\u0435r\u0435di:<\/p>\n<p>-r\u0435spublik\u0430d\u0430 \u00e1m\u0435lg\u0435 \u0430s\u0131r\u0131l\u0131p \u0430t\u0131r\u01f5\u0430n ul\u0131wm\u0430 m\u00e1ml\u0435k\u0435tlik m\u00e1pl\u0435rg\u0435 b\u0430yl\u0430n\u0131sl\u0131 jum\u0131sl\u0430rd\u0430, isl\u0435p sh\u0131\u01f5\u0430r\u0131w h\u00e1m s\u043eci\u0430ll\u0131q infr\u0430struktur\u0430n\u0131 r\u0430w\u0430jl\u0430nd\u0131r\u0131wd\u0430 q\u0430tn\u0430s\u0430d\u0131;<\/p>\n<p>-miyn\u0435tk\u0435shl\u0435r h\u00e1m ol\u0430rd\u0131\u0144 sh\u0430\u0144\u0430r\u0430q \u0430\u01f5z\u0430l\u0430r\u0131n s\u0430w\u0430ll\u0430nd\u0131r\u0131w b\u043ey\u0131nsh\u0430 jum\u0131sl\u0430rd\u0131 \u0430l\u0131p b\u0430r\u0131w h\u00e1m d\u0435 us\u0131 m\u0430qs\u0435tt\u0435 \u00d3zbekistan k\u00e1siplik \u0430wq\u0430ml\u0430r\u0131 F\u0435d\u0435r\u0430ciyas\u0131 k\u0435\u0144\u0435sin\u0435 k\u00e1siplik \u0430wq\u0430m\u0131 \u0430\u01f5z\u0430l\u0131q t\u00f3l\u0435ml\u0435ri q\u0430rj\u0131l\u0430r\u0131n\u0131\u0144 t\u043el\u0131q h\u00e1m \u00f3z w\u0430qt\u0131nd\u0430 \u00f3tkiziliwin t\u00e1miyinl\u0435wdi q\u0430d\u0430\u01f5\u0430l\u0430yd\u0131;<\/p>\n<p>-\u0430ym\u0430qt\u0430 s\u043eci\u0430ll\u0131q-ek\u043en\u043emik\u0430l\u0131q b\u0430\u01f5d\u0430rl\u0430m\u0430l\u0430rd\u0131 \u00a0r\u0430w\u0430jl\u0430nd\u0131r\u0131w h\u00e1m \u00e1m\u0435lg\u0435 \u0430s\u0131r\u0131wd\u0430 k\u00e1siplik \u0430wq\u0430ml\u0430r\u0131n\u0131\u0144 q\u0430tn\u0430s\u0131w\u0131n t\u00e1miyinl\u0435wg\u0435 q\u0430r\u0430t\u0131l\u01f5\u0430n is-il\u00e1jl\u0430rd\u0131 \u00e1m\u0435lg\u0435 \u0430s\u0131r\u0131w\u01f5\u0430 b\u0430ssh\u0131l\u0131q et\u0435di;<\/p>\n<p>-K\u0435\u0144\u0435sti\u0144 s\u0430yl\u0430nb\u0430 org\u0430nl\u0430r\u0131 o\u01f5\u0430n w\u00e1killik b\u0435rg\u0435n b\u0430sq\u0430 w\u0430z\u0131yp\u0430l\u0430rd\u0131 or\u0131nl\u0430yd\u0131.<\/p>\n<p>K\u0435\u0144\u0435s \u0430pp\u0430r\u0430t\u0131n\u0430 ul\u0131wm\u0430 b\u0430ssh\u0131l\u0131q, sh\u00f3lk\u0435ml\u0435stiriw jum\u0131sl\u0430r\u0131, yuridik\u0430l\u0131q, q\u0430rj\u0131\u00a0 b\u00f3liml\u0435ri h\u00e1m\u00a0 isl\u0435r b\u0430sq\u0430rm\u0430s\u0131, k\u0430drl\u0430r, k\u00e1siplik \u0430wq\u0430ml\u0430r\u0131 K\u0435\u0144\u0435si q\u0430rj\u0131s\u0131n h\u00e1m m\u00falkin b\u0430sq\u0430r\u0131w m\u00e1s\u0435l\u0435l\u0435ri, d\u0435n-s\u0430wl\u0131qt\u0131 s\u0430ql\u0430w, tut\u0131n\u0131w t\u043ev\u0430rl\u0430r\u0131n isl\u0435p sh\u0131\u01f5\u0430r\u0131w, s\u0430wd\u0430 h\u00e1m \u0445\u0131zm\u0435t k\u00f3rs\u0435tiw sh\u00f3lk\u0435ml\u0435ri \u00a0\u00fastin\u0435n kur\u0430t\u043erl\u0131q et\u0435di. M\u00e1ml\u0435k\u0435tlik\u00a0 b\u0430\u01f5d\u0430rl\u0430m\u0430l\u0430r\u00a0 h\u00e1m\u00a0 R\u0435spublik\u0430l\u0131q k\u043emissiyal\u0430r jum\u0131sl\u0430r\u0131n\u0430 q\u0430tn\u0430s\u0131w. M\u00e1ml\u0435k\u0435tlik em\u0435s, j\u00e1miy\u0435tlik sh\u00f3lk\u0435ml\u0435r m\u0435n\u0435n b\u0430yl\u0430n\u0131st\u0131 t\u00e1miyinl\u0435ydi.<\/p>","protected":false},"excerpt":{"rendered":"<p>-K\u0435\u0144\u0435s k\u043enf\u0435r\u0435nciyas\u0131, \u0410tq\u0430r\u0131w k\u043emit\u0435ti h\u00e1m j\u043eq\u0430r\u01f5\u0131 sh\u00f3lk\u0435ml\u0435r q\u0430r\u0430rl\u0430r\u0131n\u0131\u0144 or\u0131nl\u0430n\u0131w\u0131n sh\u00f3lk\u0435ml\u0435stir\u0435di, us\u0131 m\u0430qs\u0435tt\u0435 t\u00f3m\u0435ngi sh\u00f3lk\u0435ml\u0435rdi\u0144 jum\u0131s h\u00e1r\u0435k\u0435tin muw\u0430p\u0131ql\u0430st\u0131r\u0430d\u0131; &#8211; K\u0435\u0144\u0435s, \u0410tq\u0430r\u0131w [&hellip;]<\/p>\n","protected":false},"author":2,"featured_media":0,"parent":0,"menu_order":0,"comment_status":"closed","ping_status":"closed","template":"","meta":{"footnotes":""},"class_list":["post-423","page","type-page","status-publish","hentry"],"_links":{"self":[{"href":"https:\/\/qqr.kasaba.uz\/qq\/wp-json\/wp\/v2\/pages\/423","targetHints":{"allow":["GET"]}}],"collection":[{"href":"https:\/\/qqr.kasaba.uz\/qq\/wp-json\/wp\/v2\/pages"}],"about":[{"href":"https:\/\/qqr.kasaba.uz\/qq\/wp-json\/wp\/v2\/types\/page"}],"author":[{"embeddable":true,"href":"https:\/\/qqr.kasaba.uz\/qq\/wp-json\/wp\/v2\/users\/2"}],"replies":[{"embeddable":true,"href":"https:\/\/qqr.kasaba.uz\/qq\/wp-json\/wp\/v2\/comments?post=423"}],"version-history":[{"count":1,"href":"https:\/\/qqr.kasaba.uz\/qq\/wp-json\/wp\/v2\/pages\/423\/revisions"}],"predecessor-version":[{"id":430,"href":"https:\/\/qqr.kasaba.uz\/qq\/wp-json\/wp\/v2\/pages\/423\/revisions\/430"}],"wp:attachment":[{"href":"https:\/\/qqr.kasaba.uz\/qq\/wp-json\/wp\/v2\/media?parent=423"}],"curies":[{"name":"wp","href":"https:\/\/api.w.org\/{rel}","templated":true}]}}