{"id":42,"date":"2021-06-06T19:36:17","date_gmt":"2021-06-06T16:36:17","guid":{"rendered":"http:\/\/qqr-kasaba.uz\/?page_id=42"},"modified":"2021-09-08T16:16:48","modified_gmt":"2021-09-08T11:16:48","slug":"%d0%ba%d3%99%d1%81%d0%b8%d0%bf%d0%bb%d0%b8%d0%ba-%d0%b0%d1%9e%d2%9b%d0%b0%d0%bc-%d1%88%d3%a9%d0%bb%d0%ba%d0%b5%d0%bc%d0%b8-%d2%9b%d0%b0%d0%bb%d0%b0%d0%b9-%d0%b4%d2%af%d0%b7%d0%b8%d0%bb%d0%b5%d0%b4","status":"publish","type":"page","link":"https:\/\/qqr.kasaba.uz\/qq\/%d0%ba%d3%99%d1%81%d0%b8%d0%bf%d0%bb%d0%b8%d0%ba-%d0%b0%d1%9e%d2%9b%d0%b0%d0%bc-%d1%88%d3%a9%d0%bb%d0%ba%d0%b5%d0%bc%d0%b8-%d2%9b%d0%b0%d0%bb%d0%b0%d0%b9-%d0%b4%d2%af%d0%b7%d0%b8%d0%bb%d0%b5%d0%b4","title":{"rendered":"K\u00e1siplik awqam sh\u00f3lkemi qalay d\u00faziledi?"},"content":{"rendered":"<p><strong>Eger k\u00e1rxana, sh\u00f3lkem, mekemelerde k\u00e1siplik awqam\u0131 sh\u00f3lkemi bolmasa ol qanday d\u00faziledi?<\/strong><\/p>\n<p>Eger\u00a0siz miynet etip at\u0131r\u01f5an k\u00e1rxana, sh\u00f3lkem, mekemelerde k\u00e1siplik awqam\u0131 sh\u00f3lkemi bolmasa, keminde 5 ten kem bolma\u01f5an k\u00e1siplesleri\u0144iz benen birgelikte on\u0131 d\u00faziwi\u0144iz m\u00famkin.<\/p>\n<p>Bun\u0131\u0144 ush\u0131n qays\u0131 taraw k\u00e1siplik awqam\u0131na kirmekshi bolsa\u0144\u0131z sol tarmaq k\u00e1siplik awqam\u0131n\u0131\u0144 ustav\u0131 menen tan\u0131s\u0131p sh\u0131\u01f5\u0131\u0144.<\/p>\n<p>Sonnan\u00a0keyin k\u00e1rxana (sh\u00f3lkem, mekeme) miynet j\u00e1m\u00e1\u00e1tini\u0144 ul\u0131wma j\u0131ynal\u0131s\u0131 (ul\u0131wma j\u0131ynal\u0131s shaq\u0131r\u0131wd\u0131\u0144 imkan\u0131 bolma\u01f5an iri k\u00e1rxanalarda konferenciya) \u00f3tkerilip, k\u00e1siplik awqam\u0131 sh\u00f3lkemin d\u00faziw h\u00e1m qays\u0131 tarmaq k\u00e1siplik awqam\u0131 sistemas\u0131na kiriw haqq\u0131nda qarar qab\u0131l q\u0131l\u0131nad\u0131.<\/p>\n<p>J\u0131ynal\u0131s (konferenciyada) sonday-aq:<br \/>\n\u2013 15\u00a0ke shekem k\u00e1siplik awqam\u0131 a\u01f5zas\u0131n birlestirgen baslan\u01f5\u0131sh k\u00e1siplik awqam\u0131 sh\u00f3lkemine \u2013 k\u00e1siplik awqam\u0131 sh\u00f3lkemlestiriwshisi, on\u0131\u0144 or\u0131nbasar\u0131 h\u00e1m esapsh\u0131s\u0131;<\/p>\n<p>\u2013 15\u00a0h\u00e1m onnan art\u0131q k\u00e1siplik awqamlar\u0131 a\u01f5zalar\u0131n birlestirgen baslan\u01f5\u0131sh sh\u00f3lkemde \u2013 k\u00e1siplik awqam\u0131 komiteti h\u00e1m (eger baslan\u01f5\u0131sh sh\u00f3lkem ayr\u0131qsha esap betine iye bolsa) tekseriw komissiyas\u0131 saylanad\u0131.<\/p>\n<p>Baslan\u01f5\u0131sh sh\u00f3lkem sh\u00f3lkemlestirilgennen so\u0144 on k\u00fan m\u00faddette bul haqq\u0131nda qays\u0131 tarmaq k\u00e1siplik awqam\u0131na kirmekshi bolsa, sol k\u00e1siplik awqam\u0131n\u0131\u0144 aymaql\u0131q sh\u00f3lkemine (rayon, qala ke\u0144esi, walayat birlesken komitetine), olar bolma\u01f5an t\u00e1\u01f5dirde \u2013 k\u00e1siplik awqam\u0131 Respublika ke\u0144esine xabar q\u0131l\u0131nad\u0131.<\/p>\n<p>Baslan\u01f5\u0131sh sh\u00f3lkemni\u0144 us\u0131 xat\u0131 tiykar\u0131nda k\u00e1siplik awqam\u0131n\u0131\u0144 joqar\u0131 sh\u00f3lkemi baslan\u01f5\u0131sh sh\u00f3lkemdi k\u00e1siplik awqam\u0131 x\u0131zmetine qab\u0131l q\u0131l\u0131w, on\u0131\u0144 esap betin ash\u0131w h\u00e1m m\u00f3rin tayarlaw haqq\u0131nda qarar qab\u0131l q\u0131l\u0131nad\u0131.<\/p>","protected":false},"excerpt":{"rendered":"<p>Eger k\u00e1rxana, sh\u00f3lkem, mekemelerde k\u00e1siplik awqam\u0131 sh\u00f3lkemi bolmasa ol qanday d\u00faziledi? Eger\u00a0siz miynet etip at\u0131r\u01f5an k\u00e1rxana, sh\u00f3lkem, mekemelerde k\u00e1siplik awqam\u0131 [&hellip;]<\/p>\n","protected":false},"author":1,"featured_media":0,"parent":0,"menu_order":0,"comment_status":"closed","ping_status":"closed","template":"","meta":{"footnotes":""},"class_list":["post-42","page","type-page","status-publish","hentry"],"_links":{"self":[{"href":"https:\/\/qqr.kasaba.uz\/qq\/wp-json\/wp\/v2\/pages\/42","targetHints":{"allow":["GET"]}}],"collection":[{"href":"https:\/\/qqr.kasaba.uz\/qq\/wp-json\/wp\/v2\/pages"}],"about":[{"href":"https:\/\/qqr.kasaba.uz\/qq\/wp-json\/wp\/v2\/types\/page"}],"author":[{"embeddable":true,"href":"https:\/\/qqr.kasaba.uz\/qq\/wp-json\/wp\/v2\/users\/1"}],"replies":[{"embeddable":true,"href":"https:\/\/qqr.kasaba.uz\/qq\/wp-json\/wp\/v2\/comments?post=42"}],"version-history":[{"count":5,"href":"https:\/\/qqr.kasaba.uz\/qq\/wp-json\/wp\/v2\/pages\/42\/revisions"}],"predecessor-version":[{"id":598,"href":"https:\/\/qqr.kasaba.uz\/qq\/wp-json\/wp\/v2\/pages\/42\/revisions\/598"}],"wp:attachment":[{"href":"https:\/\/qqr.kasaba.uz\/qq\/wp-json\/wp\/v2\/media?parent=42"}],"curies":[{"name":"wp","href":"https:\/\/api.w.org\/{rel}","templated":true}]}}