{"id":40,"date":"2021-06-06T19:35:51","date_gmt":"2021-06-06T16:35:51","guid":{"rendered":"http:\/\/qqr-kasaba.uz\/?page_id=40"},"modified":"2021-09-08T16:13:05","modified_gmt":"2021-09-08T11:13:05","slug":"%d0%ba%d3%99%d1%81%d0%b8%d0%bf%d0%bb%d0%b8%d0%ba-%d0%b0%d1%9e%d2%9b%d0%b0%d0%bc%d2%93%d0%b0-%d2%9b%d0%b0%d0%bb%d0%b0%d0%b9-%d0%b0%d2%93%d0%b7%d0%b0-%d0%b1%d0%be%d0%bb%d1%8b%d1%9e-%d0%bc%d2%af%d0%bc","status":"publish","type":"page","link":"https:\/\/qqr.kasaba.uz\/qq\/%d0%ba%d3%99%d1%81%d0%b8%d0%bf%d0%bb%d0%b8%d0%ba-%d0%b0%d1%9e%d2%9b%d0%b0%d0%bc%d2%93%d0%b0-%d2%9b%d0%b0%d0%bb%d0%b0%d0%b9-%d0%b0%d2%93%d0%b7%d0%b0-%d0%b1%d0%be%d0%bb%d1%8b%d1%9e-%d0%bc%d2%af%d0%bc","title":{"rendered":"K\u00e1siplik awqam\u01f5a qalay a\u01f5za bol\u0131w m\u00famkin?"},"content":{"rendered":"<p>K\u00e1siplik awqam\u01f5a a\u01f5za bol\u0131w j\u00fad\u00e1 a\u0144sat.<\/p>\n<p>Eger\u00a0siz miynet etip at\u0131r\u01f5an k\u00e1rxana, sh\u00f3lkem, mekemelerde k\u00e1siplik awqam\u0131 sh\u00f3lkemi d\u00fazilgen bolsa, k\u00e1siplik awqam\u0131 komiteti (k\u00e1siplik awqam\u0131 sh\u00f3lkemlestiriwshisi)ne arza menen m\u00far\u00e1j\u00e1\u00e1t eti\u0144.<\/p>\n<p>K\u00e1siplik awqam\u0131 komiteti (k\u00e1siplik awqam\u0131 sh\u00f3lkemini\u0144 ul\u0131wma jiynal\u0131s\u0131) arza\u0144\u0131zd\u0131 k\u00f3rip sh\u0131\u01f5\u0131p, sizdi a\u01f5zal\u0131qqa qab\u0131l etiw haqq\u0131nda qarar qab\u0131l q\u0131lad\u0131 h\u00e1m sizge birden-bir \u00falgidegi a\u01f5zal\u0131q bileti beriledi.<\/p>\n<p>K\u00e1siplik awqam\u0131 a\u01f5zal\u0131qqa qab\u0131l etiw s\u00e1nesi tiyisli qarar qab\u0131l q\u0131l\u0131n\u01f5annan baslap esaplanad\u0131.<\/p>\n<p>Eger siz a\u01f5zal\u0131qqa qab\u0131l q\u0131l\u0131n\u01f5annan so\u0144 bir tarmaq sistemas\u0131nda\u01f5\u0131 k\u00e1rxana, sh\u00f3lkemnen basqa tarmaq sistemas\u0131nda\u01f5\u0131 k\u00e1rxana iske, tiyislisinshe bir tarmaq k\u00e1siplik awqam\u0131nan basqa tarmaq k\u00e1siplik awqam\u0131na \u00f3tse\u0144iz, miynet jol\u0131\u0144\u0131zd\u0131 waqt\u0131nsha yamasa ul\u0131wma toqtatsa\u0144\u0131z, k\u00e1siplik awqam\u0131 sh\u00f3lkemi menen baylan\u0131st\u0131 \u00fazbew h\u00e1m a\u01f5zal\u0131q t\u00f3lemlerin t\u00f3lep tur\u0131w sh\u00e1rti menen, k\u00e1siplik awqam\u0131na a\u01f5zal\u0131\u01f5\u0131\u0144\u0131z saqlap qal\u0131nad\u0131.<\/p>\n<p>K\u00e1siplik awqam\u0131 a\u01f5zas\u0131:<\/p>\n<p>k\u00e1siplik awqamlar\u0131nan biypul huq\u0131q\u0131y j\u00e1rdem al\u0131w, m\u00e1mleket, sud h\u00e1m m\u00falk k\u00f3rinisinen q\u00e1tiy n\u00e1zer, xojal\u0131q organlar\u0131nda miynet m\u00fan\u00e1sibetlerge baylan\u0131sl\u0131 m\u00e1seleler boy\u0131nsha k\u00e1siplik awqamlar\u0131n\u0131\u0144 qor\u01f5aw\u0131nda bol\u0131w;<\/p>\n<p>k\u00e1siplik awqam organlar\u0131na saylaw h\u00e1m saylan\u0131w, joqar\u0131 k\u00e1siplik awqamlar\u0131 organlar\u0131na m\u00far\u00e1j\u00e1\u00e1t etiw;<\/p>\n<p>k\u00e1siplik awqamlar\u0131 t\u00e1repinen sh\u00f3lkemlestiriletu\u01f5\u0131n t\u00e1dbirlerinde qatnas\u0131w, \u00f3z pikirin erin bayan etiw, \u00f3z jum\u0131s\u0131na baylan\u0131sl\u0131 maseleler k\u00f3rilip at\u0131r\u01f5an m\u00e1jilis, j\u0131ynal\u0131s yamasa konferenciyalarda qatnas\u0131w;<\/p>\n<p>k\u00e1siplik awqamlar\u0131 quram\u0131nda\u01f5\u0131 sanatoriy h\u00e1m dem al\u0131w or\u0131nlar\u0131nda \u00f3z sawl\u0131qlarin tiklew, perzentlerin dem al\u0131w oraylar\u0131nda dem ald\u0131r\u0131w boy\u0131nsha je\u0144illetilgen jollamalar al\u0131w, k\u00e1siplik awqamlar\u0131n\u0131\u0144 m\u00e1deniyat mekemeleri h\u00e1m sport maydanlar\u0131nan paydalan\u0131w huq\u0131q\u0131na iye.<\/p>\n<p>Sonday-aq, \u00d3zbekstan k\u00e1siplik awqamlar\u0131 Federaciyas\u0131 h\u00e1mde taraw k\u00e1siplik awqamlar\u0131n\u0131\u0144 Ustavlar\u0131na \u00e1mel etiw, k\u00e1siplik awqam\u0131 organlar\u0131 qararlar\u0131n\u0131\u0144, j\u00e1m\u00e1\u00e1t sh\u00e1rtnamalar\u0131 h\u00e1m kelisiwlerini\u0144 or\u0131nlan\u0131w\u0131na k\u00f3meklesiw, k\u00e1siplik awqamlar\u0131 jum\u0131slar\u0131nda aktiv t\u00farde qatnas\u0131w k\u00e1siplik awqam\u0131 a\u01f5zas\u0131n\u0131\u0144 waz\u0131ypas\u0131 esaplanad\u0131.<\/p>","protected":false},"excerpt":{"rendered":"<p>K\u00e1siplik awqam\u01f5a a\u01f5za bol\u0131w j\u00fad\u00e1 a\u0144sat. Eger\u00a0siz miynet etip at\u0131r\u01f5an k\u00e1rxana, sh\u00f3lkem, mekemelerde k\u00e1siplik awqam\u0131 sh\u00f3lkemi d\u00fazilgen bolsa, k\u00e1siplik awqam\u0131 [&hellip;]<\/p>\n","protected":false},"author":1,"featured_media":0,"parent":0,"menu_order":0,"comment_status":"closed","ping_status":"closed","template":"","meta":{"footnotes":""},"class_list":["post-40","page","type-page","status-publish","hentry"],"_links":{"self":[{"href":"https:\/\/qqr.kasaba.uz\/qq\/wp-json\/wp\/v2\/pages\/40","targetHints":{"allow":["GET"]}}],"collection":[{"href":"https:\/\/qqr.kasaba.uz\/qq\/wp-json\/wp\/v2\/pages"}],"about":[{"href":"https:\/\/qqr.kasaba.uz\/qq\/wp-json\/wp\/v2\/types\/page"}],"author":[{"embeddable":true,"href":"https:\/\/qqr.kasaba.uz\/qq\/wp-json\/wp\/v2\/users\/1"}],"replies":[{"embeddable":true,"href":"https:\/\/qqr.kasaba.uz\/qq\/wp-json\/wp\/v2\/comments?post=40"}],"version-history":[{"count":4,"href":"https:\/\/qqr.kasaba.uz\/qq\/wp-json\/wp\/v2\/pages\/40\/revisions"}],"predecessor-version":[{"id":597,"href":"https:\/\/qqr.kasaba.uz\/qq\/wp-json\/wp\/v2\/pages\/40\/revisions\/597"}],"wp:attachment":[{"href":"https:\/\/qqr.kasaba.uz\/qq\/wp-json\/wp\/v2\/media?parent=40"}],"curies":[{"name":"wp","href":"https:\/\/api.w.org\/{rel}","templated":true}]}}