{"id":3768,"date":"2026-05-13T15:13:06","date_gmt":"2026-05-13T10:13:06","guid":{"rendered":"https:\/\/qqr.kasaba.uz\/?page_id=3768"},"modified":"2026-05-13T15:24:38","modified_gmt":"2026-05-13T10:24:38","slug":"uraltaj","status":"publish","type":"page","link":"https:\/\/qqr.kasaba.uz\/qq\/uraltaj","title":{"rendered":"Quraltay"},"content":{"rendered":"<p><a href=\"https:\/\/kasaba.uz\/wp-content\/uploads\/2026\/data\/9qurultoy1.pdf\">\u00d3zbekstan k\u00e1siplik awqamlar\u0131 Federaciyasi IX Quraltay\u0131 Qarar\u0131<\/a> (\u00d3zbekstan k\u00e1siplik awqamlar\u0131 Federaciyas\u0131n\u0131\u0144 01.11.2025 j\u0131lda\u01f5\u0131 IX-1 sanl\u0131 Qarar\u0131) h\u00e1m <a href=\"https:\/\/kasaba.uz\/wp-content\/uploads\/2026\/data\/9qurultoy2.pdf\">\u00d3zbekstan k\u00e1siplik awqamlar\u0131 Federaciyas\u0131n\u0131\u0144 2026-2030 j\u0131llar\u01f5a m\u00f3lsherlengen Strategiyal\u0131q j\u00f3neslisleri<\/a>.<\/p>\n<p><a href=\"https:\/\/kasaba.uz\/category\/federation\/kurultaj\/\">Quraltay haqq\u0131nda\u01f5\u0131 xabarlar<\/a><\/p>","protected":false},"excerpt":{"rendered":"<p>\u00d3zbekstan k\u00e1siplik awqamlar\u0131 Federaciyasi IX Quraltay\u0131 Qarar\u0131 (\u00d3zbekstan k\u00e1siplik awqamlar\u0131 Federaciyas\u0131n\u0131\u0144 01.11.2025 j\u0131lda\u01f5\u0131 IX-1 sanl\u0131 Qarar\u0131) h\u00e1m \u00d3zbekstan k\u00e1siplik awqamlar\u0131 [&hellip;]<\/p>\n","protected":false},"author":2,"featured_media":0,"parent":0,"menu_order":0,"comment_status":"closed","ping_status":"closed","template":"","meta":{"footnotes":""},"class_list":["post-3768","page","type-page","status-publish","hentry"],"_links":{"self":[{"href":"https:\/\/qqr.kasaba.uz\/qq\/wp-json\/wp\/v2\/pages\/3768","targetHints":{"allow":["GET"]}}],"collection":[{"href":"https:\/\/qqr.kasaba.uz\/qq\/wp-json\/wp\/v2\/pages"}],"about":[{"href":"https:\/\/qqr.kasaba.uz\/qq\/wp-json\/wp\/v2\/types\/page"}],"author":[{"embeddable":true,"href":"https:\/\/qqr.kasaba.uz\/qq\/wp-json\/wp\/v2\/users\/2"}],"replies":[{"embeddable":true,"href":"https:\/\/qqr.kasaba.uz\/qq\/wp-json\/wp\/v2\/comments?post=3768"}],"version-history":[{"count":2,"href":"https:\/\/qqr.kasaba.uz\/qq\/wp-json\/wp\/v2\/pages\/3768\/revisions"}],"predecessor-version":[{"id":3775,"href":"https:\/\/qqr.kasaba.uz\/qq\/wp-json\/wp\/v2\/pages\/3768\/revisions\/3775"}],"wp:attachment":[{"href":"https:\/\/qqr.kasaba.uz\/qq\/wp-json\/wp\/v2\/media?parent=3768"}],"curies":[{"name":"wp","href":"https:\/\/api.w.org\/{rel}","templated":true}]}}