{"id":3751,"date":"2026-05-13T10:42:26","date_gmt":"2026-05-13T05:42:26","guid":{"rendered":"https:\/\/qqr.kasaba.uz\/?page_id=3751"},"modified":"2026-05-13T10:49:14","modified_gmt":"2026-05-13T05:49:14","slug":"zkaf-ustavy","status":"publish","type":"page","link":"https:\/\/qqr.kasaba.uz\/qq\/zkaf-ustavy","title":{"rendered":"\u00d3ZKAF ustav\u0131"},"content":{"rendered":"<p><a href=\"https:\/\/qqr.kasaba.uz\/wp-content\/uploads\/2026\/05\/ustav2025.pdf\">\u00d3zbekstan k\u00e1siplik awqamlar\u0131 Federaciyas\u0131 ustav\u0131 (ja\u0144a redakciya)<\/a><\/p>","protected":false},"excerpt":{"rendered":"<p>\u00d3zbekstan k\u00e1siplik awqamlar\u0131 Federaciyas\u0131 ustav\u0131 (ja\u0144a redakciya)<\/p>\n","protected":false},"author":2,"featured_media":0,"parent":0,"menu_order":0,"comment_status":"closed","ping_status":"closed","template":"","meta":{"footnotes":""},"class_list":["post-3751","page","type-page","status-publish","hentry"],"_links":{"self":[{"href":"https:\/\/qqr.kasaba.uz\/qq\/wp-json\/wp\/v2\/pages\/3751","targetHints":{"allow":["GET"]}}],"collection":[{"href":"https:\/\/qqr.kasaba.uz\/qq\/wp-json\/wp\/v2\/pages"}],"about":[{"href":"https:\/\/qqr.kasaba.uz\/qq\/wp-json\/wp\/v2\/types\/page"}],"author":[{"embeddable":true,"href":"https:\/\/qqr.kasaba.uz\/qq\/wp-json\/wp\/v2\/users\/2"}],"replies":[{"embeddable":true,"href":"https:\/\/qqr.kasaba.uz\/qq\/wp-json\/wp\/v2\/comments?post=3751"}],"version-history":[{"count":4,"href":"https:\/\/qqr.kasaba.uz\/qq\/wp-json\/wp\/v2\/pages\/3751\/revisions"}],"predecessor-version":[{"id":3757,"href":"https:\/\/qqr.kasaba.uz\/qq\/wp-json\/wp\/v2\/pages\/3751\/revisions\/3757"}],"wp:attachment":[{"href":"https:\/\/qqr.kasaba.uz\/qq\/wp-json\/wp\/v2\/media?parent=3751"}],"curies":[{"name":"wp","href":"https:\/\/api.w.org\/{rel}","templated":true}]}}