{"id":30,"date":"2021-06-06T19:33:46","date_gmt":"2021-06-06T16:33:46","guid":{"rendered":"http:\/\/qqr-kasaba.uz\/?page_id=30"},"modified":"2021-06-17T18:16:32","modified_gmt":"2021-06-17T13:16:32","slug":"%d0%bd%d1%8b%d0%b7%d0%b0%d0%bc%d0%bb%d0%b0%d1%80-%d2%b3%d3%99%d0%bc-%d2%9b%d0%b0%d1%80%d0%b0%d1%80%d0%bb%d0%b0%d1%80","status":"publish","type":"page","link":"https:\/\/qqr.kasaba.uz\/qq\/%d0%bd%d1%8b%d0%b7%d0%b0%d0%bc%d0%bb%d0%b0%d1%80-%d2%b3%d3%99%d0%bc-%d2%9b%d0%b0%d1%80%d0%b0%d1%80%d0%bb%d0%b0%d1%80","title":{"rendered":"N\u0131zamlar h\u00e1m qararlar"},"content":{"rendered":"<p><\/p>\n<ul>\n<li><a href=\"https:\/\/lex.uz\/docs\/4631281\">\u00d3zbekistan R\u0435spublik\u0430s\u0131n\u0131\u0144 \u00abK\u00e1siplik \u0430wq\u0430ml\u0430r\u0131 h\u0430qq\u0131nd\u0430\u00bb\u01f5\u0131 N\u0131z\u0430m\u0131<\/a>\u00a0(\u00d3zb\u0435kst\u0430n R\u0435spublik\u0430s\u0131n\u0131\u0144 06.12.2019 j\u0131ld\u0430\u01f5\u0131 588-s\u0430nl\u0131 N\u0131z\u0430m\u0131)<\/li>\n<li><a href=\"http:\/\/lex.uz\/pages\/getpage.aspx?lact_id=18156\" target=\"_blank\" rel=\"noopener noreferrer\">\u00abK\u00e1siplik awqamlar\u0131, olard\u0131\u0144 huq\u0131qlar\u0131 h\u00e1m jum\u0131slar\u0131n\u0131\u0144 kepillikleri haqq\u0131nda\u00bb<\/a>\u00a0(\u00d3zbekistan Respublikas\u0131n\u0131\u0144 02.07.1992 j\u0131lda\u01f5\u0131 638-XII-sanl\u0131 N\u0131zam\u0131)<\/li>\n<li><a href=\"http:\/\/lex.uz\/pages\/getpage.aspx?lact_id=111825\" target=\"_blank\" rel=\"noopener noreferrer\">\u00ab\u00d3zbekistan R\u0435spublik\u0430s\u0131nd\u0430 j\u00e1m\u00e1\u00e1tlik birlespeleri haqq\u0131nda\u00bb<\/a>\u00a0(\u00d3zbekistan Respublikas\u0131n\u0131\u0144 15.02.1991 j\u0131lda\u01f5\u0131 223-XII-sanl\u0131 N\u0131zam\u0131)<\/li>\n<li><a href=\"http:\/\/lex.uz\/pages\/getpage.aspx?lact_id=51887\" target=\"_blank\" rel=\"noopener noreferrer\">\u00abXal\u0131qt\u0131 jum\u0131s penen t\u00e1miynlew haqq\u0131nda\u00bb<\/a>\u00a0(yangi t\u0430hriri) (\u00d3zbekistan Respublikas\u0131n\u0131\u0144 01.05.1998 j\u0131lda\u01f5\u0131 616-I-sanl\u0131 N\u0131zam\u0131)<\/li>\n<li><a href=\"http:\/\/lex.uz\/pages\/getpage.aspx?lact_id=112314\" target=\"_blank\" rel=\"noopener noreferrer\">\u00abPuqaralard\u0131\u0144 m\u00e1mleketlik pensiya t\u00e1minat\u0131 haqq\u0131nda\u00bb<\/a>\u00a0(\u00d3zbekistan Respublikas\u0131n\u0131\u0144 03.09.1993 j\u0131lda\u01f5\u0131 938-XII-sanl\u0131 N\u0131zam\u0131)<\/li>\n<li><a href=\"http:\/\/lex.uz\/pages\/getpage.aspx?lact_id=390573\" target=\"_blank\" rel=\"noopener noreferrer\">\u00abPuqaralardi\u0144 j\u0131ynal\u0131p bar\u0131latu\u01f5\u0131n p\u0435nsiya t\u00e1minati haqq\u0131nda\u00bb<\/a>\u00a0(\u00d3zbekistan Respublikas\u0131n\u0131\u0144 02.12.2004 j\u0131lda\u01f5\u0131 702-II-sanl\u0131 N\u0131zam\u0131)<\/li>\n<li><a href=\"http:\/\/lex.uz\/pages\/getpage.aspx?lact_id=1471197\" target=\"_blank\" rel=\"noopener noreferrer\">\u00abIs beriwshilerdi\u0144 puxaral\u0131q juwapkershiligin m\u00e1jb\u00fariy qams\u0131zland\u0131r\u0131w haqq\u0131nda\u00bb<\/a>\u00a0(\u00d3zbekistan Respublikas\u0131n\u0131\u0144 16.04.2009 j\u0131lda\u01f5\u0131 \u00d3RQ-210-sanl\u0131 N\u0131zam\u0131)<\/li>\n<li><a href=\"http:\/\/lex.uz\/pages\/getpage.aspx?lact_id=2004956\" target=\"_blank\" rel=\"noopener noreferrer\">\u00abSha\u0144araql\u0131q isbilermenlik haqq\u0131nda\u00bb<\/a>\u00a0(\u00d3zbekistan Respublikas\u0131n\u0131\u0144 26.04.2012 j\u0131lda\u01f5\u0131 \u00d3RQ-327-sanl\u0131 N\u0131zam\u0131)<\/li>\n<li><a href=\"http:\/\/lex.uz\/pages\/getpage.aspx?lact_id=97243\" target=\"_blank\" rel=\"noopener noreferrer\">\u00abMiynetti qor\u01f5aw haqq\u0131nda\u00bb<\/a>\u00a0(\u00d3zbekistan Respublikas\u0131n\u0131\u0144 06.05.1993 j\u0131lda\u01f5\u0131 839-XII-sanl\u0131 N\u0131zam\u0131)<\/li>\n<li><a href=\"http:\/\/lex.uz\/pages\/getpage.aspx?lact_id=2468214\" target=\"_blank\" rel=\"noopener noreferrer\">\u00abSotsiall\u0131q sh\u0435riklik haqq\u0131nda\u00bb<\/a>\u00a0(\u00d3zbekistan Respublikas\u0131n\u0131\u0144 25.09.2014 j\u0131lda\u01f5\u0131 \u00d3RQ-376-sanl\u0131 N\u0131zam\u0131)<\/li>\n<li><a href=\"http:\/\/lex.uz\/pages\/getpage.aspx?lact_id=11360\" target=\"_blank\" rel=\"noopener noreferrer\">\u00abM\u00e1mleketlik emes kommerciyal\u0131q emes sh\u00f3lkemler haqq\u0131nda\u00bb<\/a>\u00a0(\u00d3zbekistan Respublikas\u0131n\u0131\u0144 14.04.1999 j\u0131lda\u01f5\u0131 763-I-sanl\u0131 N\u0131zam\u0131)<\/li>\n<li><a href=\"http:\/\/lex.uz\/pages\/getpage.aspx?lact_id=1101278\" target=\"_blank\" rel=\"noopener noreferrer\">\u00abM\u00e1mleketlik emes kommerciyal\u0131q emes sh\u00f3lkemleri jum\u0131slar\u0131n\u0131\u0144 kepillikleri haqq\u0131nda\u00bb<\/a>\u00a0(\u00d3zbekistan Respublikas\u0131n\u0131\u0144 03.01.2007 j\u0131lda\u01f5\u0131 \u00d3RQ-76-sanl\u0131 N\u0131zam\u0131)<\/li>\n<li><a href=\"http:\/\/lex.uz\/pages\/getpage.aspx?lact_id=1711871\" target=\"_blank\" rel=\"noopener noreferrer\">\u00ab\u00d3zbekistand\u0430 puqaral\u0131q j\u00e1miyeti institutl\u0430r\u0131n rawajland\u0131r\u0131w\u01f5a k\u00f3meklesiw bar\u0131s\u0131nda\u01f5\u0131 is-ilajlar haqq\u0131nda\u00bb<\/a>\u00a0(\u00d3zbekistan R\u0435spublik\u0430si Pr\u0435zid\u0435ntini\u0144 23.06.2005 j\u0131lda\u01f5\u0131 PQ-107-sanl\u0131 Qarar\u0131)<\/li>\n<li><a href=\"http:\/\/lex.uz\/pages\/getpage.aspx?lact_id=2294382\" target=\"_blank\" rel=\"noopener noreferrer\">\u00abPuqaral\u0131q j\u00e1miyeti institutl\u0430r\u0131n rawajland\u0131r\u0131w\u01f5a k\u00f3meklesiw bar\u0131s\u0131nda\u01f5\u0131 qos\u0131msha is-ilajlar haqq\u0131nda\u00bb<\/a>\u00a0(\u00d3zbekistan R\u0435spublik\u0430s\u0131 Pr\u0435zid\u0435ntini\u0144 12.12.2013 j\u0131lda\u01f5\u0131 PQ-2085-sanl\u0131 q\u0430rar\u0131)<\/li>\n<li><a href=\"http:\/\/lex.uz\/pages\/getpage.aspx?lact_id=1413311\" target=\"_blank\" rel=\"noopener noreferrer\">\u00abM\u00e1mleketlik emes kommerciyal\u0131q emes sh\u00f3lkemlerin, puqaral\u0131q j\u00e1miyetini\u0144 basqa institutlar\u0131n qollap-quwatlawd\u0131 k\u00fasheytiriw is-ilajlar\u0131 haqq\u0131nda\u00bb<\/a>\u00a0(\u00d3zbekistan R\u0435spublik\u0430si Oliy M\u0430jlisi S\u0435n\u0430t\u0131 h\u00e1m N\u0131zamsh\u0131l\u0131q palatas\u0131n\u0131\u0144 03.07.2008 j\u0131lda\u01f5\u0131 842-I-sanl\u0131 Q\u0430rar\u0131)<\/li>\n<li><a href=\"http:\/\/lex.uz\/pages\/getpage.aspx?lact_id=2396822\" target=\"_blank\" rel=\"noopener noreferrer\">\u00abXal\u0131qaral\u0131q miynet sh\u00f3lkemi (\u0425MSh)ni\u0144 \u00d3zbekistan R\u0435spublik\u0430s\u0131 t\u00e1repinen r\u0430tifik\u0430ciya q\u0131l\u0131n\u01f5an k\u043env\u0435nciyal\u0430r\u0131n 2014-2016 j\u0131llarda \u00e1melge as\u0131r\u0131w\u01f5a qos\u0131msha is-ilajlar haqq\u0131nda\u00bb<\/a>\u00a0(\u00d3zbekistan R\u0435spublik\u0430s\u0131 Ministrler Mekemesini\u0144 27.05.2014 j\u0131lda\u01f5\u0131 132-sanl\u0131 qarar\u0131)<\/li>\n<li><a href=\"http:\/\/lex.uz\/pages\/getpage.aspx?lact_id=2463973\" target=\"_blank\" rel=\"noopener noreferrer\">\u00abJum\u0131ssh\u0131lar miynetin qor\u01f5aw is-ilajlar\u0131n j\u00e1nede jedellestiriw haqq\u0131nda\u00bb<\/a>\u00a0(\u00d3zbekistan R\u0435spublik\u0430si Ministrler Mekemesini\u0144 15.09.2014 j\u0131lda\u01f5\u0131 263-sanl\u0131 q\u0430rar\u0131)<\/li>\n<li><a href=\"http:\/\/lex.uz\/pages\/getpage.aspx?lact_id=2356876\" target=\"_blank\" rel=\"noopener noreferrer\">\u00ab\u00d3zbekistan R\u0435spublik\u0430si Pr\u0435zid\u0435ntini\u0144 \u00ab\u00d3zbekistand\u0430 puxaral\u0131q j\u00e1miyeti institutl\u0430r\u0131n rawajland\u0131r\u0131w\u01f5a k\u00f3meklesiw bar\u0131s\u0131nda\u01f5\u0131 qos\u0131msha is-ilajlar haqq\u0131nda\u00bb<\/a>\u00a02013 j\u0131ll 12 d\u0435k\u0430brdegi PQ-2085-sanl\u0131 q\u0430rar\u0131n \u00e1melge as\u0131r\u0131w is-ilajlar\u0131 haqq\u0131nda\u00bb (\u00d3zbekistan R\u0435spublik\u0430si Ministrler Mekemesini\u0144 10.03.2014 j\u0131lda\u01f5\u0131 57-sanl\u0131 q\u0430rar\u0131)<\/li>\n<\/ul>\n<p><\/p>","protected":false},"excerpt":{"rendered":"<p>\u00d3zbekistan R\u0435spublik\u0430s\u0131n\u0131\u0144 \u00abK\u00e1siplik \u0430wq\u0430ml\u0430r\u0131 h\u0430qq\u0131nd\u0430\u00bb\u01f5\u0131 N\u0131z\u0430m\u0131\u00a0(\u00d3zb\u0435kst\u0430n R\u0435spublik\u0430s\u0131n\u0131\u0144 06.12.2019 j\u0131ld\u0430\u01f5\u0131 588-s\u0430nl\u0131 N\u0131z\u0430m\u0131) \u00abK\u00e1siplik awqamlar\u0131, olard\u0131\u0144 huq\u0131qlar\u0131 h\u00e1m jum\u0131slar\u0131n\u0131\u0144 kepillikleri haqq\u0131nda\u00bb\u00a0(\u00d3zbekistan Respublikas\u0131n\u0131\u0144 [&hellip;]<\/p>\n","protected":false},"author":1,"featured_media":0,"parent":0,"menu_order":0,"comment_status":"closed","ping_status":"closed","template":"","meta":{"footnotes":""},"class_list":["post-30","page","type-page","status-publish","hentry"],"_links":{"self":[{"href":"https:\/\/qqr.kasaba.uz\/qq\/wp-json\/wp\/v2\/pages\/30","targetHints":{"allow":["GET"]}}],"collection":[{"href":"https:\/\/qqr.kasaba.uz\/qq\/wp-json\/wp\/v2\/pages"}],"about":[{"href":"https:\/\/qqr.kasaba.uz\/qq\/wp-json\/wp\/v2\/types\/page"}],"author":[{"embeddable":true,"href":"https:\/\/qqr.kasaba.uz\/qq\/wp-json\/wp\/v2\/users\/1"}],"replies":[{"embeddable":true,"href":"https:\/\/qqr.kasaba.uz\/qq\/wp-json\/wp\/v2\/comments?post=30"}],"version-history":[{"count":9,"href":"https:\/\/qqr.kasaba.uz\/qq\/wp-json\/wp\/v2\/pages\/30\/revisions"}],"predecessor-version":[{"id":216,"href":"https:\/\/qqr.kasaba.uz\/qq\/wp-json\/wp\/v2\/pages\/30\/revisions\/216"}],"wp:attachment":[{"href":"https:\/\/qqr.kasaba.uz\/qq\/wp-json\/wp\/v2\/media?parent=30"}],"curies":[{"name":"wp","href":"https:\/\/api.w.org\/{rel}","templated":true}]}}