{"id":2971,"date":"2025-02-04T10:33:20","date_gmt":"2025-02-04T05:33:20","guid":{"rendered":"https:\/\/qqr.kasaba.uz\/?page_id=2971"},"modified":"2025-02-04T11:52:31","modified_gmt":"2025-02-04T06:52:31","slug":"esabat-sajla-lary","status":"publish","type":"page","link":"https:\/\/qqr.kasaba.uz\/qq\/esabat-sajla-lary","title":{"rendered":"ESABAT-SAYLAWLAR\u00cd"},"content":{"rendered":"<p><img loading=\"lazy\" decoding=\"async\" class=\"alignnone\" src=\"https:\/\/qqr.kasaba.uz\/wp-content\/uploads\/2021\/09\/pdf.png\" width=\"24\" height=\"29\" \/> <a href=\"https:\/\/qqr.kasaba.uz\/wp-content\/uploads\/2025\/02\/V_3_Esabat_sajlaular_otkeriu_h_da_26_12_2025_kungi.pdf\">Ke\u0144es M\u00e1jilisi Qarar\u0131 \u00d3zbekstan k\u00e1siplik awqamlar\u0131 Federaciyas\u0131n\u0131\u0144 Qaraqalpaqstan k\u00e1siplik awqamlar\u0131 organlar\u0131nda esabat-saylawlard\u0131 \u00f3tkeriw haqq\u0131nda<\/a><\/p>\n<p><img loading=\"lazy\" decoding=\"async\" class=\"alignnone\" src=\"https:\/\/qqr.kasaba.uz\/wp-content\/uploads\/2021\/09\/MS-office-word.png\" width=\"24\" height=\"24\" \/> <a href=\"https:\/\/qqr.kasaba.uz\/wp-content\/uploads\/2025\/02\/USYNYSLAR-zhyjnalys-BT-1111.doc\">Baslan\u01f5\u0131sh k\u00e1siplik awqam sh\u00f3lkemlerde esabat-saylaw j\u0131ynal\u0131slar\u0131n \u00f3tkeriwde h\u00fajjetlerdi r\u00e1smiylestiriw boy\u0131nsha us\u0131n\u0131slar<\/a><\/p>","protected":false},"excerpt":{"rendered":"<p>Ke\u0144es M\u00e1jilisi Qarar\u0131 \u00d3zbekstan k\u00e1siplik awqamlar\u0131 Federaciyas\u0131n\u0131\u0144 Qaraqalpaqstan k\u00e1siplik awqamlar\u0131 organlar\u0131nda esabat-saylawlard\u0131 \u00f3tkeriw haqq\u0131nda Baslan\u01f5\u0131sh k\u00e1siplik awqam sh\u00f3lkemlerde esabat-saylaw j\u0131ynal\u0131slar\u0131n [&hellip;]<\/p>\n","protected":false},"author":2,"featured_media":0,"parent":0,"menu_order":0,"comment_status":"closed","ping_status":"closed","template":"","meta":{"footnotes":""},"class_list":["post-2971","page","type-page","status-publish","hentry"],"_links":{"self":[{"href":"https:\/\/qqr.kasaba.uz\/qq\/wp-json\/wp\/v2\/pages\/2971","targetHints":{"allow":["GET"]}}],"collection":[{"href":"https:\/\/qqr.kasaba.uz\/qq\/wp-json\/wp\/v2\/pages"}],"about":[{"href":"https:\/\/qqr.kasaba.uz\/qq\/wp-json\/wp\/v2\/types\/page"}],"author":[{"embeddable":true,"href":"https:\/\/qqr.kasaba.uz\/qq\/wp-json\/wp\/v2\/users\/2"}],"replies":[{"embeddable":true,"href":"https:\/\/qqr.kasaba.uz\/qq\/wp-json\/wp\/v2\/comments?post=2971"}],"version-history":[{"count":21,"href":"https:\/\/qqr.kasaba.uz\/qq\/wp-json\/wp\/v2\/pages\/2971\/revisions"}],"predecessor-version":[{"id":2995,"href":"https:\/\/qqr.kasaba.uz\/qq\/wp-json\/wp\/v2\/pages\/2971\/revisions\/2995"}],"wp:attachment":[{"href":"https:\/\/qqr.kasaba.uz\/qq\/wp-json\/wp\/v2\/media?parent=2971"}],"curies":[{"name":"wp","href":"https:\/\/api.w.org\/{rel}","templated":true}]}}