{"id":28,"date":"2021-06-06T19:33:14","date_gmt":"2021-06-06T16:33:14","guid":{"rendered":"http:\/\/qqr-kasaba.uz\/?page_id=28"},"modified":"2022-07-28T16:55:29","modified_gmt":"2022-07-28T11:55:29","slug":"sitemaps","status":"publish","type":"page","link":"https:\/\/qqr.kasaba.uz\/qq\/sitemaps","title":{"rendered":"Sayt kartas\u0131"},"content":{"rendered":"<p><span style=\"color: #0f60ab;\">K\u0415\u0143\u0415S<\/span><\/p>\n<ul style=\"list-style-type: circle;\">\n<li><a href=\"https:\/\/qqr.kasaba.uz\/qq\/%d0%b1%d0%b0%d1%81%d1%88%d1%8b%d0%bb%d0%b0%d1%80\">B\u0430ssh\u0131l\u0430r<\/a><\/li>\n<li><a href=\"https:\/\/qqr.kasaba.uz\/qq\/%d0%b1%d3%a9%d0%bb%d0%b8%d0%bc%d0%bb%d0%b5%d1%80\">B\u00f3liml\u0435r<\/a><\/li>\n<li><a href=\"https:\/\/qqr.kasaba.uz\/qq\/%d0%b6%d1%83%d1%9e%d0%b0%d0%bf%d0%bb%d1%8b-%d1%88%d3%a9%d0%bb%d0%ba%d0%b5%d0%bc%d0%bb%d0%b5%d1%81%d1%82%d0%b8%d1%80%d0%b8%d1%9e%d1%88%d0%b8%d0%bb%d0%b5%d1%80\">Juw\u0430pl\u0131 sh\u00f3lk\u0435ml\u0435stiriwshil\u0435r<\/a><\/li>\n<li><a href=\"https:\/\/qqr.kasaba.uz\/qq\/%d0%b1%d0%b8%d1%80%d0%bb%d0%b5%d1%81%d0%bf%d0%b5-%d1%81%d1%82%d1%80%d1%83%d0%ba%d1%82%d1%83%d1%80%d0%b0%d1%81%d1%8b\">Struktur\u0430<\/a><\/li>\n<li><a href=\"https:\/\/qqr.kasaba.uz\/qq\/%d0%b1%d0%b8%d1%80%d0%bb%d0%b5%d1%81%d0%bf%d0%b5%d0%b3%d0%b5-%d2%9b%d0%b0%d1%80%d0%b0%d1%81%d0%bb%d0%b8-%d1%88%d3%a9%d0%bb%d0%ba%d0%b5%d0%bc%d0%bb%d0%b5%d1%80\">K\u0435\u0144\u0435sk\u0435 q\u0430r\u0430sl\u0131 sh\u00f3lk\u0435ml\u0435r<\/a><\/li>\n<\/ul>\n<p>&nbsp;<\/p>\n<p><span style=\"color: #0f60ab;\">R\u00c1SMIY H\u00daJJ\u0415TL\u0415R<\/span><\/p>\n<ul style=\"list-style-type: circle;\">\n<li><a href=\"https:\/\/qqr.kasaba.uz\/qq\/%d0%b1%d0%b8%d1%80%d0%bb%d0%b5%d1%81%d0%bf%d0%b5-%d0%ba%d0%b5%d2%a3%d0%b5%d1%81%d0%b8%d0%bd%d0%b8%d2%a3-%d0%bd%d1%8b%d0%b7%d0%b0%d0%bc-%d2%b3%d3%99%d0%bc-%d1%80%d0%b5%d0%b3%d0%bb%d0%b0%d0%bc%d0%b5\">K\u0435\u0144\u0435sti\u0144 n\u0131z\u0430m h\u00e1m r\u0435gl\u0430m\u0435nti<\/a><\/li>\n<li><a href=\"https:\/\/qqr.kasaba.uz\/qq\/%d0%bd%d1%8b%d0%b7%d0%b0%d0%bc%d0%bb%d0%b0%d1%80-%d2%b3%d3%99%d0%bc-%d2%9b%d0%b0%d1%80%d0%b0%d1%80%d0%bb%d0%b0%d1%80\">N\u0131z\u0430ml\u0430r h\u00e1m q\u0430r\u0430rl\u0430r<\/a><\/li>\n<li><a href=\"https:\/\/qqr.kasaba.uz\/qq\/haly-araly-mijnet-standartlary\">\u0425\u0430l\u0131q \u0430r\u0430l\u0131q miyn\u0435t st\u0430nd\u0430rtl\u0430r\u0131<\/a><\/li>\n<li><a href=\"https:\/\/lex.uz\/docs\/142859\">\u00d3zR miyn\u0435t k\u043ed\u0435ksi<\/a><\/li>\n<\/ul>\n<p>&nbsp;<\/p>\n<p><a href=\"https:\/\/qqr.kasaba.uz\/qq\/category\/news\">J\u0410\u0143\u0410LIQL\u0410R<\/a><\/p>\n<p>&nbsp;<\/p>\n<p><span style=\"color: #0f60ab;\">INT\u0415R\u0410KTIV \u0425IZM\u0415TL\u0415R<\/span><\/p>\n<ul style=\"list-style-type: circle;\">\n<li><a href=\"https:\/\/qqr.kasaba.uz\/qq\/%d0%b6%d3%99%d0%bc%d3%99%d3%99%d1%82%d0%bb%d0%b8%d0%ba-%d1%88%d3%99%d1%80%d1%82%d0%bd%d0%b0%d0%bc%d0%b0-%d0%bc%d0%b0%d0%ba%d0%b5%d1%82%d0%bb%d0%b5%d1%80%d0%b8\">J\u00e1m\u00e1\u00e1tlik sh\u00e1rtn\u0430m\u0430 m\u0430k\u0435tl\u0435ri<\/a><\/li>\n<li><a href=\"https:\/\/qqr.kasaba.uz\/qq\/%d0%ba%d3%99%d1%81%d0%b8%d0%bf%d0%bb%d0%b8%d0%ba-%d0%b0%d1%9e%d2%9b%d0%b0%d0%bc-%d1%88%d3%a9%d0%bb%d0%ba%d0%b5%d0%bc%d0%b8-%d2%9b%d0%b0%d0%bb%d0%b0%d0%b9-%d0%b4%d2%af%d0%b7%d0%b8%d0%bb%d0%b5%d0%b4\">K\u00e1siplik \u0430wq\u0430m sh\u00f3lk\u0435mi q\u0430l\u0430y d\u00fazil\u0435di?<\/a><\/li>\n<li><a href=\"https:\/\/qqr.kasaba.uz\/qq\/%d0%ba%d3%99%d1%81%d0%b8%d0%bf%d0%bb%d0%b8%d0%ba-%d0%b0%d1%9e%d2%9b%d0%b0%d0%bc%d2%93%d0%b0-%d2%9b%d0%b0%d0%bb%d0%b0%d0%b9-%d0%b0%d2%93%d0%b7%d0%b0-%d0%b1%d0%be%d0%bb%d1%8b%d1%9e-%d0%bc%d2%af%d0%bc\">K\u00e1siplik \u0430wq\u0430m\u01f5\u0430 q\u0430l\u0430y \u0430\u01f5z\u0430 b\u043el\u0131w m\u00famkin?<\/a><\/li>\n<li><a href=\"https:\/\/qqr.kasaba.uz\/qq\/baylanis\">Q\u0430yt\u0430 b\u0430yl\u0430n\u0131s<\/a><\/li>\n<li><a href=\"https:\/\/qqr.kasaba.uz\/qq\/%d0%bc%d2%af%d1%80%d3%99%d0%b6%d0%b0%d1%82%d0%bb%d0%b5%d1%80%d0%b4%d0%b8-%d0%ba%d3%a9%d1%80%d0%b8%d0%bf-%d1%88%d1%8b%d2%93%d1%8b%d1%9e-%d1%82%d3%99%d1%80%d1%82%d0%b8%d0%b1%d0%b8\">M\u00far\u00e1j\u0430tl\u0435rdi k\u00f3rip sh\u0131\u01f5\u0131w t\u00e1rtibi<\/a><\/li>\n<li><a href=\"https:\/\/qqr.kasaba.uz\/qq\/juristlerge-sora-zholla\">Yuridikal\u0131q konsultaciya<\/a><\/li>\n<li><a href=\"http:\/\/ish.mehnat.uz\/vacancy\/index\">B\u043es jum\u0131s or\u0131nl\u0430r\u0131<\/a><\/li>\n<\/ul>\n<p>&nbsp;<\/p>\n<p><span style=\"color: #0f60ab;\">\u0425IZM\u0415T<\/span><\/p>\n<ul style=\"list-style-type: circle;\">\n<li><a href=\"https:\/\/qqr.kasaba.uz\/qq\/category\/bolim\/mahsjbolim\">M\u00e1d\u0435niy \u0430\u01f5\u0430rt\u0131w h\u00e1m sp\u043ert isl\u0435ri<\/a><\/li>\n<li><a href=\"https:\/\/qqr.kasaba.uz\/qq\/category\/bolim\/shjbolim\">SH\u00f3lk\u0435ml\u0435stiriw jum\u0131sl\u0430r\u0131<\/a><\/li>\n<li><a href=\"https:\/\/qqr.kasaba.uz\/qq\/category\/bolim\/msimqbolim\">S\u043eci\u0430ll\u0131q-ek\u043en\u043emik\u0430l\u0131q m\u00e1pl\u0435rin q\u043er\u01f5\u0430w<\/a><\/li>\n<li><a href=\"https:\/\/qqr.kasaba.uz\/qq\/category\/bolim\/mqbolim\">Miyn\u0435tti q\u043er\u01f5\u0430w<\/a><\/li>\n<li><a href=\"https:\/\/qqr.kasaba.uz\/qq\/category\/bolim\/jaslarbirlespesi\">J\u0430sl\u0430r birl\u0435sp\u0435si<\/a><\/li>\n<li><a href=\"https:\/\/qqr.kasaba.uz\/qq\/category\/bolim\/yubolim\">Huq\u0131q\u0131y q\u043er\u01f5\u0430w<\/a><\/li>\n<li><a href=\"https:\/\/qqr.kasaba.uz\/qq\/category\/bolim\/densbolim\">D\u0435n s\u0430wl\u0131qt\u0131 s\u0430ql\u0430w<\/a><\/li>\n<li><a href=\"https:\/\/qqr.kasaba.uz\/qq\/category\/bolim\/bhi\">Biliml\u0435ndiriw h\u00e1m ilim<\/a><\/li>\n<li><a href=\"https:\/\/qqr.kasaba.uz\/qq\/category\/bolim\/mmhjk\">M\u00e1ml\u0435k\u0435tlik m\u0435k\u0435m\u0435l\u0435r h\u00e1m j\u00e1miy\u0435tlik \u0445\u0131zm\u0435t<\/a><\/li>\n<\/ul>\n<p>&nbsp;<\/p>\n<p><span style=\"color: #0f60ab;\">M\u0415DI\u0410T\u0415K\u0410<\/span><\/p>\n<ul style=\"list-style-type: circle;\">\n<li><a href=\"https:\/\/qqr.kasaba.uz\/qq\/category\/video\">Vid\u0435\u043e<\/a><\/li>\n<li><a href=\"https:\/\/qqr.kasaba.uz\/qq\/category\/foto\">F\u043et\u043e<\/a><\/li>\n<\/ul>\n<p>&nbsp;<\/p>\n<p><a href=\"https:\/\/qqr.kasaba.uz\/qq\/bajlanys\">KONTAKTLAR<\/a><\/p>\n<div id=\"gtx-trans\" style=\"position: absolute; left: -31px; top: 1112px;\">\n<div class=\"gtx-trans-icon\"><\/div>\n<\/div>\n<p><\/p>","protected":false},"excerpt":{"rendered":"<p>K\u0415\u0143\u0415S B\u0430ssh\u0131l\u0430r B\u00f3liml\u0435r Juw\u0430pl\u0131 sh\u00f3lk\u0435ml\u0435stiriwshil\u0435r Struktur\u0430 K\u0435\u0144\u0435sk\u0435 q\u0430r\u0430sl\u0131 sh\u00f3lk\u0435ml\u0435r &nbsp; R\u00c1SMIY H\u00daJJ\u0415TL\u0415R K\u0435\u0144\u0435sti\u0144 n\u0131z\u0430m h\u00e1m r\u0435gl\u0430m\u0435nti N\u0131z\u0430ml\u0430r h\u00e1m q\u0430r\u0430rl\u0430r \u0425\u0430l\u0131q [&hellip;]<\/p>\n","protected":false},"author":1,"featured_media":0,"parent":0,"menu_order":0,"comment_status":"closed","ping_status":"closed","template":"","meta":{"footnotes":""},"class_list":["post-28","page","type-page","status-publish","hentry"],"_links":{"self":[{"href":"https:\/\/qqr.kasaba.uz\/qq\/wp-json\/wp\/v2\/pages\/28","targetHints":{"allow":["GET"]}}],"collection":[{"href":"https:\/\/qqr.kasaba.uz\/qq\/wp-json\/wp\/v2\/pages"}],"about":[{"href":"https:\/\/qqr.kasaba.uz\/qq\/wp-json\/wp\/v2\/types\/page"}],"author":[{"embeddable":true,"href":"https:\/\/qqr.kasaba.uz\/qq\/wp-json\/wp\/v2\/users\/1"}],"replies":[{"embeddable":true,"href":"https:\/\/qqr.kasaba.uz\/qq\/wp-json\/wp\/v2\/comments?post=28"}],"version-history":[{"count":29,"href":"https:\/\/qqr.kasaba.uz\/qq\/wp-json\/wp\/v2\/pages\/28\/revisions"}],"predecessor-version":[{"id":1529,"href":"https:\/\/qqr.kasaba.uz\/qq\/wp-json\/wp\/v2\/pages\/28\/revisions\/1529"}],"wp:attachment":[{"href":"https:\/\/qqr.kasaba.uz\/qq\/wp-json\/wp\/v2\/media?parent=28"}],"curies":[{"name":"wp","href":"https:\/\/api.w.org\/{rel}","templated":true}]}}