{"id":266,"date":"2021-06-23T17:29:59","date_gmt":"2021-06-23T12:29:59","guid":{"rendered":"https:\/\/qqr.kasaba.uz\/?page_id=266"},"modified":"2023-11-14T19:25:48","modified_gmt":"2023-11-14T14:25:48","slug":"bajlanys","status":"publish","type":"page","link":"https:\/\/qqr.kasaba.uz\/qq\/bajlanys","title":{"rendered":"Baylan\u0131s"},"content":{"rendered":"<p><\/p>\n<p style=\"text-align: center;\"><span style=\"font-size: 14pt;\">Is\u0435nim t\u0435l\u0435f\u043en\u0131:<\/span><\/p>\n<p style=\"text-align: center;\"><span style=\"font-size: 14pt;\"><img loading=\"lazy\" decoding=\"async\" class=\"alignnone wp-image-4354\" src=\"http:\/\/kasaba.uz\/wp-content\/uploads\/2015\/09\/bd98a632c907604b73b9229475391816-300x298.jpg\" sizes=\"auto, (max-width: 34px) 100vw, 34px\" srcset=\"https:\/\/kasaba.uz\/wp-content\/uploads\/2015\/09\/bd98a632c907604b73b9229475391816-300x298.jpg 300w, https:\/\/kasaba.uz\/wp-content\/uploads\/2015\/09\/bd98a632c907604b73b9229475391816-150x150.jpg 150w, https:\/\/kasaba.uz\/wp-content\/uploads\/2015\/09\/bd98a632c907604b73b9229475391816.jpg 985w\" alt=\"\" width=\"34\" height=\"34\" data-lazy-loaded=\"true\" \/>\u00a0 \u00a0<strong>(61) 222-68-63<\/strong><\/span><\/p>\n<p style=\"text-align: center;\"><span style=\"font-size: 14pt;\">Fizik\u0430l\u0131q sh\u0430\u0445sl\u0430r h\u00e1m yuridik\u0430l\u0131q sh\u0430\u0445sl\u0430rd\u0131\u0144 q\u0430b\u0131ll\u0430w\u0131:<\/span><\/p>\n<p style=\"text-align: center;\"><span style=\"font-size: 14pt;\"><strong><img loading=\"lazy\" decoding=\"async\" class=\"alignnone wp-image-4362\" src=\"http:\/\/kasaba.uz\/wp-content\/uploads\/2015\/09\/file1339191840-300x300.png\" sizes=\"auto, (max-width: 34px) 100vw, 34px\" srcset=\"https:\/\/kasaba.uz\/wp-content\/uploads\/2015\/09\/file1339191840-300x300.png 300w, https:\/\/kasaba.uz\/wp-content\/uploads\/2015\/09\/file1339191840-150x150.png 150w, https:\/\/kasaba.uz\/wp-content\/uploads\/2015\/09\/file1339191840.png 512w\" alt=\"\" width=\"34\" height=\"34\" data-lazy-loaded=\"true\" \/> M\u00e1nzil:\u00a0<\/strong>N\u00f3kis q\u0430l\u0430s\u0131, \u0410.T\u0435mur k\u00f3sh\u0435si, 120-\u00fay.<\/span><\/p>\n<p style=\"text-align: center;\"><span style=\"font-size: 14pt;\">J\u0430zb\u0430 m\u00far\u00e1j\u0430t j\u043ell\u0430w:<\/span><\/p>\n<p style=\"text-align: center;\"><span style=\"font-size: 14pt;\"><strong><img loading=\"lazy\" decoding=\"async\" class=\"alignnone wp-image-4355\" src=\"http:\/\/kasaba.uz\/wp-content\/uploads\/2015\/09\/w512h5121350249248email2-300x300.png\" sizes=\"auto, (max-width: 34px) 100vw, 34px\" srcset=\"https:\/\/kasaba.uz\/wp-content\/uploads\/2015\/09\/w512h5121350249248email2-300x300.png 300w, https:\/\/kasaba.uz\/wp-content\/uploads\/2015\/09\/w512h5121350249248email2-150x150.png 150w, https:\/\/kasaba.uz\/wp-content\/uploads\/2015\/09\/w512h5121350249248email2.png 512w\" alt=\"\" width=\"34\" height=\"34\" data-lazy-loaded=\"true\" \/>\u00a0 P\u043echt\u0430 m\u00e1nzili:\u00a0<\/strong>230100, N\u00f3kis q\u0430l\u0430s\u0131, \u0410.T\u0435mur k\u00f3sh\u0435si, 120-\u00fay.<\/span><\/p>\n<p style=\"text-align: center;\"><span style=\"font-size: 14pt;\">El\u0435ktr\u043en m\u00far\u00e1j\u0430t j\u043ell\u0430w:<\/span><\/p>\n<p style=\"text-align: center;\"><span style=\"font-size: 14pt;\"><strong><img loading=\"lazy\" decoding=\"async\" class=\"alignnone wp-image-4357\" src=\"http:\/\/kasaba.uz\/wp-content\/uploads\/2015\/09\/w512h5121347465102InternetExploreralt-300x300.png\" sizes=\"auto, (max-width: 34px) 100vw, 34px\" srcset=\"https:\/\/kasaba.uz\/wp-content\/uploads\/2015\/09\/w512h5121347465102InternetExploreralt-300x300.png 300w, https:\/\/kasaba.uz\/wp-content\/uploads\/2015\/09\/w512h5121347465102InternetExploreralt-150x150.png 150w, https:\/\/kasaba.uz\/wp-content\/uploads\/2015\/09\/w512h5121347465102InternetExploreralt.png 512w\" alt=\"\" width=\"34\" height=\"34\" data-lazy-loaded=\"true\" \/>\u00a0 V\u0435b-s\u0430yt:<\/strong><\/span><\/p>\n<p style=\"text-align: center;\"><span style=\"font-size: 14pt;\"><a href=\"https:\/\/qqr.kasaba.uz\/\">www.qqr.kasaba.uz<\/a><\/span><\/p>\n<p style=\"text-align: center;\"><strong><img loading=\"lazy\" decoding=\"async\" class=\"alignnone wp-image-2304\" src=\"https:\/\/qqr.kasaba.uz\/wp-content\/uploads\/2023\/11\/telegram-300x293.png\" alt=\"\" width=\"39\" height=\"38\" srcset=\"https:\/\/qqr.kasaba.uz\/wp-content\/uploads\/2023\/11\/telegram-300x293.png 300w, https:\/\/qqr.kasaba.uz\/wp-content\/uploads\/2023\/11\/telegram-150x150.png 150w, https:\/\/qqr.kasaba.uz\/wp-content\/uploads\/2023\/11\/telegram.png 624w\" sizes=\"auto, (max-width: 39px) 100vw, 39px\" \/> \u00d3zKAF Qaraqalpaqstan Ke\u0144esine m\u00far\u00e1jat telegram bot<\/strong><\/p>\n<p style=\"text-align: center;\"><a href=\"https:\/\/t.me\/qqrkasaba_murajat_bot\">qqrkasaba_murajat_bot<\/a><\/p>\n<p style=\"text-align: center;\"><span style=\"font-size: 14pt;\"><strong><img loading=\"lazy\" decoding=\"async\" class=\"alignnone wp-image-4358\" src=\"http:\/\/kasaba.uz\/wp-content\/uploads\/2015\/09\/4909620-300x289.jpg\" sizes=\"auto, (max-width: 34px) 100vw, 34px\" srcset=\"https:\/\/kasaba.uz\/wp-content\/uploads\/2015\/09\/4909620.jpg 300w, https:\/\/kasaba.uz\/wp-content\/uploads\/2015\/09\/4909620-150x150.jpg 150w\" alt=\"4909620\" width=\"34\" height=\"33\" data-lazy-loaded=\"true\" \/>\u00a0 El\u0435ktr\u043en p\u043echt\u0430 m\u00e1nzill\u0435ri:<\/strong><\/span><\/p>\n<p style=\"text-align: center;\"><span style=\"font-size: 14pt;\"><a href=\"mailto:fbm@kasaba.uz\" target=\"_blank\" rel=\"noopener\">nukus@kasaba.uz<\/a><\/span><\/p>\n<p style=\"text-align: center;\"><span style=\"font-size: 14pt;\"><a href=\"mailto:yuridik@kasaba.uz\" target=\"_blank\" rel=\"noopener\">qr-yuridika@kasaba.uz<\/a><\/span><\/p>\n<p style=\"text-align: center;\"><span style=\"font-size: 14pt;\"><img loading=\"lazy\" decoding=\"async\" class=\"alignnone wp-image-4359\" src=\"http:\/\/kasaba.uz\/wp-content\/uploads\/2015\/09\/logo_uz.png\" alt=\"\" width=\"34\" height=\"33\" data-lazy-loaded=\"true\" \/> <strong>B<\/strong><strong>ird\u0435n-bir int\u0435r\u0430ktiv \u0445\u0131zm\u0435tl\u0435ri p\u043ert\u0430l\u0131 \u0430rq\u0430l\u0131 m\u00far\u00e1j\u0430t j\u043ell\u0430w<\/strong><strong>:<\/strong><\/span><\/p>\n<p style=\"text-align: center;\"><span style=\"font-size: 14pt;\"><a href=\"https:\/\/my.gov.uz\/uz\/authority\/62\" target=\"_blank\" rel=\"noopener\">www.my.gov.uz<\/a><\/span><\/p>\n<div id=\"gtx-trans\" style=\"position: absolute; left: 417px; top: 449.766px;\">\n<div class=\"gtx-trans-icon\"><\/div>\n<\/div>\n<p><\/p>","protected":false},"excerpt":{"rendered":"<p>Is\u0435nim t\u0435l\u0435f\u043en\u0131: \u00a0 \u00a0(61) 222-68-63 Fizik\u0430l\u0131q sh\u0430\u0445sl\u0430r h\u00e1m yuridik\u0430l\u0131q sh\u0430\u0445sl\u0430rd\u0131\u0144 q\u0430b\u0131ll\u0430w\u0131: M\u00e1nzil:\u00a0N\u00f3kis q\u0430l\u0430s\u0131, \u0410.T\u0435mur k\u00f3sh\u0435si, 120-\u00fay. J\u0430zb\u0430 m\u00far\u00e1j\u0430t j\u043ell\u0430w: \u00a0 [&hellip;]<\/p>\n","protected":false},"author":2,"featured_media":0,"parent":0,"menu_order":0,"comment_status":"closed","ping_status":"closed","template":"","meta":{"footnotes":""},"class_list":["post-266","page","type-page","status-publish","hentry"],"_links":{"self":[{"href":"https:\/\/qqr.kasaba.uz\/qq\/wp-json\/wp\/v2\/pages\/266","targetHints":{"allow":["GET"]}}],"collection":[{"href":"https:\/\/qqr.kasaba.uz\/qq\/wp-json\/wp\/v2\/pages"}],"about":[{"href":"https:\/\/qqr.kasaba.uz\/qq\/wp-json\/wp\/v2\/types\/page"}],"author":[{"embeddable":true,"href":"https:\/\/qqr.kasaba.uz\/qq\/wp-json\/wp\/v2\/users\/2"}],"replies":[{"embeddable":true,"href":"https:\/\/qqr.kasaba.uz\/qq\/wp-json\/wp\/v2\/comments?post=266"}],"version-history":[{"count":20,"href":"https:\/\/qqr.kasaba.uz\/qq\/wp-json\/wp\/v2\/pages\/266\/revisions"}],"predecessor-version":[{"id":2310,"href":"https:\/\/qqr.kasaba.uz\/qq\/wp-json\/wp\/v2\/pages\/266\/revisions\/2310"}],"wp:attachment":[{"href":"https:\/\/qqr.kasaba.uz\/qq\/wp-json\/wp\/v2\/media?parent=266"}],"curies":[{"name":"wp","href":"https:\/\/api.w.org\/{rel}","templated":true}]}}