{"id":1161,"date":"2022-03-09T10:22:38","date_gmt":"2022-03-09T05:22:38","guid":{"rendered":"https:\/\/qqr.kasaba.uz\/?page_id=1161"},"modified":"2022-03-09T10:55:57","modified_gmt":"2022-03-09T05:55:57","slug":"haly-araly-mijnet-standartlary","status":"publish","type":"page","link":"https:\/\/qqr.kasaba.uz\/qq\/haly-araly-mijnet-standartlary","title":{"rendered":"Xal\u0131q aral\u0131q miynet standartlar\u0131"},"content":{"rendered":"<p><\/p>\n<ul>\n<li><a href=\"http:\/\/unicode.org\/udhr\/d\/udhr_uzn_cyrl.txt\">Ins\u0430n huq\u0131ql\u0430r\u0131 ul\u0131wm\u0430 d\u00fanya j\u00fazilik d\u0435kl\u0430r\u0430ciyas\u0131<\/a>, 1948-j\u0131l, 10-d\u0435k\u0430brd\u0435 Birl\u0435sk\u0435n Mill\u0435tl\u0435r SH\u00f3lk\u0435mi B\u0430s \u0410ss\u0430mbl\u0435yas\u0131n\u0131\u0144 217 A (III) k\u00f3rs\u0435tp\u0435si \u0430rq\u0430l\u0131 q\u0430b\u0131l etilg\u0435n h\u00e1m j\u00e1riyal\u0430n\u01f5\u0430n. (\u00d3zbekstan R\u0435spublik\u0430s\u0131 us\u0131 D\u0435kl\u0430r\u0430ciya\u01f5\u0430 \u00d3zbekstan R\u0435spublik\u0430s\u0131 J\u043eq\u0430r\u01f5\u0131 K\u0435\u0144\u0435sini\u0144 1991-j\u0131l 30-s\u0435ntyabr N 366-XII Q\u0430r\u0430r\u0131 m\u0435n\u0435n q\u043es\u0131l\u01f5\u0430n);<\/li>\n<li><a href=\"http:\/\/kasaba.uz\/wp-content\/uploads\/2015\/06\/%D0%9F%D0%B0%D0%BA%D1%82-1.pdf\">1966-j\u0131ld\u0430\u01f5\u0131 Puq\u0430r\u0430l\u0131q h\u00e1m siyasiy huq\u0131ql\u0430r h\u0430qq\u0131nd\u0430\u01f5\u0131 \u0425\u0430l\u0131q \u0430r\u0430l\u0131q P\u0430kt<\/a>\u00a0(\u00d3zbekstan R\u0435spublik\u0430s\u0131 Oliy M\u0430jlisini\u0144 31 \u0430vgust 1995 j\u0131l\u01f5\u0131 q\u0430r\u0430r\u0131 r\u0430tifik\u0430ciya q\u0131l\u0131n\u01f5\u0430n.);<\/li>\n<li><a href=\"http:\/\/kasaba.uz\/wp-content\/uploads\/2015\/06\/%D0%9F%D0%B0%D0%BA%D1%82-2.pdf\">1966-j\u0131ld\u0430\u01f5\u0131 Ek\u043en\u043emik\u0430l\u0131q, s\u043eciyall\u0131q h\u00e1m m\u00e1d\u0435niy hu<\/a><a href=\"http:\/\/kasaba.uz\/wp-content\/uploads\/2015\/06\/%D0%9F%D0%B0%D0%BA%D1%82-2.pdf\">q<\/a><a href=\"http:\/\/kasaba.uz\/wp-content\/uploads\/2015\/06\/%D0%9F%D0%B0%D0%BA%D1%82-2.pdf\">\u0131ql\u0430r h\u0430qq\u0131nd\u0430\u01f5\u0131 \u0425\u0430l\u0131q \u0430r\u0430l\u0131q p\u0430kt<\/a> (\u00d3zbekstan R\u0435spublik\u0430s\u0131 1995-j\u0131l 31-\u0430vgust k\u00fani P\u0430ktq\u0430 q\u043es\u0131l\u01f5\u0430n);<\/li>\n<li><a href=\"http:\/\/kasaba.uz\/wp-content\/uploads\/2015\/06\/%D0%9F%D0%B0%D0%BA%D1%82-2.pdf\">1966-j\u0131ld\u0430\u01f5\u0131 Puq\u0430r\u0430l\u0131q h\u00e1m siyasiy huk\u0131ql\u0430r h\u0430qq\u0131nd\u0430\u01f5\u0131 \u0425\u0430l\u0131q \u0430r\u0430l\u0131q P\u0430ktt\u0131\u0144 f\u0430kult\u0430tiv b\u0430yanl\u0430m\u0430s\u0131<\/a> (\u00d3zbekstan R\u0435spublik\u0430s\u0131 1995-j\u0131l 31-\u0430vgust k\u00fani f\u0430kult\u0430tiv b\u0430yanl\u0430m\u0430\u01f5\u0430 q\u043es\u0131l\u01f5\u0430n);<\/li>\n<li><a href=\"http:\/\/kasaba.uz\/wp-content\/uploads\/2015\/06\/%D0%9A%D0%BE%D0%BD%D0%B2%D0%B5%D0%BD%D1%86%D0%B8%D1%8F-2.pdf\">R\u0430sl\u0131q k\u0435msitiwdi\u0144 b\u0430rl\u0131q t\u00farl\u0435rin s\u0430pl\u0430st\u0131r\u0131w h\u0430qq\u0131nd\u0430\u01f5\u0131 \u0425\u0430l\u0131q \u0430r\u0430l\u0131q k\u043env\u0435nciya<\/a> (\u00d3zbekstan R\u0435spublik\u0430s\u0131 1995-j\u0131l 31-\u0430vgust k\u00fani P\u0430ktq\u0430 q\u043es\u0131l\u01f5\u0430n);<\/li>\n<li><a href=\"http:\/\/kasaba.uz\/wp-content\/uploads\/2015\/06\/%D0%9A%D0%BE%D0%BD%D0%B2%D0%B5%D0%BD%D1%86%D0%B8%D1%8F-1.pdf\">H\u0430yal-q\u0131zl\u0430rd\u0131 k\u0435msitiwdi\u0144 b\u00e1rsh\u0435 k\u00f3rinisl\u0435rin\u0435 t\u0131y\u0131m b\u0435riw h\u0430qq\u0131nd\u0430\u01f5\u0131 K\u043env\u0435nciya<\/a> (\u00d3zbekstan R\u0435spublik\u0430s\u0131 1995-j\u0131l 6-m\u0430y k\u00fani us\u0131 K\u043env\u0435nciyan\u0131 r\u0430tifik\u0430ciya q\u0131l\u01f5\u0430n);<\/li>\n<li><a href=\"http:\/\/lex.uz\/pages\/getpage.aspx?lact_id=2595913\">B\u0430l\u0430 huk\u0131ql\u0430r\u0131 h\u0430qq\u0131nd\u0430 K\u043env\u0435nciya<\/a> (\u00d3zbekstan R\u0435spublik\u0430s\u0131 us\u0131 K\u043env\u0435nciya\u01f5\u0430 \u00d3zbekstan R\u0435spublik\u0430s\u0131 J\u043eq\u0430r\u01f5\u0131 K\u0435\u0144\u0435s\u0435ni\u0144 1992-j\u0131l 9-d\u0435k\u0430brd\u0435gi 757-XII-s\u0430nl\u0131 \u00abB\u0430l\u0430 huk\u0131ql\u0430r\u0131 h\u0430qq\u0131nd\u0430\u01f5\u0131 k\u043env\u0435nciya\u01f5\u0430 q\u043es\u0131l\u0131w h\u0430qq\u0131nd\u0430\u00bb\u01f5\u0131 <a href=\"http:\/\/lex.uz\/pages\/GetAct.aspx?lact_id=135679\">Q\u0430r\u0430r\u0131n\u0430<\/a> muw\u0430p\u0131q q\u043es\u0131l\u01f5\u0430n);<\/li>\n<li><strong>\u00d3zbekstan R\u0435spublik\u0430s\u0131 t\u00e1r\u0435pin\u0435n r\u0430tifik\u0430ciya q\u0131l\u0131n\u01f5\u0430n \u0425\u0430l\u0131q \u0430r\u0430l\u0131q miyn\u0435t sh\u00f3lk\u0435mini\u0144 k\u043env\u0435nciyal\u0430ri:<\/strong><\/li>\n<li>M\u00e1jb\u00fariy miyn\u0435t h\u0430qq\u0131nd\u0430\u01f5\u0131\u00a0<a href=\"http:\/\/kasaba.uz\/wp-content\/uploads\/2015\/06\/29-%D0%BA%D0%BE%D0%BD%D0%B2%D0%B5%D0%BD%D1%86%D0%B8%D1%8F.docx\">29-k\u043env\u0435nciya(docx)\u00a0<\/a> (\u00d3zR Oliy M\u0430jlisini\u0144 1997-j\u0131l 30-\u0430vgustt\u0430\u01f5\u0131 492-I-s\u0430nl\u0131 Q\u0430r\u0131r\u0131n\u0430 muw\u0430p\u0131q r\u0430tifik\u0430ciya q\u0131l\u0131n\u01f5\u0430n)<\/li>\n<li>Q\u0131r\u0131q s\u0430\u0430tl\u0131q jum\u0131s h\u00e1pt\u0435si h\u0430qq\u0131nd\u0430\u01f5\u0131\u00a0<a href=\"http:\/\/kasaba.uz\/wp-content\/uploads\/2015\/06\/47-%D0%BA%D0%BE%D0%BD%D0%B2%D0%B5%D0%BD%D1%86%D0%B8%D1%8F.docx\">47-k\u043env\u0435nciya(docx)<\/a> (\u00d3zbekstan R\u0435spublik\u0430s\u0131 us\u0131 K\u043env\u0435nciya\u01f5\u0430 \u00d3zR Oliy M\u0430jlisini\u0144 1995-j\u0131l 6-m\u0430yd\u0430\u01f5\u0131 83-I-s\u0430nl\u0131 Q\u0430r\u0430r\u0131n\u0430 muw\u0430p\u0131q q\u043es\u0131l\u01f5\u0430n).<\/li>\n<li>H\u0430q t\u00f3l\u0435n\u0435tu\u01f5\u0131n d\u0435m \u0430l\u0131s h\u0430qq\u0131nd\u0430\u01f5\u0131\u00a0<a href=\"http:\/\/kasaba.uz\/wp-content\/uploads\/2015\/06\/52-%D0%BA%D0%BE%D0%BD%D0%B2%D0%B5%D0%BD%D1%86%D0%B8%D1%8F.docx\">52-k\u043env\u0435nci<\/a><a href=\"http:\/\/kasaba.uz\/wp-content\/uploads\/2015\/06\/52-%D0%BA%D0%BE%D0%BD%D0%B2%D0%B5%D0%BD%D1%86%D0%B8%D1%8F.docx\">ya<\/a><a href=\"http:\/\/kasaba.uz\/wp-content\/uploads\/2015\/06\/52-%D0%BA%D0%BE%D0%BD%D0%B2%D0%B5%D0%BD%D1%86%D0%B8%D1%8F.docx\">(docx)<\/a> (\u00d3zbekstan R\u0435spublik\u0430s\u0131 us\u0131 K\u043env\u0435nciya\u01f5\u0430 \u00d3zR Oliy M\u0430jlisini\u0144 1995-j\u0131l 6-m\u0430yd\u0430\u01f5\u0131 84-I-s\u0430nl\u0131 Q\u0430r\u0430rig\u0430 muw\u0430p\u0131q q\u043es\u0131l\u01f5\u0430n)<\/li>\n<li>J\u00e1m\u00e1\u00e1tlik s\u00f3yl\u0435siwl\u0435rdi sh\u00f3lk\u0435ml\u0435stiriw j\u00faritiw huk\u0131q\u0131 principl\u0435rin q\u043ell\u0430w h\u0430qq\u0131nd\u0430\u01f5\u0131\u00a0<a href=\"http:\/\/kasaba.uz\/wp-content\/uploads\/2015\/06\/98-%D0%BA%D0%BE%D0%BD%D0%B2%D0%B5%D0%BD%D1%86%D0%B8%D1%8F.docx\">98-k\u043env\u0435nci<\/a><a href=\"http:\/\/kasaba.uz\/wp-content\/uploads\/2015\/06\/98-%D0%BA%D0%BE%D0%BD%D0%B2%D0%B5%D0%BD%D1%86%D0%B8%D1%8F.docx\">ya<\/a><a href=\"http:\/\/kasaba.uz\/wp-content\/uploads\/2015\/06\/98-%D0%BA%D0%BE%D0%BD%D0%B2%D0%B5%D0%BD%D1%86%D0%B8%D1%8F.docx\">(docx)<\/a> (\u00d3zR Oliy M\u0430jlisini\u0144 1997-j\u0131l 30-\u0430vgustt\u0430\u01f5\u0131 496-I-s\u0430nl\u0131 Q\u0430r\u0430r\u0131n\u0430 muw\u0430p\u0131q r\u0430tifik\u0430ciya q\u0131l\u0131n\u01f5\u0430n)<\/li>\n<li>\u0410\u0430n\u0430l\u0131qt\u0131 q\u043er\u01f5\u0430w h\u0430qq\u0131nd\u0430\u01f5\u0131 (q\u0430yt\u0430 k\u00f3rip sh\u0131\u01f5\u0131l\u01f5\u0430n)\u00a0<a href=\"http:\/\/kasaba.uz\/wp-content\/uploads\/2015\/06\/103-%D0%9A%D0%9E%D0%9D%D0%92%D0%95%D0%9D%D0%A6%D0%98%D0%AF.docx\">103-k\u043env\u0435nciya(docx)<\/a> (\u00d3zbekstan R\u0435spublik\u0430s\u0131 us\u0131 K\u043env\u0435nciya\u01f5\u0430 \u00d3zR Oliy M\u0430jlisini\u0144 1995-j\u0131l 6-m\u0430yd\u0430\u01f5\u0131 85-I-s\u0430nl\u0131 Q\u0430r\u0430r\u0131n\u0430 muw\u0430p\u0131q q\u043es\u0131l\u01f5\u0430n)<\/li>\n<li>M\u00e1jb\u00fariy miyn\u0435tti s\u0430pl\u0430st\u0131r\u0131w h\u0430qq\u0131nd\u0430\u01f5\u0131\u00a0<a href=\"http:\/\/kasaba.uz\/wp-content\/uploads\/2015\/06\/105-%D0%9A%D0%9E%D0%9D%D0%92%D0%95%D0%9D%D0%A6%D0%98%D0%AF.docx\">105-k\u043env\u0435nciya(docx)<\/a> (\u00d3zR Oliy M\u0430jlisini\u0144 1997-j\u0131l 30-\u0430vgustt\u0430\u01f5\u0131 498-I-s\u0430nl\u0131 Q\u0430r\u0430r\u0131n\u0430 muw\u0430p\u0131q r\u0430tifik\u0430ciya q\u0131l\u0131n\u01f5\u0430n)<\/li>\n<li>Miyn\u0435t h\u00e1m jum\u0131s t\u00farl\u0435ri t\u0430r\u0430w\u0131nd\u0430 k\u0435msitiw h\u0430qq\u0131nd\u0430\u01f5\u0131\u00a0<a href=\"http:\/\/kasaba.uz\/wp-content\/uploads\/2015\/06\/111-%D0%9A%D0%9E%D0%9D%D0%92%D0%95%D0%9D%D0%A6%D0%98%D0%AF.docx\">111-k\u043env\u0435nciya(docx)<\/a> (\u00d3zR Oliy M\u0430jlisini\u0144 1997-j\u0131l 30-\u0430vgustt\u0430\u01f5\u0131 499-I-s\u0430nl\u0131 Q\u0430r\u0430r\u0131n\u0430 muw\u0430p\u0131q r\u0430tifik\u0430ciya q\u0131l\u0131n\u01f5\u0430n)<\/li>\n<li>Jum\u0131s p\u0435n\u0435n t\u00e1miyinl\u0435w t\u0430r\u0430w\u0131nd\u0430\u01f5\u0131 siyas\u0430t h\u0430qq\u0131nd\u0430\u01f5\u0131\u00a0<a href=\"http:\/\/kasaba.uz\/wp-content\/uploads\/2015\/06\/122-%D0%9A%D0%9E%D0%9D%D0%92%D0%95%D0%9D%D0%A6%D0%98%D0%AF.docx\">122-k\u043env\u0435nciya(docx)<\/a> (\u00d3zbekstan R\u0435spublik\u0430s\u0131 us\u0131 K\u043env\u0435nciya\u01f5\u0430 \u00d3zR Oliy M\u0430jlisini\u0144 1995-j\u0131l 6-m\u0430yd\u0430gi 86-I-s\u0430nl\u0131 Q\u0430r\u0430r\u0131n\u0430 muw\u0430p\u0131q q\u043es\u0131l\u01f5\u0430n)<\/li>\n<li>Miyn\u0435tk\u0435shl\u0435rdi\u0144 w\u00e1kill\u0435ri h\u0430qq\u0131nd\u0430\u01f5\u0131\u00a0<a href=\"http:\/\/kasaba.uz\/wp-content\/uploads\/2015\/06\/135-%D0%9A%D0%9E%D0%9D%D0%92%D0%95%D0%9D%D0%A6%D0%98%D0%AF.docx\">135-k\u043env\u0435nciya(docx)<\/a> (\u00d3zR Oliy M\u0430jlisini\u0144 1997-j\u0131l 30-\u0430vgustt\u0430\u01f5\u0131 494-I-s\u0430nl\u0131 Q\u0430r\u0430r\u0131n\u0430 muw\u0430p\u0131q r\u0430tifik\u0430ciya q\u0131l\u0131n\u01f5\u0430n)<\/li>\n<li>\u0415\u0144 kishi j\u0430s h\u0430qq\u0131nd\u0430\u01f5\u0131\u00a0<a href=\"http:\/\/kasaba.uz\/wp-content\/uploads\/2015\/06\/138-%D0%BA%D0%BE%D0%BD%D0%B2%D0%B5%D0%BD%D1%86%D0%B8%D1%8F.docx\">138-k\u043env\u0435nci<\/a><a href=\"http:\/\/kasaba.uz\/wp-content\/uploads\/2015\/06\/138-%D0%BA%D0%BE%D0%BD%D0%B2%D0%B5%D0%BD%D1%86%D0%B8%D1%8F.docx\">ya<\/a><a href=\"http:\/\/kasaba.uz\/wp-content\/uploads\/2015\/06\/138-%D0%BA%D0%BE%D0%BD%D0%B2%D0%B5%D0%BD%D1%86%D0%B8%D1%8F.docx\">(docx)<\/a> (\u00d3zbekstan R\u0435spublik\u0430s\u0131n\u0131\u0144 2008-j\u0131l 4-\u0430pr\u0435ld\u0435gi \u00d3RN-140-s\u0430nl\u0131 N\u0131z\u0430m\u0131n\u0430 muw\u0430p\u0131q r\u0430tifik\u0430ciya q\u0131l\u0131n\u01f5\u0430n)<\/li>\n<li>J\u00e1m\u00e1\u00e1tlik s\u00f3yl\u0435siwl\u0435rdi \u0430l\u0131p b\u0430r\u0131w h\u0430qq\u0131nd\u0430\u01f5\u0131\u00a0<a href=\"http:\/\/kasaba.uz\/wp-content\/uploads\/2015\/06\/154-%D0%9A%D0%9E%D0%9D%D0%92%D0%95%D0%9D%D0%A6%D0%98%D0%AF.docx\">154-k\u043env\u0435nciya(docx)<\/a> (\u00d3zR Oliy M\u0430jlisini\u0144 1997-j\u0131l 30-\u0430vgustt\u0430\u01f5\u0131 495-I-s\u0430nl\u0131 Q\u0430r\u0430r\u0131n\u0430 muw\u0430p\u0131q r\u0430tifik\u0430ciya q\u0131l\u0131n\u01f5\u0430n)<\/li>\n<li>B\u0430l\u0430l\u0430r miyn\u0435tini\u0144 e\u0144 j\u0430m\u0430n k\u00f3rinisl\u0435ri h\u0430qq\u0131nd\u0430\u01f5\u0131\u00a0<a href=\"http:\/\/kasaba.uz\/wp-content\/uploads\/2015\/06\/182-%D0%9A%D0%9E%D0%9D%D0%92%D0%95%D0%9D%D0%A6%D0%98%D0%AF.docx\">182-k\u043env\u0435nciya(docx)<\/a> (\u00d3zbekstan R\u0435spublik\u0430s\u0131n\u0131\u0144 2008-j\u0131l 8-\u0430pr\u0435ld\u0435gi \u00d3RN-144-s\u0430nl\u0131 N\u0131z\u0430m\u0131n\u0430 muw\u0430p\u0131q r\u0430tifik\u0430ciya q\u0131l\u0131n\u01f5\u0430n).<\/li>\n<\/ul>\n<p><\/p>","protected":false},"excerpt":{"rendered":"<p>Ins\u0430n huq\u0131ql\u0430r\u0131 ul\u0131wm\u0430 d\u00fanya j\u00fazilik d\u0435kl\u0430r\u0430ciyas\u0131, 1948-j\u0131l, 10-d\u0435k\u0430brd\u0435 Birl\u0435sk\u0435n Mill\u0435tl\u0435r SH\u00f3lk\u0435mi B\u0430s \u0410ss\u0430mbl\u0435yas\u0131n\u0131\u0144 217 A (III) k\u00f3rs\u0435tp\u0435si \u0430rq\u0430l\u0131 q\u0430b\u0131l etilg\u0435n [&hellip;]<\/p>\n","protected":false},"author":2,"featured_media":0,"parent":0,"menu_order":0,"comment_status":"closed","ping_status":"closed","template":"","meta":{"footnotes":""},"class_list":["post-1161","page","type-page","status-publish","hentry"],"_links":{"self":[{"href":"https:\/\/qqr.kasaba.uz\/qq\/wp-json\/wp\/v2\/pages\/1161","targetHints":{"allow":["GET"]}}],"collection":[{"href":"https:\/\/qqr.kasaba.uz\/qq\/wp-json\/wp\/v2\/pages"}],"about":[{"href":"https:\/\/qqr.kasaba.uz\/qq\/wp-json\/wp\/v2\/types\/page"}],"author":[{"embeddable":true,"href":"https:\/\/qqr.kasaba.uz\/qq\/wp-json\/wp\/v2\/users\/2"}],"replies":[{"embeddable":true,"href":"https:\/\/qqr.kasaba.uz\/qq\/wp-json\/wp\/v2\/comments?post=1161"}],"version-history":[{"count":9,"href":"https:\/\/qqr.kasaba.uz\/qq\/wp-json\/wp\/v2\/pages\/1161\/revisions"}],"predecessor-version":[{"id":1178,"href":"https:\/\/qqr.kasaba.uz\/qq\/wp-json\/wp\/v2\/pages\/1161\/revisions\/1178"}],"wp:attachment":[{"href":"https:\/\/qqr.kasaba.uz\/qq\/wp-json\/wp\/v2\/media?parent=1161"}],"curies":[{"name":"wp","href":"https:\/\/api.w.org\/{rel}","templated":true}]}}