{"id":64,"date":"2021-06-06T19:41:30","date_gmt":"2021-06-06T16:41:30","guid":{"rendered":"http:\/\/qqr-kasaba.uz\/?page_id=64"},"modified":"2021-11-30T15:24:03","modified_gmt":"2021-11-30T10:24:03","slug":"gimn","status":"publish","type":"page","link":"https:\/\/qqr.kasaba.uz\/oz\/gimn","title":{"rendered":"Gimn"},"content":{"rendered":"<p><\/p>\n<p class=\"ql-align-center\" style=\"text-align: center;\"><strong>O&#8217;ZBEKISTON RESPUBLIKASINING DAVLAT MADHIYASI<\/strong><\/p>\n<p>O`zbekiston Respublikasi Davlat madhiyasining matni va musiqasi O`zbekiston Respublikasining\u00a01992 yil 10 dekabrdagi 768-XII-sonli\u00a0<a href=\"http:\/\/www.lex.uz\/pages\/GetAct.aspx?lact_id=38608\">\u00abO`zbekiston Respublikasining Davlat madhiyasi to`g`risida\u00bb<\/a>gi\u00a0Qonuni bilan tasdiqlangan.<\/p>\n<p>O`zbekiston Respublik\u0430sining D\u0430vl\u0430t m\u0430dhiyasi O`zbekiston Respublik\u0430si D\u0430vl\u0430t suverenitetining r\u0430mzidir.<\/p>\n<p>O`zbekiston Respublik\u0430sining D\u0430vl\u0430t m\u0430dhiyasig\u0430 zo`r ehtirom bil\u0430n q\u0430r\u0430sh O`zbekiston Respublik\u0430si h\u0430r bir fuq\u0430rosining v\u0430t\u0430np\u0430rv\u0430rlik burchidir.<\/p>\n<p>&nbsp;<\/p>\n<p style=\"text-align: center;\"><strong>Mut\u0430l Bur\u0445\u0430n\u043ev musiqasi<\/strong><br \/>\n<strong>\u0410bdull\u0430 \u0410rip\u043ev so&#8217;zi<\/strong><\/p>\n<p style=\"text-align: center;\">&#8230;<\/p>\n<p style=\"text-align: center;\">Serquyosh hur o&#8217;lkam, elga baxt, najot,<br \/>\nSen o&#8217;zing do&#8217;stlarga yo&#8217;ldosh, mehribon!<br \/>\nYashnagay to abad ilmu fan, ijod,<br \/>\nShuhrating porlasin toki bor jahon!<\/p>\n<p style=\"text-align: center;\">Naqorat:<\/p>\n<p style=\"text-align: center;\">Oltin bu vodiylar &#8211; jon O&#8217;zbekiston,<br \/>\nAjdodlar mardona ruhi senga yor!<br \/>\nUlug&#8217; xalq qudrati jo&#8217;sh urgan zamon,<br \/>\nOlamni mahliyo aylagan diyor!<\/p>\n<p style=\"text-align: center;\">Bag&#8217;ri keng o&#8217;zbekning o&#8217;chmas iymoni,<br \/>\nErkin, yosh avlodlar senga zo&#8217;r qanot!<br \/>\nIstiqlol mash\u2019ali tinchlik posboni,<br \/>\nXaqsevar, ona yurt, mangu bo&#8217;l obod!<\/p>\n<p style=\"text-align: center;\">Naqorat:<\/p>\n<p style=\"text-align: center;\">Oltin bu vodiylar &#8211; jon O&#8217;zbekiston,<br \/>\nAjdodlar mardona ruhi senga yor!<br \/>\nUlug&#8217; xalq qudrati jo&#8217;sh urgan zamon,<br \/>\nOlamni mahliyo aylagan diyor!<\/p>\n<audio class=\"wp-audio-shortcode\" id=\"audio-64-7\" preload=\"none\" style=\"width: 100%;\" controls=\"controls\"><source type=\"audio\/mpeg\" src=\"https:\/\/qqr.kasaba.uz\/wp-content\/uploads\/2021\/11\/uz_gimn.mp3?_=7\" \/><a href=\"https:\/\/qqr.kasaba.uz\/wp-content\/uploads\/2021\/11\/uz_gimn.mp3\">https:\/\/qqr.kasaba.uz\/wp-content\/uploads\/2021\/11\/uz_gimn.mp3<\/a><\/audio>\n<hr \/>\n<p class=\"ql-align-center\" style=\"text-align: center;\"><b>QORAQALPOG\u2018ISTON RESPUBLIKASI DAVLAT MADHIYASI<\/b><\/p>\n<p class=\"ql-align-center\">\u201cQoraqalpog\u2018iston Respublikasi davlat madhiyasi to\u2018g\u2018risida\u201dgi Nizom 24 dekabr, 1993 yilda Qoraqalpog\u2018iston Respublikasi Jo\u2018qorg\u2018i Kengesining XIV sessiyasida qabul qilingan.<\/p>\n<p>&nbsp;<\/p>\n<p style=\"text-align: center;\"><strong>I.Yusupov so&#8217;zi<\/strong><br \/>\n<strong>N. Muxammetdinov musiqasi<\/strong><\/p>\n<p style=\"text-align: center;\">&#8230;<\/p>\n<p style=\"text-align: center;\">Jayxun ja\u01f5as\u0131nda \u00f3sken bayterek,<br \/>\nT\u00fabi bir shaqas\u0131 m\u0131\u0144 bolar demek,<br \/>\nSen sonday sayal\u0131, quyashl\u0131 else\u0144,<br \/>\nT\u0131n\u0131shl\u0131q h\u00e1m \u0131\u01f5bal sendegi tilek.<\/p>\n<p style=\"text-align: center;\">Naqorat:<\/p>\n<p style=\"text-align: center;\">Diyxan baba n\u00e1pesi bar jerinde,<br \/>\nJuwsan a\u0144q\u0131p, kiyik qashar sh\u00f3linde,<br \/>\n\u00abQaraqalpaqstan\u00bb degen at\u0131\u0144d\u0131,<br \/>\n\u00c1wladlar \u00e1diwler j\u00farek t\u00f3rinde.<\/p>\n<p style=\"text-align: center;\">Ayd\u0131n keleshekke shaq\u0131rar zaman,<br \/>\nM\u00e1rtlik miynet, bilim jetkizer o\u01f5an,<br \/>\nXalq\u0131\u0144 bar azamat, dos h\u00e1m mehriban,<br \/>\nErkin jaynap\u2013jasna, m\u00e1ngi bol aman.<\/p>\n<p style=\"text-align: center;\">Naqorat:<\/p>\n<p style=\"text-align: center;\">Diyxan baba n\u00e1pesi bar jerinde,<br \/>\nJuwsan a\u0144q\u0131p, kiyik qashar sh\u00f3linde,<br \/>\n\u00abQaraqalpaqstan\u00bb degen at\u0131\u0144d\u0131,<br \/>\n\u00c1wladlar \u00e1diwler j\u00farek t\u00f3rinde.<\/p>\n<audio class=\"wp-audio-shortcode\" id=\"audio-64-8\" preload=\"none\" style=\"width: 100%;\" controls=\"controls\"><source type=\"audio\/mpeg\" src=\"https:\/\/qqr.kasaba.uz\/wp-content\/uploads\/2021\/11\/Qaraqalpaqstan_gimn.mp3?_=8\" \/><a href=\"https:\/\/qqr.kasaba.uz\/wp-content\/uploads\/2021\/11\/Qaraqalpaqstan_gimn.mp3\">https:\/\/qqr.kasaba.uz\/wp-content\/uploads\/2021\/11\/Qaraqalpaqstan_gimn.mp3<\/a><\/audio>\n<div id=\"gtx-trans\" style=\"position: absolute; left: 252px; top: 112px;\">\n<div class=\"gtx-trans-icon\"><\/div>\n<\/div>\n<p><\/p>","protected":false},"excerpt":{"rendered":"<p>O&#8217;ZBEKISTON RESPUBLIKASINING DAVLAT MADHIYASI O`zbekiston Respublikasi Davlat madhiyasining matni va musiqasi O`zbekiston Respublikasining\u00a01992 yil 10 dekabrdagi 768-XII-sonli\u00a0\u00abO`zbekiston Respublikasining Davlat madhiyasi [&hellip;]<\/p>\n","protected":false},"author":1,"featured_media":0,"parent":0,"menu_order":0,"comment_status":"closed","ping_status":"closed","template":"","meta":{"footnotes":""},"class_list":["post-64","page","type-page","status-publish","hentry"],"_links":{"self":[{"href":"https:\/\/qqr.kasaba.uz\/oz\/wp-json\/wp\/v2\/pages\/64","targetHints":{"allow":["GET"]}}],"collection":[{"href":"https:\/\/qqr.kasaba.uz\/oz\/wp-json\/wp\/v2\/pages"}],"about":[{"href":"https:\/\/qqr.kasaba.uz\/oz\/wp-json\/wp\/v2\/types\/page"}],"author":[{"embeddable":true,"href":"https:\/\/qqr.kasaba.uz\/oz\/wp-json\/wp\/v2\/users\/1"}],"replies":[{"embeddable":true,"href":"https:\/\/qqr.kasaba.uz\/oz\/wp-json\/wp\/v2\/comments?post=64"}],"version-history":[{"count":25,"href":"https:\/\/qqr.kasaba.uz\/oz\/wp-json\/wp\/v2\/pages\/64\/revisions"}],"predecessor-version":[{"id":931,"href":"https:\/\/qqr.kasaba.uz\/oz\/wp-json\/wp\/v2\/pages\/64\/revisions\/931"}],"wp:attachment":[{"href":"https:\/\/qqr.kasaba.uz\/oz\/wp-json\/wp\/v2\/media?parent=64"}],"curies":[{"name":"wp","href":"https:\/\/api.w.org\/{rel}","templated":true}]}}