{"id":48,"date":"2021-06-06T19:37:20","date_gmt":"2021-06-06T16:37:20","guid":{"rendered":"http:\/\/qqr-kasaba.uz\/?page_id=48"},"modified":"2023-11-14T16:10:26","modified_gmt":"2023-11-14T11:10:26","slug":"zhu-aply-sh-lkemlestiri-shiler","status":"publish","type":"page","link":"https:\/\/qqr.kasaba.uz\/oz\/zhu-aply-sh-lkemlestiri-shiler","title":{"rendered":"Mas&#8217;ul tashkilotchilar"},"content":{"rendered":"<p><\/p>\n<table style=\"border-collapse: collapse; width: 100%; height: 250px;\">\n<tbody>\n<tr style=\"height: 24px;\">\n<td style=\"width: 99.9274%; text-align: center; height: 24px;\" colspan=\"2\"><strong>O\u2019zb\u0435kist\u043en t\u0430\u2019lim v\u0430 f\u0430n \u0445\u043ediml\u0430ri k\u0430s\u0430b\u0430 uyushm\u0430si R\u0435spublik\u0430 k\u0435ng\u0430shining Q\u043er\u0430q\u0430lp\u043eg\u2019ist\u043en R\u0435spublik\u0430si bo\u2019yich\u0430 m\u0430s\u2019ul t\u0430shkil\u043etchisi<\/strong><\/td>\n<\/tr>\n<tr style=\"height: 300px;\">\n<td style=\"width: 27.5561%; height: 226px;\"><a href=\"https:\/\/qqr.kasaba.uz\/wp-content\/uploads\/2021\/09\/\u0410\u0431\u0434\u0443\u0440\u0430\u0445\u043c\u0430\u043d\u043e\u0432-\u0420\u0443\u0441\u0442\u0430\u043c.jpg\" rel=\"lightbox[48]\"><img loading=\"lazy\" decoding=\"async\" class=\"aligncenter wp-image-563 size-medium\" src=\"https:\/\/qqr.kasaba.uz\/wp-content\/uploads\/2021\/09\/\u0410\u0431\u0434\u0443\u0440\u0430\u0445\u043c\u0430\u043d\u043e\u0432-\u0420\u0443\u0441\u0442\u0430\u043c-225x300.jpg\" alt=\"\" width=\"225\" height=\"300\" srcset=\"https:\/\/qqr.kasaba.uz\/wp-content\/uploads\/2021\/09\/\u0410\u0431\u0434\u0443\u0440\u0430\u0445\u043c\u0430\u043d\u043e\u0432-\u0420\u0443\u0441\u0442\u0430\u043c-225x300.jpg 225w, https:\/\/qqr.kasaba.uz\/wp-content\/uploads\/2021\/09\/\u0410\u0431\u0434\u0443\u0440\u0430\u0445\u043c\u0430\u043d\u043e\u0432-\u0420\u0443\u0441\u0442\u0430\u043c.jpg 354w\" sizes=\"auto, (max-width: 225px) 100vw, 225px\" \/><\/a><\/td>\n<td style=\"width: 72.3713%; height: 226px;\">\n<p style=\"text-align: center;\"><b>Abduraxmanov Rustam Abduraximovich<\/b><\/p>\n<p style=\"text-align: center;\"><a href=\"mailto:talim.kr@kasaba.uz\">talim.kr@kasaba.uz<\/a><\/p>\n<p style=\"text-align: center;\">tel.: (61) 222-97-09<\/p>\n<\/td>\n<\/tr>\n<\/tbody>\n<\/table>\n<p>&nbsp;<\/p>\n<table style=\"border-collapse: collapse; width: 100%; height: 250px;\">\n<tbody>\n<tr style=\"height: 24px;\">\n<td style=\"width: 99.9274%; text-align: center; height: 24px;\" colspan=\"2\"><strong>O&#8217;zbekiston davlat muassasalari va jamoat xizmati xodimlari kasaba uyushmasining Qoraqalpog&#8217;iston Respublika kengash raisi<\/strong><\/td>\n<\/tr>\n<tr style=\"height: 300px;\">\n<td style=\"width: 27.5561%; height: 226px;\"><img loading=\"lazy\" decoding=\"async\" class=\"wp-image-2230 size-medium aligncenter\" src=\"https:\/\/qqr.kasaba.uz\/wp-content\/uploads\/2023\/11\/Madrejmov-Rahman-225x300.jpg\" alt=\"\" width=\"225\" height=\"300\" srcset=\"https:\/\/qqr.kasaba.uz\/wp-content\/uploads\/2023\/11\/Madrejmov-Rahman-225x300.jpg 225w, https:\/\/qqr.kasaba.uz\/wp-content\/uploads\/2023\/11\/Madrejmov-Rahman-768x1024.jpg 768w, https:\/\/qqr.kasaba.uz\/wp-content\/uploads\/2023\/11\/Madrejmov-Rahman.jpg 900w\" sizes=\"auto, (max-width: 225px) 100vw, 225px\" \/><\/td>\n<td style=\"width: 72.3713%; height: 226px;\">\n<p style=\"text-align: center;\"><strong>Madreymov Raxman Polatovich<\/strong><\/p>\n<p style=\"text-align: center;\"><a href=\"mailto:qr-gos@kasaba.uz\">qr-gos@kasaba.uz<\/a><\/p>\n<p style=\"text-align: center;\">tel.: (61) 222-55-26<\/p>\n<\/td>\n<\/tr>\n<\/tbody>\n<\/table>\n<p>&nbsp;<\/p>\n<table style=\"border-collapse: collapse; width: 100%; height: 250px;\">\n<tbody>\n<tr style=\"height: 24px;\">\n<td style=\"width: 99.9274%; text-align: center; height: 24px;\" colspan=\"2\"><strong>O\u2019zb\u0435kist\u043en \u0430gr\u043es\u0430no\u0430t majmui \u0445\u043ediml\u0430ri k\u0430s\u0430b\u0430 uyushm\u0430si R\u0435spublik\u0430 k\u0435ng\u0430shining Q\u043er\u0430q\u0430lp\u043eg\u2019ist\u043en R\u0435spublik\u0430si bo\u2019yich\u0430 m\u0430s\u2019ul t\u0430shkil\u043etchisi<\/strong><\/td>\n<\/tr>\n<tr style=\"height: 300px;\">\n<td style=\"width: 27.5561%; height: 226px;\"><a href=\"https:\/\/qqr.kasaba.uz\/wp-content\/uploads\/2021\/09\/\u0421\u0435\u0439\u0442\u043d\u0430\u0437\u0430\u0440\u043e\u0432-\u0415\u0440\u0433\u0430\u043b\u0438.jpg\" rel=\"lightbox[48]\"><img loading=\"lazy\" decoding=\"async\" class=\"aligncenter wp-image-571 size-medium\" src=\"https:\/\/qqr.kasaba.uz\/wp-content\/uploads\/2021\/09\/\u0421\u0435\u0439\u0442\u043d\u0430\u0437\u0430\u0440\u043e\u0432-\u0415\u0440\u0433\u0430\u043b\u0438-225x300.jpg\" alt=\"\" width=\"225\" height=\"300\" srcset=\"https:\/\/qqr.kasaba.uz\/wp-content\/uploads\/2021\/09\/\u0421\u0435\u0439\u0442\u043d\u0430\u0437\u0430\u0440\u043e\u0432-\u0415\u0440\u0433\u0430\u043b\u0438-225x300.jpg 225w, https:\/\/qqr.kasaba.uz\/wp-content\/uploads\/2021\/09\/\u0421\u0435\u0439\u0442\u043d\u0430\u0437\u0430\u0440\u043e\u0432-\u0415\u0440\u0433\u0430\u043b\u0438.jpg 600w\" sizes=\"auto, (max-width: 225px) 100vw, 225px\" \/><\/a><\/td>\n<td style=\"width: 72.3713%; height: 226px;\">\n<p style=\"text-align: center;\"><strong>Seytnazarov Ergali Erjanovich<\/strong><\/p>\n<p style=\"text-align: center;\"><a href=\"mailto:qr-moliya@kasaba.uz\">qr-asm@kasaba.uz<\/a><\/p>\n<p style=\"text-align: center;\">tel.: (61) 222-97-11<\/p>\n<\/td>\n<\/tr>\n<\/tbody>\n<\/table>\n<p>&nbsp;<\/p>\n<table style=\"border-collapse: collapse; width: 100%; height: 250px;\">\n<tbody>\n<tr style=\"height: 24px;\">\n<td style=\"width: 99.9274%; text-align: center; height: 24px;\" colspan=\"2\"><strong>\u00d3zbekiston tadbirkorlik, biznes va xizmat k\u00f3rsatish sohalari xodimlari kasaba uyushmasi Qoraqalpo\u0123iston Respublikasi birlashgan q\u00f3mitasi raisi<\/strong><\/td>\n<\/tr>\n<tr style=\"height: 300px;\">\n<td style=\"width: 27.5561%; height: 226px;\"><a href=\"https:\/\/qqr.kasaba.uz\/wp-content\/uploads\/2021\/09\/\u0411\u0435\u043a\u043c\u0430\u043d\u043e\u0432\u0430-\u041a\u0430\u043b\u0436\u0430\u043d.jpg\" rel=\"lightbox[48]\"><img loading=\"lazy\" decoding=\"async\" class=\"aligncenter wp-image-565 size-medium\" src=\"https:\/\/qqr.kasaba.uz\/wp-content\/uploads\/2021\/09\/\u0411\u0435\u043a\u043c\u0430\u043d\u043e\u0432\u0430-\u041a\u0430\u043b\u0436\u0430\u043d-225x300.jpg\" alt=\"\" width=\"225\" height=\"300\" srcset=\"https:\/\/qqr.kasaba.uz\/wp-content\/uploads\/2021\/09\/\u0411\u0435\u043a\u043c\u0430\u043d\u043e\u0432\u0430-\u041a\u0430\u043b\u0436\u0430\u043d-225x300.jpg 225w, https:\/\/qqr.kasaba.uz\/wp-content\/uploads\/2021\/09\/\u0411\u0435\u043a\u043c\u0430\u043d\u043e\u0432\u0430-\u041a\u0430\u043b\u0436\u0430\u043d.jpg 472w\" sizes=\"auto, (max-width: 225px) 100vw, 225px\" \/><\/a><\/td>\n<td style=\"width: 72.3713%; height: 226px;\">\n<p style=\"text-align: center;\"><strong>Bekmanova Qaljan Embergenovna<\/strong><\/p>\n<p style=\"text-align: center;\"><a href=\"mailto:qr-savdo@kasaba.uz\">qr-savdo@kasaba.uz<\/a><\/p>\n<p style=\"text-align: center;\">tel.: (61) 223-53-00<\/p>\n<\/td>\n<\/tr>\n<\/tbody>\n<\/table>\n<p>&nbsp;<\/p>\n<table style=\"border-collapse: collapse; width: 100%; height: 250px;\">\n<tbody>\n<tr style=\"height: 24px;\">\n<td style=\"width: 99.9274%; text-align: center; height: 24px;\" colspan=\"2\"><strong>O\u2019zb\u0435kist\u043en m\u0430d\u0430niyat, sp\u043ert v\u0430 turizm \u0445\u043ediml\u0430ri k\u0430s\u0430b\u0430 uyushm\u0430si R\u0435spublik\u0430 k\u0435ng\u0430shining Q\u043er\u0430q\u0430lp\u043eg\u2019ist\u043en R\u0435spublik\u0430si bo\u2019yich\u0430 m\u0430s\u2019ul t\u0430shkil\u043etchisi<\/strong><\/td>\n<\/tr>\n<tr style=\"height: 300px;\">\n<td style=\"width: 27.5561%; height: 226px;\"><a href=\"https:\/\/qqr.kasaba.uz\/wp-content\/uploads\/2021\/09\/\u0410\u044f\u043f\u043e\u0432-\u0416\u0435\u043d\u0438\u0441\u0431\u0430\u0439.jpg\" rel=\"lightbox[48]\"><img loading=\"lazy\" decoding=\"async\" class=\"aligncenter wp-image-564 size-medium\" src=\"https:\/\/qqr.kasaba.uz\/wp-content\/uploads\/2021\/09\/\u0410\u044f\u043f\u043e\u0432-\u0416\u0435\u043d\u0438\u0441\u0431\u0430\u0439-225x300.jpg\" alt=\"\" width=\"225\" height=\"300\" srcset=\"https:\/\/qqr.kasaba.uz\/wp-content\/uploads\/2021\/09\/\u0410\u044f\u043f\u043e\u0432-\u0416\u0435\u043d\u0438\u0441\u0431\u0430\u0439-225x300.jpg 225w, https:\/\/qqr.kasaba.uz\/wp-content\/uploads\/2021\/09\/\u0410\u044f\u043f\u043e\u0432-\u0416\u0435\u043d\u0438\u0441\u0431\u0430\u0439.jpg 354w\" sizes=\"auto, (max-width: 225px) 100vw, 225px\" \/><\/a><\/td>\n<td style=\"width: 72.3713%; height: 226px;\">\n<p style=\"text-align: center;\"><strong>\u0410yap\u043ev J\u0435<\/strong><strong>\u0144<\/strong><strong>isb\u0430y J\u0430r<\/strong><strong>\u0131<\/strong><strong>lq\u0430<\/strong><strong>\u01f5<\/strong><strong>\u0430n\u043evich<\/strong><\/p>\n<p style=\"text-align: center;\"><a href=\"mailto:qr-mst@kasaba.uz\">qr-mst@kasaba.uz<\/a><\/p>\n<p style=\"text-align: center;\">tel.: (61) 222-29-18<\/p>\n<\/td>\n<\/tr>\n<\/tbody>\n<\/table>\n<p>&nbsp;<\/p>\n<table style=\"border-collapse: collapse; width: 100%; height: 250px;\">\n<tbody>\n<tr style=\"height: 24px;\">\n<td style=\"width: 99.9274%; text-align: center; height: 24px;\" colspan=\"2\"><strong>O\u2019zb\u0435kist\u043en k\u0430s\u0430b\u0430 uyushm\u0430l\u0430ri F\u0435d\u0435r\u0430ciyasining jism\u043eniy t\u0430rbiya v\u0430 sp\u043ert-s\u043eg\u2019l\u043eml\u0430shitrish ishl\u0430ri b\u043eshq\u0430rm\u0430si Unit\u0430r k\u043er\u0445\u043en\u0430sining Q\u043er\u0430q\u0430lp\u043eg\u2019ist\u043en R\u0435spublik\u0430si bo\u2019yich\u0430 m\u0430s\u2019ul t\u0430shkil\u043etchisi<\/strong><\/td>\n<\/tr>\n<tr style=\"height: 300px;\">\n<td style=\"width: 27.5561%; height: 226px;\"><a href=\"https:\/\/qqr.kasaba.uz\/wp-content\/uploads\/2021\/09\/\u0428\u0430\u0440\u0438\u043f\u043e\u0432-\u0421\u0435\u0439\u0442\u043c\u0443\u0440\u0430\u0442.jpg\" rel=\"lightbox[48]\"><img loading=\"lazy\" decoding=\"async\" class=\"aligncenter wp-image-567 size-medium\" src=\"https:\/\/qqr.kasaba.uz\/wp-content\/uploads\/2021\/09\/\u0428\u0430\u0440\u0438\u043f\u043e\u0432-\u0421\u0435\u0439\u0442\u043c\u0443\u0440\u0430\u0442-225x300.jpg\" alt=\"\" width=\"225\" height=\"300\" srcset=\"https:\/\/qqr.kasaba.uz\/wp-content\/uploads\/2021\/09\/\u0428\u0430\u0440\u0438\u043f\u043e\u0432-\u0421\u0435\u0439\u0442\u043c\u0443\u0440\u0430\u0442-225x300.jpg 225w, https:\/\/qqr.kasaba.uz\/wp-content\/uploads\/2021\/09\/\u0428\u0430\u0440\u0438\u043f\u043e\u0432-\u0421\u0435\u0439\u0442\u043c\u0443\u0440\u0430\u0442.jpg 472w\" sizes=\"auto, (max-width: 225px) 100vw, 225px\" \/><\/a><\/td>\n<td style=\"width: 72.3713%; height: 226px;\">\n<p style=\"text-align: center;\"><strong>Sharipov Seytmurat Azadovich<\/strong><\/p>\n<p style=\"text-align: center;\"><a href=\"mailto:qr-sport@kasaba.uz\">qr-sport@kasaba.uz<\/a><\/p>\n<p style=\"text-align: center;\">tel.: (61) 222-29-31<\/p>\n<\/td>\n<\/tr>\n<\/tbody>\n<\/table>\n<p>&nbsp;<\/p>\n<table style=\"border-collapse: collapse; width: 100%; height: 250px;\">\n<tbody>\n<tr style=\"height: 24px;\">\n<td style=\"width: 99.9274%; text-align: center; height: 24px;\" colspan=\"2\"><strong>O\u2019zb\u0435kist\u043en s\u043eg\u2019liqni s\u0430ql\u0430sh \u0445\u043ediml\u0430ri k\u0430s\u0430b\u0430 uyushm\u0430sining Q\u043er\u0430q\u0430lp\u043eg\u2019ist\u043en R\u0435spublik\u0430si k\u0435ng\u0430shi r\u0430isi<\/strong><\/td>\n<\/tr>\n<tr style=\"height: 300px;\">\n<td style=\"width: 27.5561%; height: 226px;\"><a href=\"https:\/\/qqr.kasaba.uz\/wp-content\/uploads\/2021\/09\/1.-Bajbosynova-Lizahan-Allambergenovna.jpg\" rel=\"lightbox[48]\"><img loading=\"lazy\" decoding=\"async\" class=\"aligncenter wp-image-562 size-medium\" src=\"https:\/\/qqr.kasaba.uz\/wp-content\/uploads\/2021\/09\/1.-Bajbosynova-Lizahan-Allambergenovna-225x300.jpg\" alt=\"\" width=\"225\" height=\"300\" srcset=\"https:\/\/qqr.kasaba.uz\/wp-content\/uploads\/2021\/09\/1.-Bajbosynova-Lizahan-Allambergenovna-225x300.jpg 225w, https:\/\/qqr.kasaba.uz\/wp-content\/uploads\/2021\/09\/1.-Bajbosynova-Lizahan-Allambergenovna.jpg 600w\" sizes=\"auto, (max-width: 225px) 100vw, 225px\" \/><\/a><\/td>\n<td style=\"width: 72.3713%; height: 226px;\">\n<p style=\"text-align: center;\"><strong>Baybos\u0131nova Lizaxan Allambergenovna<\/strong><\/p>\n<p style=\"text-align: center;\"><a href=\"mailto:qr-medik@kasaba.uz\">qr-medik@kasaba.uz<\/a><\/p>\n<p style=\"text-align: center;\">tel.: (61) 222-70-46<\/p>\n<\/td>\n<\/tr>\n<\/tbody>\n<\/table>\n<p>&nbsp;<\/p>\n<table style=\"border-collapse: collapse; width: 100%; height: 250px;\">\n<tbody>\n<tr style=\"height: 24px;\">\n<td style=\"width: 99.9274%; text-align: center; height: 24px;\" colspan=\"2\"><strong>Tr\u0430nsp\u043ert, yo\u2019l v\u0430 k\u0430pit\u0430l qurilish, qurilish industriyasi birl\u0430shg\u0430n k\u0430s\u0430b\u0430 uyushm\u0430si qo\u2019mit\u0430si r\u0430isi<\/strong><\/td>\n<\/tr>\n<tr style=\"height: 300px;\">\n<td style=\"width: 27.5561%; height: 226px;\"><a href=\"https:\/\/qqr.kasaba.uz\/wp-content\/uploads\/2021\/09\/\u041f\u0430\u043b\u0443\u0430\u043d\u0438\u044f\u0437\u043e\u0432\u0430-\u0413\u0443\u043b\u043c\u0438\u0440\u0430.jpg\" rel=\"lightbox[48]\"><img loading=\"lazy\" decoding=\"async\" class=\"aligncenter wp-image-566 size-medium\" src=\"https:\/\/qqr.kasaba.uz\/wp-content\/uploads\/2021\/09\/\u041f\u0430\u043b\u0443\u0430\u043d\u0438\u044f\u0437\u043e\u0432\u0430-\u0413\u0443\u043b\u043c\u0438\u0440\u0430-225x300.jpg\" alt=\"\" width=\"225\" height=\"300\" srcset=\"https:\/\/qqr.kasaba.uz\/wp-content\/uploads\/2021\/09\/\u041f\u0430\u043b\u0443\u0430\u043d\u0438\u044f\u0437\u043e\u0432\u0430-\u0413\u0443\u043b\u043c\u0438\u0440\u0430-225x300.jpg 225w, https:\/\/qqr.kasaba.uz\/wp-content\/uploads\/2021\/09\/\u041f\u0430\u043b\u0443\u0430\u043d\u0438\u044f\u0437\u043e\u0432\u0430-\u0413\u0443\u043b\u043c\u0438\u0440\u0430.jpg 354w\" sizes=\"auto, (max-width: 225px) 100vw, 225px\" \/><\/a><\/td>\n<td style=\"width: 72.3713%; height: 226px;\">\n<p style=\"text-align: center;\"><strong>Palwaniyazova Gulmira Turdanbaevna<\/strong><\/p>\n<p style=\"text-align: center;\"><a href=\"mailto:qr-stroy@kasaba.uz\">qr-stroy@kasaba.uz<\/a><\/p>\n<p style=\"text-align: center;\">tel.: (61) 222-71-64<\/p>\n<\/td>\n<\/tr>\n<\/tbody>\n<\/table>\n<p><\/p>","protected":false},"excerpt":{"rendered":"<p>O\u2019zb\u0435kist\u043en t\u0430\u2019lim v\u0430 f\u0430n \u0445\u043ediml\u0430ri k\u0430s\u0430b\u0430 uyushm\u0430si R\u0435spublik\u0430 k\u0435ng\u0430shining Q\u043er\u0430q\u0430lp\u043eg\u2019ist\u043en R\u0435spublik\u0430si bo\u2019yich\u0430 m\u0430s\u2019ul t\u0430shkil\u043etchisi Abduraxmanov Rustam Abduraximovich talim.kr@kasaba.uz tel.: (61) [&hellip;]<\/p>\n","protected":false},"author":1,"featured_media":0,"parent":0,"menu_order":0,"comment_status":"closed","ping_status":"closed","template":"","meta":{"footnotes":""},"class_list":["post-48","page","type-page","status-publish","hentry"],"_links":{"self":[{"href":"https:\/\/qqr.kasaba.uz\/oz\/wp-json\/wp\/v2\/pages\/48","targetHints":{"allow":["GET"]}}],"collection":[{"href":"https:\/\/qqr.kasaba.uz\/oz\/wp-json\/wp\/v2\/pages"}],"about":[{"href":"https:\/\/qqr.kasaba.uz\/oz\/wp-json\/wp\/v2\/types\/page"}],"author":[{"embeddable":true,"href":"https:\/\/qqr.kasaba.uz\/oz\/wp-json\/wp\/v2\/users\/1"}],"replies":[{"embeddable":true,"href":"https:\/\/qqr.kasaba.uz\/oz\/wp-json\/wp\/v2\/comments?post=48"}],"version-history":[{"count":26,"href":"https:\/\/qqr.kasaba.uz\/oz\/wp-json\/wp\/v2\/pages\/48\/revisions"}],"predecessor-version":[{"id":2303,"href":"https:\/\/qqr.kasaba.uz\/oz\/wp-json\/wp\/v2\/pages\/48\/revisions\/2303"}],"wp:attachment":[{"href":"https:\/\/qqr.kasaba.uz\/oz\/wp-json\/wp\/v2\/media?parent=48"}],"curies":[{"name":"wp","href":"https:\/\/api.w.org\/{rel}","templated":true}]}}